{"id":17007,"date":"2026-02-05T11:24:49","date_gmt":"2026-02-05T17:24:49","guid":{"rendered":"https:\/\/tiendaenlinea.productoselzorro.com\/?post_type=product&#038;p=17007"},"modified":"2026-02-05T11:30:19","modified_gmt":"2026-02-05T17:30:19","slug":"alta-en-el-directorio","status":"publish","type":"product","link":"https:\/\/tiendaenlinea.productoselzorro.com\/en\/product\/alta-en-el-directorio\/","title":{"rendered":"Alta en el directorio"},"content":{"rendered":"<h2 class=\"elementor-heading-title elementor-size-default elementor-inline-editing pen\" contenteditable=\"true\" data-elementor-setting-key=\"title\" data-pen-placeholder=\"Teclea aqu\u00ed...\">\u00bfAlta en el directorio?\u200b<\/h2>\n<p>De antemano te damos la gracias por el inter\u00e9s de darte de alta en el directorio de esta p\u00e1gina web. Queremos contarte que en febrero 2026 esta p\u00e1gina comenz\u00f3 su funcionamiento oficial. Esperamos que al menos 100 personas visiten la p\u00e1gina por d\u00eda, alcanzando los 200 visitantes diarios el siguiente mes. Los visitantes a la p\u00e1gina son personas que est\u00e1n organizandose para hacer una fiesta o reuni\u00f3n de todo tipo. Es por eso que nuestro objetivo principal son la dulcer\u00eda y desechables, \u00e1un cuando cubrimos otros tipos de productos.<\/p>\n<h2 class=\"elementor-heading-title elementor-size-default elementor-inline-editing pen\" contenteditable=\"true\" data-elementor-setting-key=\"title\" data-pen-placeholder=\"Teclea aqu\u00ed...\">\u00bfCuando se comenzar\u00e9 a pagar por mi anuncio?\u200b<\/h2>\n<p>Tu anuncio puede llevar el nombre de tu negocio, 3 imagenes tipo fliers como encabezado, podras incluir redes sociales, pagina web, whatsapp y una carta de servicios que el cliente le permita encontrar si es el servicio que necesita para su evento. Posteriomente estaremos ofreciendo la opcion de integrar una mini pagina web con elementos como videos e integrarlos a la experiencia, con un dominio web dichas funciones ser\u00e1n completamente opciones y con costo extra.<\/p>\n<p>Se espera que a partir de abril 2026, comencemos a contactar a los anunciantes que forman parte del directorio para preguntar si continuar\u00e1n vigentes en el directorio o bien apagar el anuncio.<\/p>\n<h2 class=\"elementor-heading-title elementor-size-default elementor-inline-editing pen\" contenteditable=\"true\" data-elementor-setting-key=\"title\" data-pen-placeholder=\"Teclea aqu\u00ed...\">\u00bfCuando se comenzar\u00e9 a pagar por mi anuncio?\u200b<\/h2>\n<p>Consigue que mas personas te conozcan y\u00a0 por una inversion muy baja, es la oportunidad que tienes para conseguir nuevos clientes y que tu negocio crezca.<\/p>\n<h2 class=\"elementor-heading-title elementor-size-default elementor-inline-editing pen\" contenteditable=\"true\" data-elementor-setting-key=\"title\" data-pen-placeholder=\"Teclea aqu\u00ed...\">\u00bfDUDAS?\u200b<\/h2>\n<p>Sabemos que podrias tener dudas sobre este servicio, de cualquier forma puedes contactarnos a nuestro whatsApp y aclarar dudas al <a href=\"https:\/\/api.whatsapp.com\/send?phone=+524426805315&amp;text=Hola,%20me%20podrian%20apoyar%20con%20la%20informacion%20sobre%20el%20alta%20al%20directorio\">4426805315<\/a><\/p>","protected":false},"excerpt":{"rendered":"<p>-Incluye un mes de servicio.<\/p>\n<p>-Se contactara por via whatsapp o telefono para definir el anuncio.<\/p>","protected":false},"featured_media":17009,"comment_status":"closed","ping_status":"closed","template":"","meta":[],"product_brand":[],"product_cat":[701],"product_tag":[],"class_list":{"0":"post-17007","1":"product","2":"type-product","3":"status-publish","4":"has-post-thumbnail","6":"product_cat-servicio-directorio","8":"first","9":"onbackorder","10":"sale","11":"virtual","12":"sold-individually","13":"taxable","14":"purchasable","15":"product-type-simple"},"jetpack_sharing_enabled":true,"_links":{"self":[{"href":"https:\/\/tiendaenlinea.productoselzorro.com\/en\/wp-json\/wp\/v2\/product\/17007","targetHints":{"allow":["GET"]}}],"collection":[{"href":"https:\/\/tiendaenlinea.productoselzorro.com\/en\/wp-json\/wp\/v2\/product"}],"about":[{"href":"https:\/\/tiendaenlinea.productoselzorro.com\/en\/wp-json\/wp\/v2\/types\/product"}],"replies":[{"embeddable":true,"href":"https:\/\/tiendaenlinea.productoselzorro.com\/en\/wp-json\/wp\/v2\/comments?post=17007"}],"version-history":[{"count":7,"href":"https:\/\/tiendaenlinea.productoselzorro.com\/en\/wp-json\/wp\/v2\/product\/17007\/revisions"}],"predecessor-version":[{"id":17023,"href":"https:\/\/tiendaenlinea.productoselzorro.com\/en\/wp-json\/wp\/v2\/product\/17007\/revisions\/17023"}],"wp:featuredmedia":[{"embeddable":true,"href":"https:\/\/tiendaenlinea.productoselzorro.com\/en\/wp-json\/wp\/v2\/media\/17009"}],"wp:attachment":[{"href":"https:\/\/tiendaenlinea.productoselzorro.com\/en\/wp-json\/wp\/v2\/media?parent=17007"}],"wp:term":[{"taxonomy":"product_brand","embeddable":true,"href":"https:\/\/tiendaenlinea.productoselzorro.com\/en\/wp-json\/wp\/v2\/product_brand?post=17007"},{"taxonomy":"product_cat","embeddable":true,"href":"https:\/\/tiendaenlinea.productoselzorro.com\/en\/wp-json\/wp\/v2\/product_cat?post=17007"},{"taxonomy":"product_tag","embeddable":true,"href":"https:\/\/tiendaenlinea.productoselzorro.com\/en\/wp-json\/wp\/v2\/product_tag?post=17007"}],"curies":[{"name":"wp","href":"https:\/\/api.w.org\/{rel}","templated":true}]}}