{"id":16546,"date":"2026-01-26T12:58:25","date_gmt":"2026-01-26T18:58:25","guid":{"rendered":"https:\/\/tiendaenlinea.productoselzorro.com\/?post_type=product&#038;p=16546"},"modified":"2026-01-26T12:58:26","modified_gmt":"2026-01-26T18:58:26","slug":"papel-higienico-kleenex-cottonelle-elegance-c4-pzas","status":"publish","type":"product","link":"https:\/\/tiendaenlinea.productoselzorro.com\/en\/product\/papel-higienico-kleenex-cottonelle-elegance-c4-pzas\/","title":{"rendered":"Papel Higi\u00e9nico Kleenex Cottonelle Elegance C4 PZAS"},"content":{"rendered":"<p>Kleenex Cottonelle Elegance es un producto Premium, que gracias a su tecnolog\u00eda sedosa con fibras de algod\u00f3n de alta calidad, te brindar\u00e1 una experiencia \u00fanica de suavidad y resistencia. Adicionado con una deleitante fragancia de flor de Magnolia.<\/p>","protected":false},"excerpt":{"rendered":"<p>Kleenex Cottonelle Elegance es un producto Premium, que gracias a su tecnolog\u00eda sedosa con fibras de algod\u00f3n de alta calidad, te brindar\u00e1 una experiencia \u00fanica de suavidad y resistencia. Adicionado&#8230;<\/p>","protected":false},"featured_media":16547,"comment_status":"open","ping_status":"closed","template":"","meta":[],"product_brand":[],"product_cat":[678],"product_tag":[],"class_list":{"0":"post-16546","1":"product","2":"type-product","3":"status-publish","4":"has-post-thumbnail","6":"product_cat-papel-higienico-abarrotes","8":"first","9":"instock","10":"taxable","11":"shipping-taxable","12":"purchasable","13":"product-type-simple"},"jetpack_sharing_enabled":true,"_links":{"self":[{"href":"https:\/\/tiendaenlinea.productoselzorro.com\/en\/wp-json\/wp\/v2\/product\/16546","targetHints":{"allow":["GET"]}}],"collection":[{"href":"https:\/\/tiendaenlinea.productoselzorro.com\/en\/wp-json\/wp\/v2\/product"}],"about":[{"href":"https:\/\/tiendaenlinea.productoselzorro.com\/en\/wp-json\/wp\/v2\/types\/product"}],"replies":[{"embeddable":true,"href":"https:\/\/tiendaenlinea.productoselzorro.com\/en\/wp-json\/wp\/v2\/comments?post=16546"}],"version-history":[{"count":0,"href":"https:\/\/tiendaenlinea.productoselzorro.com\/en\/wp-json\/wp\/v2\/product\/16546\/revisions"}],"wp:featuredmedia":[{"embeddable":true,"href":"https:\/\/tiendaenlinea.productoselzorro.com\/en\/wp-json\/wp\/v2\/media\/16547"}],"wp:attachment":[{"href":"https:\/\/tiendaenlinea.productoselzorro.com\/en\/wp-json\/wp\/v2\/media?parent=16546"}],"wp:term":[{"taxonomy":"product_brand","embeddable":true,"href":"https:\/\/tiendaenlinea.productoselzorro.com\/en\/wp-json\/wp\/v2\/product_brand?post=16546"},{"taxonomy":"product_cat","embeddable":true,"href":"https:\/\/tiendaenlinea.productoselzorro.com\/en\/wp-json\/wp\/v2\/product_cat?post=16546"},{"taxonomy":"product_tag","embeddable":true,"href":"https:\/\/tiendaenlinea.productoselzorro.com\/en\/wp-json\/wp\/v2\/product_tag?post=16546"}],"curies":[{"name":"wp","href":"https:\/\/api.w.org\/{rel}","templated":true}]}}