{"id":16538,"date":"2026-01-23T17:00:47","date_gmt":"2026-01-23T23:00:47","guid":{"rendered":"https:\/\/tiendaenlinea.productoselzorro.com\/?post_type=product&#038;p=16538"},"modified":"2026-01-23T17:01:58","modified_gmt":"2026-01-23T23:01:58","slug":"detergente-liquido-vel-rosita-delicada-1l","status":"publish","type":"product","link":"https:\/\/tiendaenlinea.productoselzorro.com\/en\/product\/detergente-liquido-vel-rosita-delicada-1l\/","title":{"rendered":"Detergente L\u00edquido Vel Rosita Delicada 1L"},"content":{"rendered":"<p>Shampoo para ropa l\u00edquido Vel Rosita para ropa delicada, te permitir\u00e1 darle a cada una de tus prendas el cuidado que merecen para lucir como nuevas, su f\u00f3rmula ayuda a mantener el color y textura original con un suave aroma por m\u00e1s tiempo.<\/p>","protected":false},"excerpt":{"rendered":"<p>Shampoo para ropa l\u00edquido Vel Rosita para ropa delicada, te permitir\u00e1 darle a cada una de tus prendas el cuidado que merecen para lucir como nuevas, su f\u00f3rmula ayuda a&#8230;<\/p>","protected":false},"featured_media":16539,"comment_status":"closed","ping_status":"closed","template":"","meta":[],"product_brand":[676],"product_cat":[492],"product_tag":[],"class_list":{"0":"post-16538","1":"product","2":"type-product","3":"status-publish","4":"has-post-thumbnail","6":"product_brand-vel-rosita","7":"product_cat-cuidadodelaropa","9":"first","10":"instock","11":"taxable","12":"shipping-taxable","13":"purchasable","14":"product-type-simple"},"jetpack_sharing_enabled":true,"_links":{"self":[{"href":"https:\/\/tiendaenlinea.productoselzorro.com\/en\/wp-json\/wp\/v2\/product\/16538","targetHints":{"allow":["GET"]}}],"collection":[{"href":"https:\/\/tiendaenlinea.productoselzorro.com\/en\/wp-json\/wp\/v2\/product"}],"about":[{"href":"https:\/\/tiendaenlinea.productoselzorro.com\/en\/wp-json\/wp\/v2\/types\/product"}],"replies":[{"embeddable":true,"href":"https:\/\/tiendaenlinea.productoselzorro.com\/en\/wp-json\/wp\/v2\/comments?post=16538"}],"version-history":[{"count":0,"href":"https:\/\/tiendaenlinea.productoselzorro.com\/en\/wp-json\/wp\/v2\/product\/16538\/revisions"}],"wp:featuredmedia":[{"embeddable":true,"href":"https:\/\/tiendaenlinea.productoselzorro.com\/en\/wp-json\/wp\/v2\/media\/16539"}],"wp:attachment":[{"href":"https:\/\/tiendaenlinea.productoselzorro.com\/en\/wp-json\/wp\/v2\/media?parent=16538"}],"wp:term":[{"taxonomy":"product_brand","embeddable":true,"href":"https:\/\/tiendaenlinea.productoselzorro.com\/en\/wp-json\/wp\/v2\/product_brand?post=16538"},{"taxonomy":"product_cat","embeddable":true,"href":"https:\/\/tiendaenlinea.productoselzorro.com\/en\/wp-json\/wp\/v2\/product_cat?post=16538"},{"taxonomy":"product_tag","embeddable":true,"href":"https:\/\/tiendaenlinea.productoselzorro.com\/en\/wp-json\/wp\/v2\/product_tag?post=16538"}],"curies":[{"name":"wp","href":"https:\/\/api.w.org\/{rel}","templated":true}]}}