{"id":16176,"date":"2026-01-14T14:00:03","date_gmt":"2026-01-14T20:00:03","guid":{"rendered":"https:\/\/tiendaenlinea.productoselzorro.com\/?post_type=product&#038;p=16176"},"modified":"2026-01-14T14:00:17","modified_gmt":"2026-01-14T20:00:17","slug":"chocoreta-ricolino-500-g","status":"publish","type":"product","link":"https:\/\/tiendaenlinea.productoselzorro.com\/en\/product\/chocoreta-ricolino-500-g\/","title":{"rendered":"Chocoreta Ricolino 500 G"},"content":{"rendered":"<p>Las Chocoretas son deliciosas bolitas de chocolate con una cubierta de menta, una combinaci\u00f3n perfecta para los amantes del dulce. Al probarlas, experimentar\u00e1s una experiencia de sabor \u00fanica e inigualable. Este producto es una creaci\u00f3n de la reconocida marca Ricolino, garantizando su alta calidad y sabor inconfundible.<\/p>","protected":false},"excerpt":{"rendered":"<ul class=\"ui-vpp-highlighted-specs__features-list\">\n<li class=\"ui-vpp-highlighted-specs__features-list-item ui-pdp-color--BLACK ui-pdp-size--XSMALL ui-pdp-family--REGULAR\">Bolsa de 500 g, ideal para compartir o disfrutar a lo largo del tiempo.<\/li>\n<li class=\"ui-vpp-highlighted-specs__features-list-item ui-pdp-color--BLACK ui-pdp-size--XSMALL ui-pdp-family--REGULAR\">Formato de luneta, c\u00f3modo y f\u00e1cil de comer.<\/li>\n<li class=\"ui-vpp-highlighted-specs__features-list-item ui-pdp-color--BLACK ui-pdp-size--XSMALL ui-pdp-family--REGULAR\">Sabor intenso de chocolate combinado con frescura de menta.<\/li>\n<li class=\"ui-vpp-highlighted-specs__features-list-item ui-pdp-color--BLACK ui-pdp-size--XSMALL ui-pdp-family--REGULAR\">No contiene gluten, apto para quienes no tienen restricciones diet\u00e9ticas.<\/li>\n<\/ul>","protected":false},"featured_media":16177,"comment_status":"open","ping_status":"closed","template":"","meta":[],"product_brand":[381],"product_cat":[605],"product_tag":[],"class_list":{"0":"post-16176","1":"product","2":"type-product","3":"status-publish","4":"has-post-thumbnail","6":"product_brand-ricolino","7":"product_cat-mesadesnacks","9":"first","10":"instock","11":"taxable","12":"shipping-taxable","13":"purchasable","14":"product-type-simple"},"jetpack_sharing_enabled":true,"_links":{"self":[{"href":"https:\/\/tiendaenlinea.productoselzorro.com\/en\/wp-json\/wp\/v2\/product\/16176","targetHints":{"allow":["GET"]}}],"collection":[{"href":"https:\/\/tiendaenlinea.productoselzorro.com\/en\/wp-json\/wp\/v2\/product"}],"about":[{"href":"https:\/\/tiendaenlinea.productoselzorro.com\/en\/wp-json\/wp\/v2\/types\/product"}],"replies":[{"embeddable":true,"href":"https:\/\/tiendaenlinea.productoselzorro.com\/en\/wp-json\/wp\/v2\/comments?post=16176"}],"version-history":[{"count":0,"href":"https:\/\/tiendaenlinea.productoselzorro.com\/en\/wp-json\/wp\/v2\/product\/16176\/revisions"}],"wp:featuredmedia":[{"embeddable":true,"href":"https:\/\/tiendaenlinea.productoselzorro.com\/en\/wp-json\/wp\/v2\/media\/16177"}],"wp:attachment":[{"href":"https:\/\/tiendaenlinea.productoselzorro.com\/en\/wp-json\/wp\/v2\/media?parent=16176"}],"wp:term":[{"taxonomy":"product_brand","embeddable":true,"href":"https:\/\/tiendaenlinea.productoselzorro.com\/en\/wp-json\/wp\/v2\/product_brand?post=16176"},{"taxonomy":"product_cat","embeddable":true,"href":"https:\/\/tiendaenlinea.productoselzorro.com\/en\/wp-json\/wp\/v2\/product_cat?post=16176"},{"taxonomy":"product_tag","embeddable":true,"href":"https:\/\/tiendaenlinea.productoselzorro.com\/en\/wp-json\/wp\/v2\/product_tag?post=16176"}],"curies":[{"name":"wp","href":"https:\/\/api.w.org\/{rel}","templated":true}]}}