{"id":16162,"date":"2026-01-14T11:23:09","date_gmt":"2026-01-14T17:23:09","guid":{"rendered":"https:\/\/tiendaenlinea.productoselzorro.com\/?post_type=product&#038;p=16162"},"modified":"2026-01-14T11:23:10","modified_gmt":"2026-01-14T17:23:10","slug":"salsa-verde-la-costena-220-g","status":"publish","type":"product","link":"https:\/\/tiendaenlinea.productoselzorro.com\/en\/product\/salsa-verde-la-costena-220-g\/","title":{"rendered":"Salsa verde La Coste\u00f1a 220 g"},"content":{"rendered":"<div class=\"mb3\">\n<div class=\"dangerous-html mb3\">\n<ul>\n<li>Combina con una gran variedad de comida para crear verdaderos manjares<\/li>\n<li>Ideal para dar un toque picosito a tus alimentos<\/li>\n<li>Un indispensable para tu cocina<\/li>\n<\/ul>\n<\/div>\n<\/div>\n<div class=\"mb3 f6 mid-gray lh-title overflow-visible db\">\n<div class=\"dangerous-html mb3\">\n<div>La salsa verde de La Coste\u00f1a trae para ti el rico sabor de M\u00e9xico, con su mezcla de chiles, tomatillo y cebolla que no podr\u00e1 hacer falta en tu mesa.<\/div>\n<\/div>\n<\/div>","protected":false},"excerpt":{"rendered":"<h3 class=\"flex items-center mv0 lh-copy f5 pb1 dark-gray\">Contenido del Empaque<\/h3>\n<div class=\"mv0 lh-copy mid-gray f6\">1 Lata con 220 g<\/div>","protected":false},"featured_media":16163,"comment_status":"open","ping_status":"closed","template":"","meta":[],"product_brand":[454],"product_cat":[537],"product_tag":[],"class_list":{"0":"post-16162","1":"product","2":"type-product","3":"status-publish","4":"has-post-thumbnail","6":"product_brand-la-costena","7":"product_cat-salsas","9":"first","10":"instock","11":"taxable","12":"shipping-taxable","13":"purchasable","14":"product-type-simple"},"jetpack_sharing_enabled":true,"_links":{"self":[{"href":"https:\/\/tiendaenlinea.productoselzorro.com\/en\/wp-json\/wp\/v2\/product\/16162","targetHints":{"allow":["GET"]}}],"collection":[{"href":"https:\/\/tiendaenlinea.productoselzorro.com\/en\/wp-json\/wp\/v2\/product"}],"about":[{"href":"https:\/\/tiendaenlinea.productoselzorro.com\/en\/wp-json\/wp\/v2\/types\/product"}],"replies":[{"embeddable":true,"href":"https:\/\/tiendaenlinea.productoselzorro.com\/en\/wp-json\/wp\/v2\/comments?post=16162"}],"version-history":[{"count":0,"href":"https:\/\/tiendaenlinea.productoselzorro.com\/en\/wp-json\/wp\/v2\/product\/16162\/revisions"}],"wp:featuredmedia":[{"embeddable":true,"href":"https:\/\/tiendaenlinea.productoselzorro.com\/en\/wp-json\/wp\/v2\/media\/16163"}],"wp:attachment":[{"href":"https:\/\/tiendaenlinea.productoselzorro.com\/en\/wp-json\/wp\/v2\/media?parent=16162"}],"wp:term":[{"taxonomy":"product_brand","embeddable":true,"href":"https:\/\/tiendaenlinea.productoselzorro.com\/en\/wp-json\/wp\/v2\/product_brand?post=16162"},{"taxonomy":"product_cat","embeddable":true,"href":"https:\/\/tiendaenlinea.productoselzorro.com\/en\/wp-json\/wp\/v2\/product_cat?post=16162"},{"taxonomy":"product_tag","embeddable":true,"href":"https:\/\/tiendaenlinea.productoselzorro.com\/en\/wp-json\/wp\/v2\/product_tag?post=16162"}],"curies":[{"name":"wp","href":"https:\/\/api.w.org\/{rel}","templated":true}]}}