{"id":15770,"date":"2025-12-29T16:58:46","date_gmt":"2025-12-29T22:58:46","guid":{"rendered":"https:\/\/tiendaenlinea.productoselzorro.com\/?post_type=product&#038;p=15770"},"modified":"2025-12-29T16:58:46","modified_gmt":"2025-12-29T22:58:46","slug":"refresco-sprite-sabor-lima-limon-600-ml","status":"publish","type":"product","link":"https:\/\/tiendaenlinea.productoselzorro.com\/en\/product\/refresco-sprite-sabor-lima-limon-600-ml\/","title":{"rendered":"Refresco Sprite sabor lima-lim\u00f3n 600 ml"},"content":{"rendered":"<ul>\n<li>Refresco frutal sabor natural lima-lim\u00f3n Envase 100% reciclable T\u00f3malo bien fr\u00edo.<\/li>\n<li>Disfr\u00fatala bien fr\u00eda.<\/li>\n<li>Ideal para acompa\u00f1ar tus comidas.<\/li>\n<\/ul>","protected":false},"excerpt":{"rendered":"<p>Sprite naci\u00f3 para refrescar al mundo y ofrecer el sabor natural lima-lim\u00f3n. D\u00e9jate llevar por el poder refrescante de Sprite y expresa tu creatividad combin\u00e1ndolo como t\u00fa quieras. \u00a1Que nunca te falte su intenso sabor! &#8211; Hidrataci\u00f3n baja en sodio &#8211; Presentaci\u00f3n personal &#8211; Envase con tapa rosca Haz tu despensa en minutos<\/p>","protected":false},"featured_media":15771,"comment_status":"open","ping_status":"closed","template":"","meta":[],"product_brand":[649],"product_cat":[652],"product_tag":[],"class_list":{"0":"post-15770","1":"product","2":"type-product","3":"status-publish","4":"has-post-thumbnail","6":"product_brand-coca-cola","7":"product_cat-refrescos-600-ml","9":"first","10":"instock","11":"taxable","12":"shipping-taxable","13":"purchasable","14":"product-type-simple"},"jetpack_sharing_enabled":true,"_links":{"self":[{"href":"https:\/\/tiendaenlinea.productoselzorro.com\/en\/wp-json\/wp\/v2\/product\/15770","targetHints":{"allow":["GET"]}}],"collection":[{"href":"https:\/\/tiendaenlinea.productoselzorro.com\/en\/wp-json\/wp\/v2\/product"}],"about":[{"href":"https:\/\/tiendaenlinea.productoselzorro.com\/en\/wp-json\/wp\/v2\/types\/product"}],"replies":[{"embeddable":true,"href":"https:\/\/tiendaenlinea.productoselzorro.com\/en\/wp-json\/wp\/v2\/comments?post=15770"}],"version-history":[{"count":0,"href":"https:\/\/tiendaenlinea.productoselzorro.com\/en\/wp-json\/wp\/v2\/product\/15770\/revisions"}],"wp:featuredmedia":[{"embeddable":true,"href":"https:\/\/tiendaenlinea.productoselzorro.com\/en\/wp-json\/wp\/v2\/media\/15771"}],"wp:attachment":[{"href":"https:\/\/tiendaenlinea.productoselzorro.com\/en\/wp-json\/wp\/v2\/media?parent=15770"}],"wp:term":[{"taxonomy":"product_brand","embeddable":true,"href":"https:\/\/tiendaenlinea.productoselzorro.com\/en\/wp-json\/wp\/v2\/product_brand?post=15770"},{"taxonomy":"product_cat","embeddable":true,"href":"https:\/\/tiendaenlinea.productoselzorro.com\/en\/wp-json\/wp\/v2\/product_cat?post=15770"},{"taxonomy":"product_tag","embeddable":true,"href":"https:\/\/tiendaenlinea.productoselzorro.com\/en\/wp-json\/wp\/v2\/product_tag?post=15770"}],"curies":[{"name":"wp","href":"https:\/\/api.w.org\/{rel}","templated":true}]}}