{"id":15766,"date":"2025-12-29T16:56:40","date_gmt":"2025-12-29T22:56:40","guid":{"rendered":"https:\/\/tiendaenlinea.productoselzorro.com\/?post_type=product&#038;p=15766"},"modified":"2025-12-29T16:56:41","modified_gmt":"2025-12-29T22:56:41","slug":"refresco-sidral-mundet-sabor-manzana-de-600-ml","status":"publish","type":"product","link":"https:\/\/tiendaenlinea.productoselzorro.com\/en\/product\/refresco-sidral-mundet-sabor-manzana-de-600-ml\/","title":{"rendered":"Refresco Sidral Mundet sabor manzana de 600 ml"},"content":{"rendered":"<ul>\n<li>Refresco frutal sin conservadores con 1% de jugo de manzana Bebida orgullosamente mexicana Ideal para acompa\u00f1ar tus comidas y reuniones Bebida orgullosamente mexicana.<\/li>\n<li>Disfr\u00fatala bien fr\u00eda.<\/li>\n<li>Ideal para acompa\u00f1ar tus comidas.<\/li>\n<\/ul>","protected":false},"excerpt":{"rendered":"<p>Lleva el sabor y la tradici\u00f3n de Sidral Mundet a todos lados y comparte su delicioso sabor a jugo de manzana con todo el mundo. Hecho con pasi\u00f3n, ingenio y orgullo: hecho #ALaMexicana. Sidral Mundet se convertir\u00e1 en una de las bebidas favoritas para tus seres queridos. &#8211; Sin conservadores &#8211; Ideal para acompa\u00f1ar tus comidas y reuniones<\/p>","protected":false},"featured_media":15767,"comment_status":"open","ping_status":"closed","template":"","meta":[],"product_brand":[649],"product_cat":[652],"product_tag":[],"class_list":{"0":"post-15766","1":"product","2":"type-product","3":"status-publish","4":"has-post-thumbnail","6":"product_brand-coca-cola","7":"product_cat-refrescos-600-ml","9":"first","10":"instock","11":"taxable","12":"shipping-taxable","13":"purchasable","14":"product-type-simple"},"jetpack_sharing_enabled":true,"_links":{"self":[{"href":"https:\/\/tiendaenlinea.productoselzorro.com\/en\/wp-json\/wp\/v2\/product\/15766","targetHints":{"allow":["GET"]}}],"collection":[{"href":"https:\/\/tiendaenlinea.productoselzorro.com\/en\/wp-json\/wp\/v2\/product"}],"about":[{"href":"https:\/\/tiendaenlinea.productoselzorro.com\/en\/wp-json\/wp\/v2\/types\/product"}],"replies":[{"embeddable":true,"href":"https:\/\/tiendaenlinea.productoselzorro.com\/en\/wp-json\/wp\/v2\/comments?post=15766"}],"version-history":[{"count":0,"href":"https:\/\/tiendaenlinea.productoselzorro.com\/en\/wp-json\/wp\/v2\/product\/15766\/revisions"}],"wp:featuredmedia":[{"embeddable":true,"href":"https:\/\/tiendaenlinea.productoselzorro.com\/en\/wp-json\/wp\/v2\/media\/15767"}],"wp:attachment":[{"href":"https:\/\/tiendaenlinea.productoselzorro.com\/en\/wp-json\/wp\/v2\/media?parent=15766"}],"wp:term":[{"taxonomy":"product_brand","embeddable":true,"href":"https:\/\/tiendaenlinea.productoselzorro.com\/en\/wp-json\/wp\/v2\/product_brand?post=15766"},{"taxonomy":"product_cat","embeddable":true,"href":"https:\/\/tiendaenlinea.productoselzorro.com\/en\/wp-json\/wp\/v2\/product_cat?post=15766"},{"taxonomy":"product_tag","embeddable":true,"href":"https:\/\/tiendaenlinea.productoselzorro.com\/en\/wp-json\/wp\/v2\/product_tag?post=15766"}],"curies":[{"name":"wp","href":"https:\/\/api.w.org\/{rel}","templated":true}]}}