{"id":15406,"date":"2025-12-16T16:47:51","date_gmt":"2025-12-16T22:47:51","guid":{"rendered":"https:\/\/tiendaenlinea.productoselzorro.com\/?post_type=product&#038;p=15406"},"modified":"2026-01-14T16:48:47","modified_gmt":"2026-01-14T22:48:47","slug":"guantes-vileda-robust-talla-grande-1-par","status":"publish","type":"product","link":"https:\/\/tiendaenlinea.productoselzorro.com\/en\/product\/guantes-vileda-robust-talla-grande-1-par\/","title":{"rendered":"Guantes Vileda robust talla grande 1 par"},"content":{"rendered":"<div class=\"expand-collapse-header flex justify-between items-center w-100\">\n<h3 class=\"w-100 ma0 pa3 lh-copy normal f5\">Detalles del art\u00edculo<\/h3>\n<div class=\"pr3\"><\/div>\n<\/div>\n<div class=\"w_zz0G expand-collapse-content\" data-testid=\"ui-collapse-panel\">\n<div class=\"ph3 pb4 pt1\">\n<div class=\"nb3\" data-testid=\"product-description-content\">\n<div class=\"mb3\">\n<div class=\"dangerous-html mb3\">\n<ul>\n<li>Ideal el cuidado de tu casa<\/li>\n<li>Un indispensable para tu hogar<\/li>\n<li>Pr\u00e1ctico y f\u00e1cil de usar<\/li>\n<\/ul>\n<\/div>\n<\/div>\n<div class=\"mb3 f6 mid-gray lh-title overflow-visible db\">\n<div class=\"dangerous-html mb3\">\n<div>Los guantes Vileda son ultra resistentes y para todo tipo de tareas, especialmente las pesadas tanto en interiores como en exteriores. &#8211; Protecci\u00f3n de l\u00e1tex y neopreno &#8211; Forro Interior: El revestimiento especial de espuma interna ComfortPlus &#8211; Mayor duraci\u00f3n y reutilizables Revise todas las leyendas precautorias y recomendaciones antes de usar, el producto puede ser t\u00f3xico, corrosivo, o inflamable. Recuerda que ya puedes realizar tus compras en la tienda en l\u00ednea, en donde tambi\u00e9n encontrar\u00e1s todo lo necesario para tu d\u00eda a d\u00eda o para surtir la despensa de tu hogar.<\/div>\n<\/div>\n<\/div>\n<\/div>\n<\/div>\n<\/div>","protected":false},"excerpt":{"rendered":"<div class=\"expand-collapse-header flex justify-between items-center w-100\">\n<h2 class=\"w-100 ma0 lh-copy normal pa3 f5 undefined\">Especificaciones<\/h2>\n<div class=\"pr3\"><\/div>\n<\/div>\n<div class=\"w_zz0G expand-collapse-content\" data-testid=\"ui-collapse-panel\">\n<div class=\"ph3 pb4 pt1\">\n<div class=\"nt1\">\n<div class=\"pb2\">\n<h3 class=\"flex items-center mv0 lh-copy f5 pb1 dark-gray\">Modelo \/ Estilo \/ Tipo<\/h3>\n<div class=\"mv0 lh-copy mid-gray f6\">Guante Fuerte<\/div>\n<\/div>\n<div class=\"pb2\">\n<h3 class=\"flex items-center mv0 lh-copy f5 pb1 dark-gray\">Pa\u00eds de Origen<\/h3>\n<div class=\"mv0 lh-copy mid-gray f6\">M\u00e9xico<\/div>\n<\/div>\n<div class=\"pb2\">\n<h3 class=\"flex items-center mv0 lh-copy f5 pb1 dark-gray\">Peso del Producto Ensamblado<\/h3>\n<div class=\"mv0 lh-copy mid-gray f6\">0.08 kg<\/div>\n<\/div>\n<div class=\"\">\n<h3 class=\"flex items-center mv0 lh-copy f5 pb1 dark-gray\">Contenido del Empaque<\/h3>\n<div class=\"mv0 lh-copy mid-gray f6\">1 Par de guantes<\/div>\n<\/div>\n<\/div>\n<\/div>\n<\/div>","protected":false},"featured_media":15407,"comment_status":"closed","ping_status":"closed","template":"","meta":[],"product_brand":[613],"product_cat":[541],"product_tag":[],"class_list":{"0":"post-15406","1":"product","2":"type-product","3":"status-publish","4":"has-post-thumbnail","6":"product_brand-vileda","7":"product_cat-guantes","9":"first","10":"instock","11":"taxable","12":"shipping-taxable","13":"purchasable","14":"product-type-simple"},"jetpack_sharing_enabled":true,"_links":{"self":[{"href":"https:\/\/tiendaenlinea.productoselzorro.com\/en\/wp-json\/wp\/v2\/product\/15406","targetHints":{"allow":["GET"]}}],"collection":[{"href":"https:\/\/tiendaenlinea.productoselzorro.com\/en\/wp-json\/wp\/v2\/product"}],"about":[{"href":"https:\/\/tiendaenlinea.productoselzorro.com\/en\/wp-json\/wp\/v2\/types\/product"}],"replies":[{"embeddable":true,"href":"https:\/\/tiendaenlinea.productoselzorro.com\/en\/wp-json\/wp\/v2\/comments?post=15406"}],"version-history":[{"count":0,"href":"https:\/\/tiendaenlinea.productoselzorro.com\/en\/wp-json\/wp\/v2\/product\/15406\/revisions"}],"wp:featuredmedia":[{"embeddable":true,"href":"https:\/\/tiendaenlinea.productoselzorro.com\/en\/wp-json\/wp\/v2\/media\/15407"}],"wp:attachment":[{"href":"https:\/\/tiendaenlinea.productoselzorro.com\/en\/wp-json\/wp\/v2\/media?parent=15406"}],"wp:term":[{"taxonomy":"product_brand","embeddable":true,"href":"https:\/\/tiendaenlinea.productoselzorro.com\/en\/wp-json\/wp\/v2\/product_brand?post=15406"},{"taxonomy":"product_cat","embeddable":true,"href":"https:\/\/tiendaenlinea.productoselzorro.com\/en\/wp-json\/wp\/v2\/product_cat?post=15406"},{"taxonomy":"product_tag","embeddable":true,"href":"https:\/\/tiendaenlinea.productoselzorro.com\/en\/wp-json\/wp\/v2\/product_tag?post=15406"}],"curies":[{"name":"wp","href":"https:\/\/api.w.org\/{rel}","templated":true}]}}