{"id":15345,"date":"2025-12-16T12:28:09","date_gmt":"2025-12-16T18:28:09","guid":{"rendered":"https:\/\/tiendaenlinea.productoselzorro.com\/?post_type=product&#038;p=15345"},"modified":"2025-12-16T12:29:54","modified_gmt":"2025-12-16T18:29:54","slug":"lucky-gummys-manguitos-enchilados-gomitas-enchiladas-1kg","status":"publish","type":"product","link":"https:\/\/tiendaenlinea.productoselzorro.com\/en\/product\/lucky-gummys-manguitos-enchilados-gomitas-enchiladas-1kg\/","title":{"rendered":"Manguitos Enchilados Gomitas Enchiladas 1kg"},"content":{"rendered":"<p>Gomitas Lucky Gummys Manguitos Enchilados 1 Kg Disfruta de un sabor \u00fanico con las gomitas Lucky Gummys Manguitos Enchilados. Este paquete de 1 kg te ofrece una combinaci\u00f3n perfecta de dulce y picante, ideal para los amantes de las sensaciones intensas. Cada gomita est\u00e1 cuidadosamente elaborada para garantizar una experiencia deliciosa en cada bocado. Ideal para compartir en reuniones o disfrutar como un snack durante el d\u00eda.<\/p>","protected":false},"excerpt":{"rendered":"<div class=\"ui-vpp-striped-specs\">\n<div class=\"ui-vpp-striped-specs__table\">\n<h3 class=\"ui-vpp-striped-specs__header\">Caracter\u00edsticas principales<\/h3>\n<table class=\"andes-table\">\n<tbody class=\"andes-table__body\">\n<tr class=\"andes-table__row ui-vpp-striped-specs__row\">\n<th class=\"andes-table__header andes-table__header--left ui-vpp-striped-specs__row__column ui-vpp-striped-specs__row__column--id\" scope=\"row\">\n<div class=\"andes-table__header__container\">Marca<\/div>\n<\/th>\n<td id=\":R197ilpakp7le:\" class=\"andes-table__column andes-table__column--left andes-table__column--vertical-align-center ui-vpp-striped-specs__row__column\"><span id=\":R197ilpakp7le:-value\" class=\"andes-table__column--value\">Lucky Gummys<\/span><\/td>\n<\/tr>\n<tr class=\"andes-table__row ui-vpp-striped-specs__row\">\n<th class=\"andes-table__header andes-table__header--left ui-vpp-striped-specs__row__column ui-vpp-striped-specs__row__column--id\" scope=\"row\">\n<div class=\"andes-table__header__container\">L\u00ednea<\/div>\n<\/th>\n<td id=\":R19bilpakp7le:\" class=\"andes-table__column andes-table__column--left andes-table__column--vertical-align-center ui-vpp-striped-specs__row__column\"><span id=\":R19bilpakp7le:-value\" class=\"andes-table__column--value\">MANGUITOS<\/span><\/td>\n<\/tr>\n<tr class=\"andes-table__row ui-vpp-striped-specs__row\">\n<th class=\"andes-table__header andes-table__header--left ui-vpp-striped-specs__row__column ui-vpp-striped-specs__row__column--id\" scope=\"row\">\n<div class=\"andes-table__header__container\">Tipo de dulce<\/div>\n<\/th>\n<td id=\":R19filpakp7le:\" class=\"andes-table__column andes-table__column--left andes-table__column--vertical-align-center ui-vpp-striped-specs__row__column\"><span id=\":R19filpakp7le:-value\" class=\"andes-table__column--value\">Gomita<\/span><\/td>\n<\/tr>\n<tr class=\"andes-table__row ui-vpp-striped-specs__row\">\n<th class=\"andes-table__header andes-table__header--left ui-vpp-striped-specs__row__column ui-vpp-striped-specs__row__column--id\" scope=\"row\">\n<div class=\"andes-table__header__container\">Sabor<\/div>\n<\/th>\n<td id=\":R19jilpakp7le:\" class=\"andes-table__column andes-table__column--left andes-table__column--vertical-align-center ui-vpp-striped-specs__row__column\"><span id=\":R19jilpakp7le:-value\" class=\"andes-table__column--value\">Mango Enchilado<\/span><\/td>\n<\/tr>\n<tr class=\"andes-table__row ui-vpp-striped-specs__row\">\n<th class=\"andes-table__header andes-table__header--left ui-vpp-striped-specs__row__column ui-vpp-striped-specs__row__column--id\" scope=\"row\">\n<div class=\"andes-table__header__container\">Ingrediente destacado<\/div>\n<\/th>\n<td id=\":R19nilpakp7le:\" class=\"andes-table__column andes-table__column--left andes-table__column--vertical-align-center ui-vpp-striped-specs__row__column\"><span id=\":R19nilpakp7le:-value\" class=\"andes-table__column--value\">Chile<\/span><\/td>\n<\/tr>\n<tr class=\"andes-table__row ui-vpp-striped-specs__row\">\n<th class=\"andes-table__header andes-table__header--left ui-vpp-striped-specs__row__column ui-vpp-striped-specs__row__column--id\" scope=\"row\">\n<div class=\"andes-table__header__container\">Conservaci\u00f3n del producto<\/div>\n<\/th>\n<td id=\":R19rilpakp7le:\" class=\"andes-table__column andes-table__column--left andes-table__column--vertical-align-center ui-vpp-striped-specs__row__column\"><span id=\":R19rilpakp7le:-value\" class=\"andes-table__column--value\">Temperatura ambiente<\/span><\/td>\n<\/tr>\n<\/tbody>\n<\/table>\n<\/div>\n<div class=\"ui-vpp-striped-specs__table\">\n<h3 class=\"ui-vpp-striped-specs__header\">Registros de producto<\/h3>\n<table class=\"andes-table\">\n<tbody class=\"andes-table__body\">\n<tr class=\"andes-table__row ui-vpp-striped-specs__row\">\n<th class=\"andes-table__header andes-table__header--left ui-vpp-striped-specs__row__column ui-vpp-striped-specs__row__column--id\" scope=\"row\">\n<div class=\"andes-table__header__container\">N\u00famero de registro del producto COFEPRIS<\/div>\n<\/th>\n<td id=\":Rafklpakp7le:\" class=\"andes-table__column andes-table__column--left andes-table__column--vertical-align-center ui-vpp-striped-specs__row__column\"><span id=\":Rafklpakp7le:-value\" class=\"andes-table__column--value\">NOM-051-SCFI\/SSA1-2010<\/span><\/td>\n<\/tr>\n<\/tbody>\n<\/table>\n<\/div>\n<\/div>\n<div class=\"ui-vpp-striped-specs\">\n<div class=\"ui-vpp-striped-specs__table\">\n<h3 class=\"ui-vpp-striped-specs__header\">Caracter\u00edsticas de venta<\/h3>\n<table class=\"andes-table\">\n<tbody class=\"andes-table__body\">\n<tr class=\"andes-table__row ui-vpp-striped-specs__row\">\n<th class=\"andes-table__header andes-table__header--left ui-vpp-striped-specs__row__column ui-vpp-striped-specs__row__column--id\" scope=\"row\">\n<div class=\"andes-table__header__container\">Formato de venta<\/div>\n<\/th>\n<td id=\":Rkv35pakp7le:\" class=\"andes-table__column andes-table__column--left andes-table__column--vertical-align-center ui-vpp-striped-specs__row__column\"><span id=\":Rkv35pakp7le:-value\" class=\"andes-table__column--value\">Unidad<\/span><\/td>\n<\/tr>\n<\/tbody>\n<\/table>\n<\/div>\n<div class=\"ui-vpp-striped-specs__table\">\n<h3 class=\"ui-vpp-striped-specs__header\">Peso<\/h3>\n<table class=\"andes-table\">\n<tbody class=\"andes-table__body\">\n<tr class=\"andes-table__row ui-vpp-striped-specs__row\">\n<th class=\"andes-table__header andes-table__header--left ui-vpp-striped-specs__row__column ui-vpp-striped-specs__row__column--id\" scope=\"row\">\n<div class=\"andes-table__header__container\">Peso de la unidad<\/div>\n<\/th>\n<td id=\":Rkv55pakp7le:\" class=\"andes-table__column andes-table__column--left andes-table__column--vertical-align-center ui-vpp-striped-specs__row__column\"><span id=\":Rkv55pakp7le:-value\" class=\"andes-table__column--value\">1 kg<\/span><\/td>\n<\/tr>\n<\/tbody>\n<\/table>\n<\/div>\n<div class=\"ui-vpp-striped-specs__table\">\n<h3 class=\"ui-vpp-striped-specs__header\">Restricciones alimentarias<\/h3>\n<table class=\"andes-table\">\n<tbody class=\"andes-table__body\">\n<tr class=\"andes-table__row ui-vpp-striped-specs__row\">\n<th class=\"andes-table__header andes-table__header--left ui-vpp-striped-specs__row__column ui-vpp-striped-specs__row__column--id\" scope=\"row\">\n<div class=\"andes-table__header__container\">Es libre de gluten<\/div>\n<\/th>\n<td id=\":R19f75pakp7le:\" class=\"andes-table__column andes-table__column--left andes-table__column--vertical-align-center ui-vpp-striped-specs__row__column\"><span id=\":R19f75pakp7le:-value\" class=\"andes-table__column--value\">No<\/span><\/td>\n<\/tr>\n<tr class=\"andes-table__row ui-vpp-striped-specs__row\">\n<th class=\"andes-table__header andes-table__header--left ui-vpp-striped-specs__row__column ui-vpp-striped-specs__row__column--id\" scope=\"row\">\n<div class=\"andes-table__header__container\">Es libre de az\u00facar<\/div>\n<\/th>\n<td id=\":R19n75pakp7le:\" class=\"andes-table__column andes-table__column--left andes-table__column--vertical-align-center ui-vpp-striped-specs__row__column\"><span id=\":R19n75pakp7le:-value\" class=\"andes-table__column--value\">No<\/span><\/td>\n<\/tr>\n<tr class=\"andes-table__row ui-vpp-striped-specs__row\">\n<th class=\"andes-table__header andes-table__header--left ui-vpp-striped-specs__row__column ui-vpp-striped-specs__row__column--id\" scope=\"row\">\n<div class=\"andes-table__header__container\">Es libre de lactosa<\/div>\n<\/th>\n<td id=\":R19v75pakp7le:\" class=\"andes-table__column andes-table__column--left andes-table__column--vertical-align-center ui-vpp-striped-specs__row__column\"><span id=\":R19v75pakp7le:-value\" class=\"andes-table__column--value\">S\u00ed<\/span><\/td>\n<\/tr>\n<\/tbody>\n<\/table>\n<\/div>\n<\/div>","protected":false},"featured_media":15346,"comment_status":"open","ping_status":"closed","template":"","meta":[],"product_brand":[607],"product_cat":[605],"product_tag":[],"class_list":{"0":"post-15345","1":"product","2":"type-product","3":"status-publish","4":"has-post-thumbnail","6":"product_brand-lucky-gummys","7":"product_cat-mesadesnacks","9":"first","10":"instock","11":"taxable","12":"shipping-taxable","13":"purchasable","14":"product-type-simple"},"jetpack_sharing_enabled":true,"_links":{"self":[{"href":"https:\/\/tiendaenlinea.productoselzorro.com\/en\/wp-json\/wp\/v2\/product\/15345","targetHints":{"allow":["GET"]}}],"collection":[{"href":"https:\/\/tiendaenlinea.productoselzorro.com\/en\/wp-json\/wp\/v2\/product"}],"about":[{"href":"https:\/\/tiendaenlinea.productoselzorro.com\/en\/wp-json\/wp\/v2\/types\/product"}],"replies":[{"embeddable":true,"href":"https:\/\/tiendaenlinea.productoselzorro.com\/en\/wp-json\/wp\/v2\/comments?post=15345"}],"version-history":[{"count":0,"href":"https:\/\/tiendaenlinea.productoselzorro.com\/en\/wp-json\/wp\/v2\/product\/15345\/revisions"}],"wp:featuredmedia":[{"embeddable":true,"href":"https:\/\/tiendaenlinea.productoselzorro.com\/en\/wp-json\/wp\/v2\/media\/15346"}],"wp:attachment":[{"href":"https:\/\/tiendaenlinea.productoselzorro.com\/en\/wp-json\/wp\/v2\/media?parent=15345"}],"wp:term":[{"taxonomy":"product_brand","embeddable":true,"href":"https:\/\/tiendaenlinea.productoselzorro.com\/en\/wp-json\/wp\/v2\/product_brand?post=15345"},{"taxonomy":"product_cat","embeddable":true,"href":"https:\/\/tiendaenlinea.productoselzorro.com\/en\/wp-json\/wp\/v2\/product_cat?post=15345"},{"taxonomy":"product_tag","embeddable":true,"href":"https:\/\/tiendaenlinea.productoselzorro.com\/en\/wp-json\/wp\/v2\/product_tag?post=15345"}],"curies":[{"name":"wp","href":"https:\/\/api.w.org\/{rel}","templated":true}]}}