{"id":15228,"date":"2025-12-10T16:34:31","date_gmt":"2025-12-10T22:34:31","guid":{"rendered":"https:\/\/tiendaenlinea.productoselzorro.com\/?post_type=product&#038;p=15228"},"modified":"2025-12-10T16:36:49","modified_gmt":"2025-12-10T22:36:49","slug":"salsa-picante-bufalo-clasica-380g","status":"publish","type":"product","link":"https:\/\/tiendaenlinea.productoselzorro.com\/en\/product\/salsa-picante-bufalo-clasica-380g\/","title":{"rendered":"Salsa Picante B\u00fafalo Cl\u00e1sica 380G MEDIANA"},"content":{"rendered":"<p>Prueba la deliciosa Salsa B\u00fafalo cl\u00e1sica. Su picosito sabor te dar\u00e1 ese toque intenso e inigualable que quieres en tus botanas o platillos. \u00a1Encuentra tu favorita!<\/p>","protected":false},"excerpt":{"rendered":"<p>Con ingredientes de origen natural<br \/>\nIdeal para acompa\u00f1ar diversas botanas<\/p>","protected":false},"featured_media":15229,"comment_status":"open","ping_status":"closed","template":"","meta":[],"product_brand":[597],"product_cat":[426],"product_tag":[],"class_list":{"0":"post-15228","1":"product","2":"type-product","3":"status-publish","4":"has-post-thumbnail","6":"product_brand-bufalo","7":"product_cat-salsasparabotana","9":"first","10":"instock","11":"taxable","12":"shipping-taxable","13":"purchasable","14":"product-type-simple"},"jetpack_sharing_enabled":true,"_links":{"self":[{"href":"https:\/\/tiendaenlinea.productoselzorro.com\/en\/wp-json\/wp\/v2\/product\/15228","targetHints":{"allow":["GET"]}}],"collection":[{"href":"https:\/\/tiendaenlinea.productoselzorro.com\/en\/wp-json\/wp\/v2\/product"}],"about":[{"href":"https:\/\/tiendaenlinea.productoselzorro.com\/en\/wp-json\/wp\/v2\/types\/product"}],"replies":[{"embeddable":true,"href":"https:\/\/tiendaenlinea.productoselzorro.com\/en\/wp-json\/wp\/v2\/comments?post=15228"}],"version-history":[{"count":0,"href":"https:\/\/tiendaenlinea.productoselzorro.com\/en\/wp-json\/wp\/v2\/product\/15228\/revisions"}],"wp:featuredmedia":[{"embeddable":true,"href":"https:\/\/tiendaenlinea.productoselzorro.com\/en\/wp-json\/wp\/v2\/media\/15229"}],"wp:attachment":[{"href":"https:\/\/tiendaenlinea.productoselzorro.com\/en\/wp-json\/wp\/v2\/media?parent=15228"}],"wp:term":[{"taxonomy":"product_brand","embeddable":true,"href":"https:\/\/tiendaenlinea.productoselzorro.com\/en\/wp-json\/wp\/v2\/product_brand?post=15228"},{"taxonomy":"product_cat","embeddable":true,"href":"https:\/\/tiendaenlinea.productoselzorro.com\/en\/wp-json\/wp\/v2\/product_cat?post=15228"},{"taxonomy":"product_tag","embeddable":true,"href":"https:\/\/tiendaenlinea.productoselzorro.com\/en\/wp-json\/wp\/v2\/product_tag?post=15228"}],"curies":[{"name":"wp","href":"https:\/\/api.w.org\/{rel}","templated":true}]}}