{"id":15210,"date":"2025-12-10T13:39:21","date_gmt":"2025-12-10T19:39:21","guid":{"rendered":"https:\/\/tiendaenlinea.productoselzorro.com\/?post_type=product&#038;p=15210"},"modified":"2025-12-10T16:38:13","modified_gmt":"2025-12-10T22:38:13","slug":"salsa-san-luis-490ml-mediana","status":"publish","type":"product","link":"https:\/\/tiendaenlinea.productoselzorro.com\/en\/product\/salsa-san-luis-490ml-mediana\/","title":{"rendered":"Salsa San Luis 490ml MEDIANA"},"content":{"rendered":"<p>Disfruta esta delicosa salsa para tus botanas.<\/p>\n<p>Salsa picante San Luis, botella apachurrable dosificadora, elaborado con materias primas de la m\u00e1s alta calidad, ideal para acompa\u00f1ar botanas, cocteles y aderezar alimentos.<\/p>\n<p>Pr\u00e1ctico envase En tu tienda en l\u00ednea encuentra todos los art\u00edculos necesarios para tu hogar, lleva todo lo que necesitas para tu despensa y compra en l\u00ednea con la tranquilidad de recibir todas tus compras hasta las puertas de tu casa, con nuestro servicio de entregas a domicilio.<br \/>\nCombina con una gran variedad de comida para crear verdaderos manjares<br \/>\nIdeal para dar un toque picosito a tus alimentos.<\/p>\n<p>Un indispensable para tu cocina<\/p>","protected":false},"excerpt":{"rendered":"<p>Salsa picante San Luis, botella apachurrable dosificadora, elaborado con materias primas de la m\u00e1s alta calidad, ideal para acompa\u00f1ar botanas, cocteles y aderezar alimentos. &#8211; 200 gramos &#8211; Pr\u00e1ctico envase En tu tienda en l\u00ednea encuentra todos los art\u00edculos necesarios para tu hogar, lleva todo lo que necesitas para tu despensa y compra en l\u00ednea con la tranquilidad de recibir todas tus compras hasta las puertas de tu casa, con nuestro servicio de entregas a domicilio.<\/p>","protected":false},"featured_media":15211,"comment_status":"open","ping_status":"closed","template":"","meta":[],"product_brand":[595],"product_cat":[426],"product_tag":[],"class_list":{"0":"post-15210","1":"product","2":"type-product","3":"status-publish","4":"has-post-thumbnail","6":"product_brand-san-luis","7":"product_cat-salsasparabotana","9":"first","10":"instock","11":"taxable","12":"shipping-taxable","13":"purchasable","14":"product-type-simple"},"jetpack_sharing_enabled":true,"_links":{"self":[{"href":"https:\/\/tiendaenlinea.productoselzorro.com\/en\/wp-json\/wp\/v2\/product\/15210","targetHints":{"allow":["GET"]}}],"collection":[{"href":"https:\/\/tiendaenlinea.productoselzorro.com\/en\/wp-json\/wp\/v2\/product"}],"about":[{"href":"https:\/\/tiendaenlinea.productoselzorro.com\/en\/wp-json\/wp\/v2\/types\/product"}],"replies":[{"embeddable":true,"href":"https:\/\/tiendaenlinea.productoselzorro.com\/en\/wp-json\/wp\/v2\/comments?post=15210"}],"version-history":[{"count":0,"href":"https:\/\/tiendaenlinea.productoselzorro.com\/en\/wp-json\/wp\/v2\/product\/15210\/revisions"}],"wp:featuredmedia":[{"embeddable":true,"href":"https:\/\/tiendaenlinea.productoselzorro.com\/en\/wp-json\/wp\/v2\/media\/15211"}],"wp:attachment":[{"href":"https:\/\/tiendaenlinea.productoselzorro.com\/en\/wp-json\/wp\/v2\/media?parent=15210"}],"wp:term":[{"taxonomy":"product_brand","embeddable":true,"href":"https:\/\/tiendaenlinea.productoselzorro.com\/en\/wp-json\/wp\/v2\/product_brand?post=15210"},{"taxonomy":"product_cat","embeddable":true,"href":"https:\/\/tiendaenlinea.productoselzorro.com\/en\/wp-json\/wp\/v2\/product_cat?post=15210"},{"taxonomy":"product_tag","embeddable":true,"href":"https:\/\/tiendaenlinea.productoselzorro.com\/en\/wp-json\/wp\/v2\/product_tag?post=15210"}],"curies":[{"name":"wp","href":"https:\/\/api.w.org\/{rel}","templated":true}]}}