{"id":15185,"date":"2025-12-09T10:43:02","date_gmt":"2025-12-09T16:43:02","guid":{"rendered":"https:\/\/tiendaenlinea.productoselzorro.com\/?post_type=product&#038;p=15185"},"modified":"2025-12-29T13:04:05","modified_gmt":"2025-12-29T19:04:05","slug":"bulto-bolsa-de-basura-negra-grande-25kg-60x90cm","status":"publish","type":"product","link":"https:\/\/tiendaenlinea.productoselzorro.com\/en\/product\/bulto-bolsa-de-basura-negra-grande-25kg-60x90cm\/","title":{"rendered":"BULTO Bolsa De Basura Negra GRANDE 25KG 60x90CM"},"content":{"rendered":"<p>Material: Fabricada en polietileno de baja densidad, lo que le confiere una gran resistencia y durabilidad. Este material es ideal para soportar cargas pesadas y residuos afilados. bolsa de uso rudo, dise\u00f1ada para manejar residuos m\u00e1s exigentes sin riesgo de rasgarse o romperse.<\/p>\n<p>Dimensiones: Mide 60 cm x 90 cm, un tama\u00f1o generoso que permite almacenar una gran cantidad de basura, ideal para uso dom\u00e9stico, comercial o en eventos. Color: Generalmente disponible en color gris, lo que ayuda a disimular la suciedad y a mantener una apariencia m\u00e1s limpia.<\/p>\n<p>Uso: Perfecta para la recolecci\u00f3n de residuos s\u00f3lidos, incluyendo: Residuos de construcci\u00f3n Desechos de jardiner\u00eda Basura dom\u00e9stica Residuos industriales Beneficios de Usar Esta Bolsa de Basura Resistencia, no se rompa f\u00e1cilmente, incluso con objetos punzantes o pesados.<\/p>\n<p>Capacidad: Con sus dimensiones de 60 x 90 cm, es ideal para grandes vol\u00famenes de basura, lo que reduce la necesidad de m\u00faltiples bolsas. Practicidad: Su dise\u00f1o permite un f\u00e1cil manejo y transporte, facilitando la recolecci\u00f3n de residuos.<\/p>\n<p>Versatilidad: Puede ser utilizada en diversas aplicaciones, desde el hogar hasta la industria, adapt\u00e1ndose a diferentes necesidades de recolecci\u00f3n de basura. Ecol\u00f3gica: Si se elige una opci\u00f3n biodegradable, contribuye a la reducci\u00f3n del impacto ambiental.<\/p>","protected":false},"excerpt":{"rendered":"<div class=\"ui-vpp-striped-specs__table\">\n<div class=\"ui-vpp-striped-specs__table\">\n<table class=\"andes-table\">\n<tbody class=\"andes-table__body\">\n<tr class=\"andes-table__row ui-vpp-striped-specs__row\">\n<th class=\"andes-table__header andes-table__header--left ui-vpp-striped-specs__row__column ui-vpp-striped-specs__row__column--id\" scope=\"row\">\n<div class=\"andes-table__header__container\">Marca<\/div>\n<\/th>\n<td id=\":Rknilpakp7le:\" class=\"andes-table__column andes-table__column--left andes-table__column--vertical-align-center ui-vpp-striped-specs__row__column\"><span id=\":Rknilpakp7le:-value\" class=\"andes-table__column--value\">Plastimar<\/span><\/td>\n<\/tr>\n<tr class=\"andes-table__row ui-vpp-striped-specs__row\">\n<th class=\"andes-table__header andes-table__header--left ui-vpp-striped-specs__row__column ui-vpp-striped-specs__row__column--id\" scope=\"row\">\n<div class=\"andes-table__header__container\">Color<\/div>\n<\/th>\n<td id=\":Rkrilpakp7le:\" class=\"andes-table__column andes-table__column--left andes-table__column--vertical-align-center ui-vpp-striped-specs__row__column\"><span id=\":Rkrilpakp7le:-value\" class=\"andes-table__column--value\">Negro<\/span><\/td>\n<\/tr>\n<\/tbody>\n<\/table>\n<\/div>\n<div class=\"ui-vpp-striped-specs__table\">\n<h3 class=\"ui-vpp-striped-specs__header\">RESISTENTES<\/h3>\n<table class=\"andes-table\">\n<tbody class=\"andes-table__body\">\n<tr class=\"andes-table__row ui-vpp-striped-specs__row\">\n<th class=\"andes-table__header andes-table__header--left ui-vpp-striped-specs__row__column ui-vpp-striped-specs__row__column--id\" scope=\"row\">\n<div class=\"andes-table__header__container\">Largo x Ancho<\/div>\n<\/th>\n<td id=\":Rknklpakp7le:\" class=\"andes-table__column andes-table__column--left andes-table__column--vertical-align-center ui-vpp-striped-specs__row__column\"><span id=\":Rknklpakp7le:-value\" class=\"andes-table__column--value\">90 cm x 60 cm<\/span><\/td>\n<\/tr>\n<tr class=\"andes-table__row ui-vpp-striped-specs__row\">\n<th class=\"andes-table__header andes-table__header--left ui-vpp-striped-specs__row__column ui-vpp-striped-specs__row__column--id\" scope=\"row\">\n<div class=\"andes-table__header__container\">Capacidad en volumen<\/div>\n<\/th>\n<td id=\":Rkrklpakp7le:\" class=\"andes-table__column andes-table__column--left andes-table__column--vertical-align-center ui-vpp-striped-specs__row__column\"><span id=\":Rkrklpakp7le:-value\" class=\"andes-table__column--value\">98 L<\/span><\/td>\n<\/tr>\n<\/tbody>\n<\/table>\n<\/div>\n<\/div>","protected":false},"featured_media":15458,"comment_status":"closed","ping_status":"closed","template":"","meta":[],"product_brand":[593],"product_cat":[527],"product_tag":[],"class_list":{"0":"post-15185","1":"product","2":"type-product","3":"status-publish","4":"has-post-thumbnail","6":"product_brand-bio","7":"product_cat-bolsadebasura","9":"first","10":"instock","11":"taxable","12":"shipping-taxable","13":"purchasable","14":"product-type-simple"},"jetpack_sharing_enabled":true,"_links":{"self":[{"href":"https:\/\/tiendaenlinea.productoselzorro.com\/en\/wp-json\/wp\/v2\/product\/15185","targetHints":{"allow":["GET"]}}],"collection":[{"href":"https:\/\/tiendaenlinea.productoselzorro.com\/en\/wp-json\/wp\/v2\/product"}],"about":[{"href":"https:\/\/tiendaenlinea.productoselzorro.com\/en\/wp-json\/wp\/v2\/types\/product"}],"replies":[{"embeddable":true,"href":"https:\/\/tiendaenlinea.productoselzorro.com\/en\/wp-json\/wp\/v2\/comments?post=15185"}],"version-history":[{"count":0,"href":"https:\/\/tiendaenlinea.productoselzorro.com\/en\/wp-json\/wp\/v2\/product\/15185\/revisions"}],"wp:featuredmedia":[{"embeddable":true,"href":"https:\/\/tiendaenlinea.productoselzorro.com\/en\/wp-json\/wp\/v2\/media\/15458"}],"wp:attachment":[{"href":"https:\/\/tiendaenlinea.productoselzorro.com\/en\/wp-json\/wp\/v2\/media?parent=15185"}],"wp:term":[{"taxonomy":"product_brand","embeddable":true,"href":"https:\/\/tiendaenlinea.productoselzorro.com\/en\/wp-json\/wp\/v2\/product_brand?post=15185"},{"taxonomy":"product_cat","embeddable":true,"href":"https:\/\/tiendaenlinea.productoselzorro.com\/en\/wp-json\/wp\/v2\/product_cat?post=15185"},{"taxonomy":"product_tag","embeddable":true,"href":"https:\/\/tiendaenlinea.productoselzorro.com\/en\/wp-json\/wp\/v2\/product_tag?post=15185"}],"curies":[{"name":"wp","href":"https:\/\/api.w.org\/{rel}","templated":true}]}}