{"id":15166,"date":"2025-12-09T10:08:17","date_gmt":"2025-12-09T16:08:17","guid":{"rendered":"https:\/\/tiendaenlinea.productoselzorro.com\/?post_type=product&#038;p=15166"},"modified":"2026-02-03T12:46:38","modified_gmt":"2026-02-03T18:46:38","slug":"contenedor-termico-8x8-liso-blanco-reyma-200-pzas","status":"publish","type":"product","link":"https:\/\/tiendaenlinea.productoselzorro.com\/en\/product\/contenedor-termico-8x8-liso-blanco-reyma-200-pzas\/","title":{"rendered":"CAJA Contenedor T\u00e9rmico 8\u00d78 LISO Blanco Reyma (200 PZAS)"},"content":{"rendered":"<p>El Contenedor T\u00e9rmico 8&#215;8 Liso Blanco Reyma es la soluci\u00f3n perfecta para aquellos que buscan transportar alimentos de manera eficiente y segura. Ideal para llevar comida a fiestas, eventos y reuniones familiares, este contenedor mantiene los alimentos frescos y en su temperatura adecuada. Su dise\u00f1o liso y elegante se adapta a cualquier ocasi\u00f3n, brindando practicidad sin sacrificar la est\u00e9tica.<\/p>\n<p>Medida de una pieza: Largo: 20 cm Ancho: 20 cm Alto: 8 cm Este paquete incluye 50 unidades, lo que lo convierte en una opci\u00f3n ideal para preparaciones a gran escala.<\/p>\n<p>Cada contenedor est\u00e1 dise\u00f1ado para facilitar su uso, permitiendo un llenado y cierre sencillo que garantiza una experiencia \u00f3ptima. La versatilidad de este producto lo hace imprescindible para caterings y encuentros, asegurando que tus alimentos se sirvan con la mejor presentaci\u00f3n. Adem\u00e1s, la calidad del material asegura durabilidad y resistencia, proporcionando una excelente opci\u00f3n para el almacenamiento y transporte de comidas. Es ideal para quienes valoran la eficiencia y desean simplificar la log\u00edstica de sus reuniones.<\/p>\n<p>Escoge el Contenedor T\u00e9rmico Reyma y lleva la comodidad y el estilo a cada evento.<\/p>","protected":false},"excerpt":{"rendered":"<div class=\"ui-vpp-striped-specs\">\n<div class=\"ui-vpp-striped-specs__table\">\n<table class=\"andes-table\">\n<tbody class=\"andes-table__body\">\n<tr class=\"andes-table__row ui-vpp-striped-specs__row\">\n<th class=\"andes-table__header andes-table__header--left ui-vpp-striped-specs__row__column ui-vpp-striped-specs__row__column--id\" scope=\"row\">\n<div class=\"andes-table__header__container\">arca<\/div>\n<\/th>\n<td id=\":R19uan9t6acde:\" class=\"andes-table__column andes-table__column--left andes-table__column--vertical-align-center ui-vpp-striped-specs__row__column\"><span id=\":R19uan9t6acde:-value\" class=\"andes-table__column--value\">Reyma<\/span><\/td>\n<\/tr>\n<\/tbody>\n<\/table>\n<\/div>\n<div class=\"ui-vpp-striped-specs__table\">\n<h3 class=\"ui-vpp-striped-specs__header\">ESTE PRODUCTO NO CUENTA CON DIVISIONES, ES LISO<\/h3>\n<table class=\"andes-table\">\n<tbody class=\"andes-table__body\">\n<tr class=\"andes-table__row ui-vpp-striped-specs__row\">\n<th class=\"andes-table__header andes-table__header--left ui-vpp-striped-specs__row__column ui-vpp-striped-specs__row__column--id\" scope=\"row\">\n<div class=\"andes-table__header__container\">Ocasiones<\/div>\n<\/th>\n<td id=\":R19uin9t6acde:\" class=\"andes-table__column andes-table__column--left andes-table__column--vertical-align-center ui-vpp-striped-specs__row__column\"><span id=\":R19uin9t6acde:-value\" class=\"andes-table__column--value\">Eventos, Fiestas, Para llevar comida, reuniones familiares<\/span><\/td>\n<\/tr>\n<\/tbody>\n<\/table>\n<\/div>\n<\/div>\n<div class=\"ui-vpp-striped-specs\">\n<div class=\"ui-vpp-striped-specs__table\">\n<h3 class=\"ui-vpp-striped-specs__header\">Caracter\u00edsticas de venta<\/h3>\n<table class=\"andes-table\">\n<tbody class=\"andes-table__body\">\n<tr class=\"andes-table__row ui-vpp-striped-specs__row\">\n<th class=\"andes-table__header andes-table__header--left ui-vpp-striped-specs__row__column ui-vpp-striped-specs__row__column--id\" scope=\"row\">\n<div class=\"andes-table__header__container\">Formato de venta<\/div>\n<\/th>\n<td id=\":R19fcn9t6acde:\" class=\"andes-table__column andes-table__column--left andes-table__column--vertical-align-center ui-vpp-striped-specs__row__column\"><span id=\":R19fcn9t6acde:-value\" class=\"andes-table__column--value\">Unidad<\/span><\/td>\n<\/tr>\n<tr class=\"andes-table__row ui-vpp-striped-specs__row\">\n<th class=\"andes-table__header andes-table__header--left ui-vpp-striped-specs__row__column ui-vpp-striped-specs__row__column--id\" scope=\"row\">\n<div class=\"andes-table__header__container\">Unidades por envase<\/div>\n<\/th>\n<td id=\":R19ncn9t6acde:\" class=\"andes-table__column andes-table__column--left andes-table__column--vertical-align-center ui-vpp-striped-specs__row__column\"><span id=\":R19ncn9t6acde:-value\" class=\"andes-table__column--value\">50<\/span><\/td>\n<\/tr>\n<\/tbody>\n<\/table>\n<\/div>\n<\/div>","protected":false},"featured_media":15167,"comment_status":"open","ping_status":"closed","template":"","meta":[],"product_brand":[344],"product_cat":[518],"product_tag":[],"class_list":{"0":"post-15166","1":"product","2":"type-product","3":"status-publish","4":"has-post-thumbnail","6":"product_brand-reyma","7":"product_cat-contenedorestermicos","9":"first","10":"instock","11":"taxable","12":"shipping-taxable","13":"purchasable","14":"product-type-simple"},"jetpack_sharing_enabled":true,"_links":{"self":[{"href":"https:\/\/tiendaenlinea.productoselzorro.com\/en\/wp-json\/wp\/v2\/product\/15166","targetHints":{"allow":["GET"]}}],"collection":[{"href":"https:\/\/tiendaenlinea.productoselzorro.com\/en\/wp-json\/wp\/v2\/product"}],"about":[{"href":"https:\/\/tiendaenlinea.productoselzorro.com\/en\/wp-json\/wp\/v2\/types\/product"}],"replies":[{"embeddable":true,"href":"https:\/\/tiendaenlinea.productoselzorro.com\/en\/wp-json\/wp\/v2\/comments?post=15166"}],"version-history":[{"count":2,"href":"https:\/\/tiendaenlinea.productoselzorro.com\/en\/wp-json\/wp\/v2\/product\/15166\/revisions"}],"predecessor-version":[{"id":16942,"href":"https:\/\/tiendaenlinea.productoselzorro.com\/en\/wp-json\/wp\/v2\/product\/15166\/revisions\/16942"}],"wp:featuredmedia":[{"embeddable":true,"href":"https:\/\/tiendaenlinea.productoselzorro.com\/en\/wp-json\/wp\/v2\/media\/15167"}],"wp:attachment":[{"href":"https:\/\/tiendaenlinea.productoselzorro.com\/en\/wp-json\/wp\/v2\/media?parent=15166"}],"wp:term":[{"taxonomy":"product_brand","embeddable":true,"href":"https:\/\/tiendaenlinea.productoselzorro.com\/en\/wp-json\/wp\/v2\/product_brand?post=15166"},{"taxonomy":"product_cat","embeddable":true,"href":"https:\/\/tiendaenlinea.productoselzorro.com\/en\/wp-json\/wp\/v2\/product_cat?post=15166"},{"taxonomy":"product_tag","embeddable":true,"href":"https:\/\/tiendaenlinea.productoselzorro.com\/en\/wp-json\/wp\/v2\/product_tag?post=15166"}],"curies":[{"name":"wp","href":"https:\/\/api.w.org\/{rel}","templated":true}]}}