{"id":11001,"date":"2025-10-16T18:49:08","date_gmt":"2025-10-16T18:49:08","guid":{"rendered":"https:\/\/tiendaenlinea.productoselzorro.com\/?post_type=product&#038;p=11001"},"modified":"2025-10-27T18:33:44","modified_gmt":"2025-10-27T18:33:44","slug":"papel-higienico-en-bobina-dalia-hd180-c-12-pzas","status":"publish","type":"product","link":"https:\/\/tiendaenlinea.productoselzorro.com\/en\/product\/papel-higienico-en-bobina-dalia-hd180-c-12-pzas\/","title":{"rendered":"Papel Higienico en Bobina 180metros DALIA Caja ( C\/12 PZAS) Por Pedido"},"content":{"rendered":"<p>Papel higi\u00e9nico Dalia 180 metros. Caja con 12 rollos de papel higi\u00e9nico Dalia 180 metros de hoja doble de la marca Dalia, es ideal para uso institucional, es biodegradable y cuenta con desfibrado total. Es la opci\u00f3n ideal de papel higi\u00e9nico para oficinas, escuelas, industrias y negocios de todos los ramos. Adem\u00e1s, Dalia te asegura con su Certificado de Metraje que sus metros son exactos.<\/p>","protected":false},"excerpt":{"rendered":"<p>Detalles:<\/p>\n<p>Hoja: Hoja doble<\/p>\n<p>Clase de papel: Tissue Eco<\/p>\n<p>Metros por rollo: 180 metros<br \/>\nMetros por caja: 2,160 metros<\/p>\n<p>Presentaci\u00f3n: 12 rollos por caja<\/p>\n<p>Color: Blanco<br \/>\nDi\u00e1metro: 19.5 cm<br \/>\nAncho: 8.5 cm<\/p>","protected":false},"featured_media":11002,"comment_status":"open","ping_status":"closed","template":"","meta":[],"product_brand":[],"product_cat":[519],"product_tag":[],"class_list":{"0":"post-11001","1":"product","2":"type-product","3":"status-publish","4":"has-post-thumbnail","6":"product_cat-papelhigienico","8":"first","9":"onbackorder","10":"sale","11":"taxable","12":"shipping-taxable","13":"purchasable","14":"product-type-simple"},"jetpack_sharing_enabled":true,"_links":{"self":[{"href":"https:\/\/tiendaenlinea.productoselzorro.com\/en\/wp-json\/wp\/v2\/product\/11001","targetHints":{"allow":["GET"]}}],"collection":[{"href":"https:\/\/tiendaenlinea.productoselzorro.com\/en\/wp-json\/wp\/v2\/product"}],"about":[{"href":"https:\/\/tiendaenlinea.productoselzorro.com\/en\/wp-json\/wp\/v2\/types\/product"}],"replies":[{"embeddable":true,"href":"https:\/\/tiendaenlinea.productoselzorro.com\/en\/wp-json\/wp\/v2\/comments?post=11001"}],"version-history":[{"count":0,"href":"https:\/\/tiendaenlinea.productoselzorro.com\/en\/wp-json\/wp\/v2\/product\/11001\/revisions"}],"wp:featuredmedia":[{"embeddable":true,"href":"https:\/\/tiendaenlinea.productoselzorro.com\/en\/wp-json\/wp\/v2\/media\/11002"}],"wp:attachment":[{"href":"https:\/\/tiendaenlinea.productoselzorro.com\/en\/wp-json\/wp\/v2\/media?parent=11001"}],"wp:term":[{"taxonomy":"product_brand","embeddable":true,"href":"https:\/\/tiendaenlinea.productoselzorro.com\/en\/wp-json\/wp\/v2\/product_brand?post=11001"},{"taxonomy":"product_cat","embeddable":true,"href":"https:\/\/tiendaenlinea.productoselzorro.com\/en\/wp-json\/wp\/v2\/product_cat?post=11001"},{"taxonomy":"product_tag","embeddable":true,"href":"https:\/\/tiendaenlinea.productoselzorro.com\/en\/wp-json\/wp\/v2\/product_tag?post=11001"}],"curies":[{"name":"wp","href":"https:\/\/api.w.org\/{rel}","templated":true}]}}