{"id":10991,"date":"2025-10-15T20:03:59","date_gmt":"2025-10-15T20:03:59","guid":{"rendered":"https:\/\/tiendaenlinea.productoselzorro.com\/?post_type=product&#038;p=10991"},"modified":"2025-12-29T13:35:42","modified_gmt":"2025-12-29T19:35:42","slug":"blanqueador-liquido-cloralex-el-rendidor-3-75l","status":"publish","type":"product","link":"https:\/\/tiendaenlinea.productoselzorro.com\/en\/product\/blanqueador-liquido-cloralex-el-rendidor-3-75l\/","title":{"rendered":"Blanqueador l\u00edquido Cloralex El Rendidor 3.75L"},"content":{"rendered":"<div>Cloro blanqueador l\u00edquido con aroma: Cloralex dise\u00f1ado para ropa, loza, platos, inodoros y lavabos. Por su contenido, da blancura a tu ropa, desinfecta y ayuda a la limpieza. Su aroma da una sensaci\u00f3n de frescura que perdura durante el d\u00eda.<\/div>\n<div><\/div>\n<div>&#8211; Presentaci\u00f3n l\u00edquida que ayuda a porcionar la cantidad necesaria para no salpicar y evitar accidentes.<\/div>\n<div>&#8211; No da\u00f1a la ropa (no usar en ropa de color), elimina olor y manchas.<\/div>\n<div>&#8211; En uso directo o diluido en agua: desinfecta y elimina hasta el 99.9% de virus y bacterias en superficies cer\u00e1micas y pl\u00e1sticas, etc.<\/div>\n<div>&#8211; Blanquea, desodoriza y desinfecta telas blancas de algod\u00f3n, lino y poli\u00e9ster.<\/div>\n<div>&#8211; Elimina de las superficies el virus causante del Covid-19, botella fabricada con material 100% reciclado.<\/div>","protected":false},"excerpt":{"rendered":"<ul>\n<li>Elimina g\u00e9rmenes.<\/li>\n<li>Gran concentraci\u00f3n.<\/li>\n<li>Te ayudar\u00e1 a limpiar de una manera eficaz.<\/li>\n<\/ul>","protected":false},"featured_media":10992,"comment_status":"open","ping_status":"closed","template":"","meta":[],"product_brand":[493],"product_cat":[484,485,336],"product_tag":[],"class_list":{"0":"post-10991","1":"product","2":"type-product","3":"status-publish","4":"has-post-thumbnail","6":"product_brand-cloralex","7":"product_cat-desinfectantes","8":"product_cat-limpiezadesuperficies","9":"product_cat-productos_para_negocio","11":"first","12":"instock","13":"taxable","14":"shipping-taxable","15":"purchasable","16":"product-type-simple"},"jetpack_sharing_enabled":true,"_links":{"self":[{"href":"https:\/\/tiendaenlinea.productoselzorro.com\/en\/wp-json\/wp\/v2\/product\/10991","targetHints":{"allow":["GET"]}}],"collection":[{"href":"https:\/\/tiendaenlinea.productoselzorro.com\/en\/wp-json\/wp\/v2\/product"}],"about":[{"href":"https:\/\/tiendaenlinea.productoselzorro.com\/en\/wp-json\/wp\/v2\/types\/product"}],"replies":[{"embeddable":true,"href":"https:\/\/tiendaenlinea.productoselzorro.com\/en\/wp-json\/wp\/v2\/comments?post=10991"}],"version-history":[{"count":0,"href":"https:\/\/tiendaenlinea.productoselzorro.com\/en\/wp-json\/wp\/v2\/product\/10991\/revisions"}],"wp:featuredmedia":[{"embeddable":true,"href":"https:\/\/tiendaenlinea.productoselzorro.com\/en\/wp-json\/wp\/v2\/media\/10992"}],"wp:attachment":[{"href":"https:\/\/tiendaenlinea.productoselzorro.com\/en\/wp-json\/wp\/v2\/media?parent=10991"}],"wp:term":[{"taxonomy":"product_brand","embeddable":true,"href":"https:\/\/tiendaenlinea.productoselzorro.com\/en\/wp-json\/wp\/v2\/product_brand?post=10991"},{"taxonomy":"product_cat","embeddable":true,"href":"https:\/\/tiendaenlinea.productoselzorro.com\/en\/wp-json\/wp\/v2\/product_cat?post=10991"},{"taxonomy":"product_tag","embeddable":true,"href":"https:\/\/tiendaenlinea.productoselzorro.com\/en\/wp-json\/wp\/v2\/product_tag?post=10991"}],"curies":[{"name":"wp","href":"https:\/\/api.w.org\/{rel}","templated":true}]}}