{"id":10977,"date":"2025-10-15T19:27:44","date_gmt":"2025-10-15T19:27:44","guid":{"rendered":"https:\/\/tiendaenlinea.productoselzorro.com\/?post_type=product&#038;p=10977"},"modified":"2025-12-27T14:23:20","modified_gmt":"2025-12-27T20:23:20","slug":"fibra-metalica-3m-scotch-brite-en-espiral-2pzas","status":"publish","type":"product","link":"https:\/\/tiendaenlinea.productoselzorro.com\/en\/product\/fibra-metalica-3m-scotch-brite-en-espiral-2pzas\/","title":{"rendered":"Fibra met\u00e1lica 3M Scotch-Brite en espiral 2PZAS"},"content":{"rendered":"<div>El espiral met\u00e1lico Scotch-Brite ser\u00e1 tu herramienta a la hora de limpiar ollas, parrillas y sartenes.<\/div>\n<div><\/div>\n<div>&#8211; Con su textura suave evitar\u00e1s que da\u00f1e.<\/div>\n<div>&#8211; Es ideal para la limpieza profunda.<\/div>\n<div>&#8211; Devuelve el brillo sin necesidad de esfuerzo a las superficies met\u00e1licas.<\/div>","protected":false},"excerpt":{"rendered":"<ul>\n<li>Un indispensable para tu hogar.<\/li>\n<li>\u00datil en la limpieza del hogar.<\/li>\n<li>Ideal para gran variedad de superficies.<\/li>\n<\/ul>","protected":false},"featured_media":10978,"comment_status":"open","ping_status":"closed","template":"","meta":[],"product_brand":[494],"product_cat":[638],"product_tag":[],"class_list":{"0":"post-10977","1":"product","2":"type-product","3":"status-publish","4":"has-post-thumbnail","6":"product_brand-scotch-brite","7":"product_cat-fibras-limpieza","9":"first","10":"instock","11":"taxable","12":"shipping-taxable","13":"purchasable","14":"product-type-simple"},"jetpack_sharing_enabled":true,"_links":{"self":[{"href":"https:\/\/tiendaenlinea.productoselzorro.com\/en\/wp-json\/wp\/v2\/product\/10977","targetHints":{"allow":["GET"]}}],"collection":[{"href":"https:\/\/tiendaenlinea.productoselzorro.com\/en\/wp-json\/wp\/v2\/product"}],"about":[{"href":"https:\/\/tiendaenlinea.productoselzorro.com\/en\/wp-json\/wp\/v2\/types\/product"}],"replies":[{"embeddable":true,"href":"https:\/\/tiendaenlinea.productoselzorro.com\/en\/wp-json\/wp\/v2\/comments?post=10977"}],"version-history":[{"count":0,"href":"https:\/\/tiendaenlinea.productoselzorro.com\/en\/wp-json\/wp\/v2\/product\/10977\/revisions"}],"wp:featuredmedia":[{"embeddable":true,"href":"https:\/\/tiendaenlinea.productoselzorro.com\/en\/wp-json\/wp\/v2\/media\/10978"}],"wp:attachment":[{"href":"https:\/\/tiendaenlinea.productoselzorro.com\/en\/wp-json\/wp\/v2\/media?parent=10977"}],"wp:term":[{"taxonomy":"product_brand","embeddable":true,"href":"https:\/\/tiendaenlinea.productoselzorro.com\/en\/wp-json\/wp\/v2\/product_brand?post=10977"},{"taxonomy":"product_cat","embeddable":true,"href":"https:\/\/tiendaenlinea.productoselzorro.com\/en\/wp-json\/wp\/v2\/product_cat?post=10977"},{"taxonomy":"product_tag","embeddable":true,"href":"https:\/\/tiendaenlinea.productoselzorro.com\/en\/wp-json\/wp\/v2\/product_tag?post=10977"}],"curies":[{"name":"wp","href":"https:\/\/api.w.org\/{rel}","templated":true}]}}