{"id":10972,"date":"2025-10-15T19:18:38","date_gmt":"2025-10-15T19:18:38","guid":{"rendered":"https:\/\/tiendaenlinea.productoselzorro.com\/?post_type=product&#038;p=10972"},"modified":"2026-01-14T16:13:05","modified_gmt":"2026-01-14T22:13:05","slug":"insecticida-raid-raidolitos-verde-10-espirales-y-base-metalica","status":"publish","type":"product","link":"https:\/\/tiendaenlinea.productoselzorro.com\/en\/product\/insecticida-raid-raidolitos-verde-10-espirales-y-base-metalica\/","title":{"rendered":"Insecticida Raid Raidolitos verde 10 espirales y base met\u00e1lica"},"content":{"rendered":"<p>Raid Raidolitos \u00ae es un insecticida s\u00f3lido que mata y repele a los mosquitos. Este producto entra en acci\u00f3n al encender la punta del espiral, generando que el humo ahuyente y mate a los mosquitos que se encuentren cerca. Es un producto dise\u00f1ado no solo para funcionar en \u00e1reas exteriores. Puede ser utilizado dentro de la casa en habitaciones bien ventiladas. Raid espirales te brindar\u00e1 una protecci\u00f3n continua hasta por 7 horas.<\/p>","protected":false},"excerpt":{"rendered":"<ul>\n<li>Poder contra insectos.<\/li>\n<li>Eficaz.<\/li>\n<li>Indispensable en el hogar.<\/li>\n<\/ul>","protected":false},"featured_media":10973,"comment_status":"closed","ping_status":"closed","template":"","meta":[],"product_brand":[505],"product_cat":[504],"product_tag":[],"class_list":{"0":"post-10972","1":"product","2":"type-product","3":"status-publish","4":"has-post-thumbnail","6":"product_brand-raid","7":"product_cat-insecticidas","9":"first","10":"instock","11":"taxable","12":"shipping-taxable","13":"purchasable","14":"product-type-simple"},"jetpack_sharing_enabled":true,"_links":{"self":[{"href":"https:\/\/tiendaenlinea.productoselzorro.com\/en\/wp-json\/wp\/v2\/product\/10972","targetHints":{"allow":["GET"]}}],"collection":[{"href":"https:\/\/tiendaenlinea.productoselzorro.com\/en\/wp-json\/wp\/v2\/product"}],"about":[{"href":"https:\/\/tiendaenlinea.productoselzorro.com\/en\/wp-json\/wp\/v2\/types\/product"}],"replies":[{"embeddable":true,"href":"https:\/\/tiendaenlinea.productoselzorro.com\/en\/wp-json\/wp\/v2\/comments?post=10972"}],"version-history":[{"count":0,"href":"https:\/\/tiendaenlinea.productoselzorro.com\/en\/wp-json\/wp\/v2\/product\/10972\/revisions"}],"wp:featuredmedia":[{"embeddable":true,"href":"https:\/\/tiendaenlinea.productoselzorro.com\/en\/wp-json\/wp\/v2\/media\/10973"}],"wp:attachment":[{"href":"https:\/\/tiendaenlinea.productoselzorro.com\/en\/wp-json\/wp\/v2\/media?parent=10972"}],"wp:term":[{"taxonomy":"product_brand","embeddable":true,"href":"https:\/\/tiendaenlinea.productoselzorro.com\/en\/wp-json\/wp\/v2\/product_brand?post=10972"},{"taxonomy":"product_cat","embeddable":true,"href":"https:\/\/tiendaenlinea.productoselzorro.com\/en\/wp-json\/wp\/v2\/product_cat?post=10972"},{"taxonomy":"product_tag","embeddable":true,"href":"https:\/\/tiendaenlinea.productoselzorro.com\/en\/wp-json\/wp\/v2\/product_tag?post=10972"}],"curies":[{"name":"wp","href":"https:\/\/api.w.org\/{rel}","templated":true}]}}