{"id":10968,"date":"2025-10-15T19:13:48","date_gmt":"2025-10-15T19:13:48","guid":{"rendered":"https:\/\/tiendaenlinea.productoselzorro.com\/?post_type=product&#038;p=10968"},"modified":"2025-12-27T14:28:24","modified_gmt":"2025-12-27T20:28:24","slug":"insecticida-en-aerosol-raid-casa-y-jardin-mata-insectos-voladores-y-rastreros-400ml","status":"publish","type":"product","link":"https:\/\/tiendaenlinea.productoselzorro.com\/en\/product\/insecticida-en-aerosol-raid-casa-y-jardin-mata-insectos-voladores-y-rastreros-400ml\/","title":{"rendered":"Insecticida en Aerosol Raid Casa y Jard\u00edn Mata Insectos Voladores y Rastreros 400mL"},"content":{"rendered":"<div>Raid\u00ae Casa y Jard\u00edn es un insecticida en aerosol con base agua que mata a los insectos de tu hogar y jard\u00edn como hormigas, ara\u00f1as, moscas adem\u00e1s elimina al mosquito que puede transmitir ZIKA, DENGUE Y CHIKUNGUNYA protegiendo as\u00ed a tu familia. Recuerda agitar bien el producto antes de usarlo. Para un mejor efecto te recomendamos cerrar puertas y ventanas, previa salida de personas y animales dom\u00e9sticos. Roc\u00ede hacia arriba por 10 segundos a una distancia m\u00ednima de 1 metro de objetos y paredes. Salga del lugar y deje actuar el producto por 20 minutos y despu\u00e9s ventile.<\/div>\n<div>Revise todas las leyendas precautorias y recomendaciones antes de usar, el producto puede ser t\u00f3xico, corrosivo, o inflamable.<\/div>","protected":false},"excerpt":{"rendered":"<ul>\n<li>Mata Insectos Voladores y Rastreros<\/li>\n<li>Elimina al mosquito del zika, dengue y chikungunya<\/li>\n<li>Mata insectos y protege a su familia de sus picaduras<\/li>\n<\/ul>","protected":false},"featured_media":10969,"comment_status":"open","ping_status":"closed","template":"","meta":[],"product_brand":[505],"product_cat":[504],"product_tag":[],"class_list":{"0":"post-10968","1":"product","2":"type-product","3":"status-publish","4":"has-post-thumbnail","6":"product_brand-raid","7":"product_cat-insecticidas","9":"first","10":"instock","11":"taxable","12":"shipping-taxable","13":"purchasable","14":"product-type-simple"},"jetpack_sharing_enabled":true,"_links":{"self":[{"href":"https:\/\/tiendaenlinea.productoselzorro.com\/en\/wp-json\/wp\/v2\/product\/10968","targetHints":{"allow":["GET"]}}],"collection":[{"href":"https:\/\/tiendaenlinea.productoselzorro.com\/en\/wp-json\/wp\/v2\/product"}],"about":[{"href":"https:\/\/tiendaenlinea.productoselzorro.com\/en\/wp-json\/wp\/v2\/types\/product"}],"replies":[{"embeddable":true,"href":"https:\/\/tiendaenlinea.productoselzorro.com\/en\/wp-json\/wp\/v2\/comments?post=10968"}],"version-history":[{"count":0,"href":"https:\/\/tiendaenlinea.productoselzorro.com\/en\/wp-json\/wp\/v2\/product\/10968\/revisions"}],"wp:featuredmedia":[{"embeddable":true,"href":"https:\/\/tiendaenlinea.productoselzorro.com\/en\/wp-json\/wp\/v2\/media\/10969"}],"wp:attachment":[{"href":"https:\/\/tiendaenlinea.productoselzorro.com\/en\/wp-json\/wp\/v2\/media?parent=10968"}],"wp:term":[{"taxonomy":"product_brand","embeddable":true,"href":"https:\/\/tiendaenlinea.productoselzorro.com\/en\/wp-json\/wp\/v2\/product_brand?post=10968"},{"taxonomy":"product_cat","embeddable":true,"href":"https:\/\/tiendaenlinea.productoselzorro.com\/en\/wp-json\/wp\/v2\/product_cat?post=10968"},{"taxonomy":"product_tag","embeddable":true,"href":"https:\/\/tiendaenlinea.productoselzorro.com\/en\/wp-json\/wp\/v2\/product_tag?post=10968"}],"curies":[{"name":"wp","href":"https:\/\/api.w.org\/{rel}","templated":true}]}}