{"id":10962,"date":"2025-10-15T18:20:23","date_gmt":"2025-10-15T18:20:23","guid":{"rendered":"https:\/\/tiendaenlinea.productoselzorro.com\/?post_type=product&#038;p=10962"},"modified":"2026-01-14T14:33:31","modified_gmt":"2026-01-14T20:33:31","slug":"acido-muriatico-sultan-regular-900ml","status":"publish","type":"product","link":"https:\/\/tiendaenlinea.productoselzorro.com\/en\/product\/acido-muriatico-sultan-regular-900ml\/","title":{"rendered":"\u00c1cido Muri\u00e1tico Sult\u00e1n Regular 900ml"},"content":{"rendered":"<p>Sult\u00e1n \u00c1cido Muri\u00e1tico es tu aliado m\u00e1s poderoso contra los retos rudos de tu hogar.<\/p>","protected":false},"excerpt":{"rendered":"<ul class=\"chedrauimx-frontend-applications-5-x-descriptionList\">\n<li class=\"chedrauimx-frontend-applications-5-x-listElement\">Evita problemas de obstrucci\u00f3n de ca\u00f1erias.<\/li>\n<li class=\"chedrauimx-frontend-applications-5-x-listElement\">Puede usarse en inodoros, azulejos, pisos vidriados, plasticos y cer\u00e1micos.<\/li>\n<li class=\"chedrauimx-frontend-applications-5-x-listElement\">No da\u00f1a las superficies.<\/li>\n<\/ul>","protected":false},"featured_media":10963,"comment_status":"closed","ping_status":"closed","template":"","meta":[],"product_brand":[501],"product_cat":[485],"product_tag":[],"class_list":{"0":"post-10962","1":"product","2":"type-product","3":"status-publish","4":"has-post-thumbnail","6":"product_brand-sultan","7":"product_cat-limpiezadesuperficies","9":"first","10":"instock","11":"taxable","12":"shipping-taxable","13":"purchasable","14":"product-type-simple"},"jetpack_sharing_enabled":true,"_links":{"self":[{"href":"https:\/\/tiendaenlinea.productoselzorro.com\/en\/wp-json\/wp\/v2\/product\/10962","targetHints":{"allow":["GET"]}}],"collection":[{"href":"https:\/\/tiendaenlinea.productoselzorro.com\/en\/wp-json\/wp\/v2\/product"}],"about":[{"href":"https:\/\/tiendaenlinea.productoselzorro.com\/en\/wp-json\/wp\/v2\/types\/product"}],"replies":[{"embeddable":true,"href":"https:\/\/tiendaenlinea.productoselzorro.com\/en\/wp-json\/wp\/v2\/comments?post=10962"}],"version-history":[{"count":0,"href":"https:\/\/tiendaenlinea.productoselzorro.com\/en\/wp-json\/wp\/v2\/product\/10962\/revisions"}],"wp:featuredmedia":[{"embeddable":true,"href":"https:\/\/tiendaenlinea.productoselzorro.com\/en\/wp-json\/wp\/v2\/media\/10963"}],"wp:attachment":[{"href":"https:\/\/tiendaenlinea.productoselzorro.com\/en\/wp-json\/wp\/v2\/media?parent=10962"}],"wp:term":[{"taxonomy":"product_brand","embeddable":true,"href":"https:\/\/tiendaenlinea.productoselzorro.com\/en\/wp-json\/wp\/v2\/product_brand?post=10962"},{"taxonomy":"product_cat","embeddable":true,"href":"https:\/\/tiendaenlinea.productoselzorro.com\/en\/wp-json\/wp\/v2\/product_cat?post=10962"},{"taxonomy":"product_tag","embeddable":true,"href":"https:\/\/tiendaenlinea.productoselzorro.com\/en\/wp-json\/wp\/v2\/product_tag?post=10962"}],"curies":[{"name":"wp","href":"https:\/\/api.w.org\/{rel}","templated":true}]}}