{"id":10949,"date":"2025-10-15T17:49:32","date_gmt":"2025-10-15T17:49:32","guid":{"rendered":"https:\/\/tiendaenlinea.productoselzorro.com\/?post_type=product&#038;p=10949"},"modified":"2025-12-27T14:20:35","modified_gmt":"2025-12-27T20:20:35","slug":"limpiador-liquido-multiusos-ajax-bicarbonato-desinfectante-limon-1l","status":"publish","type":"product","link":"https:\/\/tiendaenlinea.productoselzorro.com\/en\/product\/limpiador-liquido-multiusos-ajax-bicarbonato-desinfectante-limon-1l\/","title":{"rendered":"Limpiador L\u00edquido Multiusos Ajax Bicarbonato Desinfectante Lim\u00f3n 1L"},"content":{"rendered":"<div>Disfruta de un ambiente limpio y seguro con Ajax Bicarbonato Lim\u00f3n Desinfectante, el limpiador l\u00edquido multiusos que elimina el 99.99% de bacterias que pueden causar malos olores y mant\u00e9n tu casa limpia y desinfectada en todo momento. Elimina el 99.99% de E. coli, P. aeruginosa, S typhimurium, S. aureus, Influenza A(H1N1) y Coronavirus OC43.<\/div>\n<div><\/div>\n<div>&#8211; M\u00e1xima Eficacia.<\/div>\n<div>&#8211; Limpieza profunda y brillo.<\/div>\n<div>&#8211; Elimina malos olores en superficies.<\/div>","protected":false},"excerpt":{"rendered":"<ul>\n<li>Eficacia en la limpieza profunda de superficies<\/li>\n<li>Elimina malos olores<\/li>\n<li>Mantiene tu casa limpia<\/li>\n<\/ul>","protected":false},"featured_media":10950,"comment_status":"open","ping_status":"closed","template":"","meta":[],"product_brand":[498],"product_cat":[485],"product_tag":[],"class_list":{"0":"post-10949","1":"product","2":"type-product","3":"status-publish","4":"has-post-thumbnail","6":"product_brand-ajax","7":"product_cat-limpiezadesuperficies","9":"first","10":"instock","11":"taxable","12":"shipping-taxable","13":"purchasable","14":"product-type-simple"},"jetpack_sharing_enabled":true,"_links":{"self":[{"href":"https:\/\/tiendaenlinea.productoselzorro.com\/en\/wp-json\/wp\/v2\/product\/10949","targetHints":{"allow":["GET"]}}],"collection":[{"href":"https:\/\/tiendaenlinea.productoselzorro.com\/en\/wp-json\/wp\/v2\/product"}],"about":[{"href":"https:\/\/tiendaenlinea.productoselzorro.com\/en\/wp-json\/wp\/v2\/types\/product"}],"replies":[{"embeddable":true,"href":"https:\/\/tiendaenlinea.productoselzorro.com\/en\/wp-json\/wp\/v2\/comments?post=10949"}],"version-history":[{"count":0,"href":"https:\/\/tiendaenlinea.productoselzorro.com\/en\/wp-json\/wp\/v2\/product\/10949\/revisions"}],"wp:featuredmedia":[{"embeddable":true,"href":"https:\/\/tiendaenlinea.productoselzorro.com\/en\/wp-json\/wp\/v2\/media\/10950"}],"wp:attachment":[{"href":"https:\/\/tiendaenlinea.productoselzorro.com\/en\/wp-json\/wp\/v2\/media?parent=10949"}],"wp:term":[{"taxonomy":"product_brand","embeddable":true,"href":"https:\/\/tiendaenlinea.productoselzorro.com\/en\/wp-json\/wp\/v2\/product_brand?post=10949"},{"taxonomy":"product_cat","embeddable":true,"href":"https:\/\/tiendaenlinea.productoselzorro.com\/en\/wp-json\/wp\/v2\/product_cat?post=10949"},{"taxonomy":"product_tag","embeddable":true,"href":"https:\/\/tiendaenlinea.productoselzorro.com\/en\/wp-json\/wp\/v2\/product_tag?post=10949"}],"curies":[{"name":"wp","href":"https:\/\/api.w.org\/{rel}","templated":true}]}}