{"id":10907,"date":"2025-10-15T16:25:49","date_gmt":"2025-10-15T16:25:49","guid":{"rendered":"https:\/\/tiendaenlinea.productoselzorro.com\/?post_type=product&#038;p=10907"},"modified":"2026-01-14T14:38:21","modified_gmt":"2026-01-14T20:38:21","slug":"lavatrastes-liquido-axion-limon-100-efectivo-arrancagrasa-640ml","status":"publish","type":"product","link":"https:\/\/tiendaenlinea.productoselzorro.com\/en\/product\/lavatrastes-liquido-axion-limon-100-efectivo-arrancagrasa-640ml\/","title":{"rendered":"Lavatrastes L\u00edquido Axion Lim\u00f3n 100% Efectivo Arrancagrasa 640ml"},"content":{"rendered":"<p>\u00bfLos platos sucios son tu pesadilla de todos los d\u00edas? No dejes que eso empa\u00f1e tus momentos, utiliza el lavatrastes l\u00edquido Axion Lim\u00f3n y reduce considerablemente el tiempo de lavada. Con su f\u00f3rmula 100% efectiva arrancagrasa.<\/p>","protected":false},"excerpt":{"rendered":"<ul class=\"chedrauimx-frontend-applications-5-x-descriptionList\">\n<li class=\"chedrauimx-frontend-applications-5-x-listElement\">100% efectivo arrancagrasa.<\/li>\n<li class=\"chedrauimx-frontend-applications-5-x-listElement\">Deja tus trastes rechinando de limpios.<\/li>\n<li class=\"chedrauimx-frontend-applications-5-x-listElement\">Poderosa espuma arrancagrasa que combate eficazmente la grasa.<\/li>\n<li class=\"chedrauimx-frontend-applications-5-x-listElement\">Remueve la grasa m\u00e1s f\u00e1cil y r\u00e1pido que otros.<\/li>\n<li class=\"chedrauimx-frontend-applications-5-x-listElement\">Disfruta de un agradable fragancia a lim\u00f3n que elimina los malos olores.<\/li>\n<\/ul>","protected":false},"featured_media":10908,"comment_status":"closed","ping_status":"closed","template":"","meta":[],"product_brand":[490],"product_cat":[486],"product_tag":[],"class_list":{"0":"post-10907","1":"product","2":"type-product","3":"status-publish","4":"has-post-thumbnail","6":"product_brand-axion","7":"product_cat-limpiezadecocina","9":"first","10":"instock","11":"taxable","12":"shipping-taxable","13":"purchasable","14":"product-type-simple"},"jetpack_sharing_enabled":true,"_links":{"self":[{"href":"https:\/\/tiendaenlinea.productoselzorro.com\/en\/wp-json\/wp\/v2\/product\/10907","targetHints":{"allow":["GET"]}}],"collection":[{"href":"https:\/\/tiendaenlinea.productoselzorro.com\/en\/wp-json\/wp\/v2\/product"}],"about":[{"href":"https:\/\/tiendaenlinea.productoselzorro.com\/en\/wp-json\/wp\/v2\/types\/product"}],"replies":[{"embeddable":true,"href":"https:\/\/tiendaenlinea.productoselzorro.com\/en\/wp-json\/wp\/v2\/comments?post=10907"}],"version-history":[{"count":0,"href":"https:\/\/tiendaenlinea.productoselzorro.com\/en\/wp-json\/wp\/v2\/product\/10907\/revisions"}],"wp:featuredmedia":[{"embeddable":true,"href":"https:\/\/tiendaenlinea.productoselzorro.com\/en\/wp-json\/wp\/v2\/media\/10908"}],"wp:attachment":[{"href":"https:\/\/tiendaenlinea.productoselzorro.com\/en\/wp-json\/wp\/v2\/media?parent=10907"}],"wp:term":[{"taxonomy":"product_brand","embeddable":true,"href":"https:\/\/tiendaenlinea.productoselzorro.com\/en\/wp-json\/wp\/v2\/product_brand?post=10907"},{"taxonomy":"product_cat","embeddable":true,"href":"https:\/\/tiendaenlinea.productoselzorro.com\/en\/wp-json\/wp\/v2\/product_cat?post=10907"},{"taxonomy":"product_tag","embeddable":true,"href":"https:\/\/tiendaenlinea.productoselzorro.com\/en\/wp-json\/wp\/v2\/product_tag?post=10907"}],"curies":[{"name":"wp","href":"https:\/\/api.w.org\/{rel}","templated":true}]}}