{"id":10904,"date":"2025-10-15T16:25:40","date_gmt":"2025-10-15T16:25:40","guid":{"rendered":"https:\/\/tiendaenlinea.productoselzorro.com\/?post_type=product&#038;p=10904"},"modified":"2026-01-14T14:37:07","modified_gmt":"2026-01-14T20:37:07","slug":"lavatrastes-salvo-limon-900ml","status":"publish","type":"product","link":"https:\/\/tiendaenlinea.productoselzorro.com\/en\/product\/lavatrastes-salvo-limon-900ml\/","title":{"rendered":"Lavatrastes Salvo Lim\u00f3n 900ml"},"content":{"rendered":"<p>Salvo Lim\u00f3n es un detergente lavatrastes l\u00edquido que destruye la grasa dif\u00edcil desde la primera pasada y rinde 50% m\u00e1s que otros lavatrastes l\u00edquidos de precio similar.<\/p>","protected":false},"excerpt":{"rendered":"<ul class=\"chedrauimx-frontend-applications-5-x-descriptionList\">\n<li class=\"chedrauimx-frontend-applications-5-x-listElement\">Destruye grasa dif\u00edcil desde la primera pasada.<\/li>\n<li class=\"chedrauimx-frontend-applications-5-x-listElement\">Solo un poquito hace mucha espuma.<\/li>\n<li class=\"chedrauimx-frontend-applications-5-x-listElement\">Rinde 50% m\u00e1s que otros lavatrastes l\u00edquidos de precio similar.<\/li>\n<\/ul>","protected":false},"featured_media":10905,"comment_status":"closed","ping_status":"closed","template":"","meta":[],"product_brand":[489],"product_cat":[486],"product_tag":[],"class_list":{"0":"post-10904","1":"product","2":"type-product","3":"status-publish","4":"has-post-thumbnail","6":"product_brand-salvo","7":"product_cat-limpiezadecocina","9":"first","10":"instock","11":"taxable","12":"shipping-taxable","13":"purchasable","14":"product-type-simple"},"jetpack_sharing_enabled":true,"_links":{"self":[{"href":"https:\/\/tiendaenlinea.productoselzorro.com\/en\/wp-json\/wp\/v2\/product\/10904","targetHints":{"allow":["GET"]}}],"collection":[{"href":"https:\/\/tiendaenlinea.productoselzorro.com\/en\/wp-json\/wp\/v2\/product"}],"about":[{"href":"https:\/\/tiendaenlinea.productoselzorro.com\/en\/wp-json\/wp\/v2\/types\/product"}],"replies":[{"embeddable":true,"href":"https:\/\/tiendaenlinea.productoselzorro.com\/en\/wp-json\/wp\/v2\/comments?post=10904"}],"version-history":[{"count":0,"href":"https:\/\/tiendaenlinea.productoselzorro.com\/en\/wp-json\/wp\/v2\/product\/10904\/revisions"}],"wp:featuredmedia":[{"embeddable":true,"href":"https:\/\/tiendaenlinea.productoselzorro.com\/en\/wp-json\/wp\/v2\/media\/10905"}],"wp:attachment":[{"href":"https:\/\/tiendaenlinea.productoselzorro.com\/en\/wp-json\/wp\/v2\/media?parent=10904"}],"wp:term":[{"taxonomy":"product_brand","embeddable":true,"href":"https:\/\/tiendaenlinea.productoselzorro.com\/en\/wp-json\/wp\/v2\/product_brand?post=10904"},{"taxonomy":"product_cat","embeddable":true,"href":"https:\/\/tiendaenlinea.productoselzorro.com\/en\/wp-json\/wp\/v2\/product_cat?post=10904"},{"taxonomy":"product_tag","embeddable":true,"href":"https:\/\/tiendaenlinea.productoselzorro.com\/en\/wp-json\/wp\/v2\/product_tag?post=10904"}],"curies":[{"name":"wp","href":"https:\/\/api.w.org\/{rel}","templated":true}]}}