{"id":10901,"date":"2025-10-15T16:16:41","date_gmt":"2025-10-15T16:16:41","guid":{"rendered":"https:\/\/tiendaenlinea.productoselzorro.com\/?post_type=product&#038;p=10901"},"modified":"2026-01-14T14:36:39","modified_gmt":"2026-01-14T20:36:39","slug":"limpiador-liquido-brasso-gold-antigrasa-aroma-naranja-650ml","status":"publish","type":"product","link":"https:\/\/tiendaenlinea.productoselzorro.com\/en\/product\/limpiador-liquido-brasso-gold-antigrasa-aroma-naranja-650ml\/","title":{"rendered":"Limpiador l\u00edquido Brasso Gold antigrasa aroma Naranja 650ml"},"content":{"rendered":"<div>Brasso Gold Cocina Naranja y su Espuma Activa es el complemento ideal para tu cocina.<\/div>\n<div><\/div>\n<div>&#8211; Ayuda a eliminar la grasa de todos los d\u00edas y las manchas m\u00e1s dif\u00edciles sin tanto esfuerzo<\/div>\n<div>&#8211; Deja un fresco aroma<\/div>\n<div>&#8211; Funciona en superficies como: acero inoxidable, vidrio, esmaltadas, pl\u00e1stico, azulejos y exterior de aparatos electrodom\u00e9sticos<\/div>\n<div>&#8211; Combate el cochambre<\/div>","protected":false},"excerpt":{"rendered":"<ul>\n<li>F\u00e1cil de aplicar<\/li>\n<li>Agradable aroma<\/li>\n<li>Te ayudar\u00e1 a limpiar de una manera eficaz<\/li>\n<\/ul>","protected":false},"featured_media":10902,"comment_status":"closed","ping_status":"closed","template":"","meta":[],"product_brand":[488],"product_cat":[486],"product_tag":[],"class_list":{"0":"post-10901","1":"product","2":"type-product","3":"status-publish","4":"has-post-thumbnail","6":"product_brand-brasso","7":"product_cat-limpiezadecocina","9":"first","10":"instock","11":"taxable","12":"shipping-taxable","13":"purchasable","14":"product-type-simple"},"jetpack_sharing_enabled":true,"_links":{"self":[{"href":"https:\/\/tiendaenlinea.productoselzorro.com\/en\/wp-json\/wp\/v2\/product\/10901","targetHints":{"allow":["GET"]}}],"collection":[{"href":"https:\/\/tiendaenlinea.productoselzorro.com\/en\/wp-json\/wp\/v2\/product"}],"about":[{"href":"https:\/\/tiendaenlinea.productoselzorro.com\/en\/wp-json\/wp\/v2\/types\/product"}],"replies":[{"embeddable":true,"href":"https:\/\/tiendaenlinea.productoselzorro.com\/en\/wp-json\/wp\/v2\/comments?post=10901"}],"version-history":[{"count":0,"href":"https:\/\/tiendaenlinea.productoselzorro.com\/en\/wp-json\/wp\/v2\/product\/10901\/revisions"}],"wp:featuredmedia":[{"embeddable":true,"href":"https:\/\/tiendaenlinea.productoselzorro.com\/en\/wp-json\/wp\/v2\/media\/10902"}],"wp:attachment":[{"href":"https:\/\/tiendaenlinea.productoselzorro.com\/en\/wp-json\/wp\/v2\/media?parent=10901"}],"wp:term":[{"taxonomy":"product_brand","embeddable":true,"href":"https:\/\/tiendaenlinea.productoselzorro.com\/en\/wp-json\/wp\/v2\/product_brand?post=10901"},{"taxonomy":"product_cat","embeddable":true,"href":"https:\/\/tiendaenlinea.productoselzorro.com\/en\/wp-json\/wp\/v2\/product_cat?post=10901"},{"taxonomy":"product_tag","embeddable":true,"href":"https:\/\/tiendaenlinea.productoselzorro.com\/en\/wp-json\/wp\/v2\/product_tag?post=10901"}],"curies":[{"name":"wp","href":"https:\/\/api.w.org\/{rel}","templated":true}]}}