{"id":10891,"date":"2025-10-14T22:39:15","date_gmt":"2025-10-14T22:39:15","guid":{"rendered":"https:\/\/tiendaenlinea.productoselzorro.com\/?post_type=product&#038;p=10891"},"modified":"2025-10-14T22:39:15","modified_gmt":"2025-10-14T22:39:15","slug":"pina-en-almibar-la-costena-rebanadas-800g","status":"publish","type":"product","link":"https:\/\/tiendaenlinea.productoselzorro.com\/en\/product\/pina-en-almibar-la-costena-rebanadas-800g\/","title":{"rendered":"Pi\u00f1a en Almibar La Coste\u00f1a Rebanadas 800g"},"content":{"rendered":"<p>La tradicional Pi\u00f1a en rebanadas en alm\u00edbar ser\u00e1 el aliado perfecto en tus postres, con su delicioso sabor que no puede faltar en tu mesa.<\/p>","protected":false},"excerpt":{"rendered":"<p>-Sin Conservadores.<br \/>\n-Cons\u00e9rvese en un lugar Fresco.<br \/>\n-Elaborado con una cuidadosa selecci\u00f3n de pi\u00f1as.<\/p>","protected":false},"featured_media":10892,"comment_status":"open","ping_status":"closed","template":"","meta":[],"product_brand":[454],"product_cat":[341],"product_tag":[],"class_list":{"0":"post-10891","1":"product","2":"type-product","3":"status-publish","4":"has-post-thumbnail","6":"product_brand-la-costena","7":"product_cat-reposteria","9":"first","10":"instock","11":"taxable","12":"shipping-taxable","13":"product-type-simple"},"jetpack_sharing_enabled":true,"_links":{"self":[{"href":"https:\/\/tiendaenlinea.productoselzorro.com\/en\/wp-json\/wp\/v2\/product\/10891","targetHints":{"allow":["GET"]}}],"collection":[{"href":"https:\/\/tiendaenlinea.productoselzorro.com\/en\/wp-json\/wp\/v2\/product"}],"about":[{"href":"https:\/\/tiendaenlinea.productoselzorro.com\/en\/wp-json\/wp\/v2\/types\/product"}],"replies":[{"embeddable":true,"href":"https:\/\/tiendaenlinea.productoselzorro.com\/en\/wp-json\/wp\/v2\/comments?post=10891"}],"version-history":[{"count":0,"href":"https:\/\/tiendaenlinea.productoselzorro.com\/en\/wp-json\/wp\/v2\/product\/10891\/revisions"}],"wp:featuredmedia":[{"embeddable":true,"href":"https:\/\/tiendaenlinea.productoselzorro.com\/en\/wp-json\/wp\/v2\/media\/10892"}],"wp:attachment":[{"href":"https:\/\/tiendaenlinea.productoselzorro.com\/en\/wp-json\/wp\/v2\/media?parent=10891"}],"wp:term":[{"taxonomy":"product_brand","embeddable":true,"href":"https:\/\/tiendaenlinea.productoselzorro.com\/en\/wp-json\/wp\/v2\/product_brand?post=10891"},{"taxonomy":"product_cat","embeddable":true,"href":"https:\/\/tiendaenlinea.productoselzorro.com\/en\/wp-json\/wp\/v2\/product_cat?post=10891"},{"taxonomy":"product_tag","embeddable":true,"href":"https:\/\/tiendaenlinea.productoselzorro.com\/en\/wp-json\/wp\/v2\/product_tag?post=10891"}],"curies":[{"name":"wp","href":"https:\/\/api.w.org\/{rel}","templated":true}]}}