{"id":10886,"date":"2025-10-14T22:33:26","date_gmt":"2025-10-14T22:33:26","guid":{"rendered":"https:\/\/tiendaenlinea.productoselzorro.com\/?post_type=product&#038;p=10886"},"modified":"2026-01-14T11:51:23","modified_gmt":"2026-01-14T17:51:23","slug":"chocolate-abuelita-en-polvo-granulado-360-g","status":"publish","type":"product","link":"https:\/\/tiendaenlinea.productoselzorro.com\/en\/product\/chocolate-abuelita-en-polvo-granulado-360-g\/","title":{"rendered":"Chocolate Abuelita en polvo granulado 360 g"},"content":{"rendered":"<p>Chocolate Abuelita es una marca mexicana con m\u00e1s de 80 a\u00f1os de tradici\u00f3n que prevalece en los momentos m\u00e1s especiales de uni\u00f3n familiar.<\/p>\n<p>&#8211; Chocolate Abuelita en polvo granulado.<br \/>\n&#8211; Presentaci\u00f3n f\u00e1cil y r\u00e1pida para preparar el chocolate caliente tradicional de los mexicanos.<br \/>\n&#8211; Ideal para momentos de uni\u00f3n familiar.<\/p>","protected":false},"excerpt":{"rendered":"<p>-Comb\u00ednalo con tu leche de preferencia y dale un toque dulce a tu bebida.<br \/>\n-Prepara y disfruta de una taza de chocolate caliente.<br \/>\n-Aporta un sabor caracter\u00edstico y un gran aroma.<\/p>","protected":false},"featured_media":10887,"comment_status":"closed","ping_status":"closed","template":"","meta":[],"product_brand":[425],"product_cat":[475],"product_tag":[],"class_list":{"0":"post-10886","1":"product","2":"type-product","3":"status-publish","4":"has-post-thumbnail","6":"product_brand-nestle","7":"product_cat-reposteria-abarrotes","9":"first","10":"instock","11":"taxable","12":"shipping-taxable","13":"purchasable","14":"product-type-simple"},"jetpack_sharing_enabled":true,"_links":{"self":[{"href":"https:\/\/tiendaenlinea.productoselzorro.com\/en\/wp-json\/wp\/v2\/product\/10886","targetHints":{"allow":["GET"]}}],"collection":[{"href":"https:\/\/tiendaenlinea.productoselzorro.com\/en\/wp-json\/wp\/v2\/product"}],"about":[{"href":"https:\/\/tiendaenlinea.productoselzorro.com\/en\/wp-json\/wp\/v2\/types\/product"}],"replies":[{"embeddable":true,"href":"https:\/\/tiendaenlinea.productoselzorro.com\/en\/wp-json\/wp\/v2\/comments?post=10886"}],"version-history":[{"count":1,"href":"https:\/\/tiendaenlinea.productoselzorro.com\/en\/wp-json\/wp\/v2\/product\/10886\/revisions"}],"predecessor-version":[{"id":10889,"href":"https:\/\/tiendaenlinea.productoselzorro.com\/en\/wp-json\/wp\/v2\/product\/10886\/revisions\/10889"}],"wp:featuredmedia":[{"embeddable":true,"href":"https:\/\/tiendaenlinea.productoselzorro.com\/en\/wp-json\/wp\/v2\/media\/10887"}],"wp:attachment":[{"href":"https:\/\/tiendaenlinea.productoselzorro.com\/en\/wp-json\/wp\/v2\/media?parent=10886"}],"wp:term":[{"taxonomy":"product_brand","embeddable":true,"href":"https:\/\/tiendaenlinea.productoselzorro.com\/en\/wp-json\/wp\/v2\/product_brand?post=10886"},{"taxonomy":"product_cat","embeddable":true,"href":"https:\/\/tiendaenlinea.productoselzorro.com\/en\/wp-json\/wp\/v2\/product_cat?post=10886"},{"taxonomy":"product_tag","embeddable":true,"href":"https:\/\/tiendaenlinea.productoselzorro.com\/en\/wp-json\/wp\/v2\/product_tag?post=10886"}],"curies":[{"name":"wp","href":"https:\/\/api.w.org\/{rel}","templated":true}]}}