{"id":10884,"date":"2025-10-14T22:30:49","date_gmt":"2025-10-14T22:30:49","guid":{"rendered":"https:\/\/tiendaenlinea.productoselzorro.com\/?post_type=product&#038;p=10884"},"modified":"2026-01-14T11:50:56","modified_gmt":"2026-01-14T17:50:56","slug":"chocolate-para-mesa-abuelita-con-6-tablillas-de-90-g-c-u","status":"publish","type":"product","link":"https:\/\/tiendaenlinea.productoselzorro.com\/en\/product\/chocolate-para-mesa-abuelita-con-6-tablillas-de-90-g-c-u\/","title":{"rendered":"Chocolate para mesa Abuelita con 6 tablillas de 90 g c\/u"},"content":{"rendered":"<p>Chocolate Abuelita es una marca mexicana con m\u00e1s de 80 a\u00f1os de tradici\u00f3n que prevalece en los momentos m\u00e1s especiales de uni\u00f3n familiar.<\/p>\n<p>Exquisito sabor y aroma<br \/>\nIdeal para momentos de uni\u00f3n familiar<\/p>","protected":false},"excerpt":{"rendered":"<p>-Comb\u00ednalo con tu leche de preferencia y dale un toque dulce a tu bebida.<br \/>\n-Aporta un sabor chocolatoso.<br \/>\n-Disfruta para el desayuno o la cena.<\/p>","protected":false},"featured_media":10885,"comment_status":"closed","ping_status":"closed","template":"","meta":[],"product_brand":[425],"product_cat":[475],"product_tag":[],"class_list":{"0":"post-10884","1":"product","2":"type-product","3":"status-publish","4":"has-post-thumbnail","6":"product_brand-nestle","7":"product_cat-reposteria-abarrotes","9":"first","10":"instock","11":"taxable","12":"shipping-taxable","13":"purchasable","14":"product-type-simple"},"jetpack_sharing_enabled":true,"_links":{"self":[{"href":"https:\/\/tiendaenlinea.productoselzorro.com\/en\/wp-json\/wp\/v2\/product\/10884","targetHints":{"allow":["GET"]}}],"collection":[{"href":"https:\/\/tiendaenlinea.productoselzorro.com\/en\/wp-json\/wp\/v2\/product"}],"about":[{"href":"https:\/\/tiendaenlinea.productoselzorro.com\/en\/wp-json\/wp\/v2\/types\/product"}],"replies":[{"embeddable":true,"href":"https:\/\/tiendaenlinea.productoselzorro.com\/en\/wp-json\/wp\/v2\/comments?post=10884"}],"version-history":[{"count":0,"href":"https:\/\/tiendaenlinea.productoselzorro.com\/en\/wp-json\/wp\/v2\/product\/10884\/revisions"}],"wp:featuredmedia":[{"embeddable":true,"href":"https:\/\/tiendaenlinea.productoselzorro.com\/en\/wp-json\/wp\/v2\/media\/10885"}],"wp:attachment":[{"href":"https:\/\/tiendaenlinea.productoselzorro.com\/en\/wp-json\/wp\/v2\/media?parent=10884"}],"wp:term":[{"taxonomy":"product_brand","embeddable":true,"href":"https:\/\/tiendaenlinea.productoselzorro.com\/en\/wp-json\/wp\/v2\/product_brand?post=10884"},{"taxonomy":"product_cat","embeddable":true,"href":"https:\/\/tiendaenlinea.productoselzorro.com\/en\/wp-json\/wp\/v2\/product_cat?post=10884"},{"taxonomy":"product_tag","embeddable":true,"href":"https:\/\/tiendaenlinea.productoselzorro.com\/en\/wp-json\/wp\/v2\/product_tag?post=10884"}],"curies":[{"name":"wp","href":"https:\/\/api.w.org\/{rel}","templated":true}]}}