{"id":10878,"date":"2025-10-14T22:20:30","date_gmt":"2025-10-14T22:20:30","guid":{"rendered":"https:\/\/tiendaenlinea.productoselzorro.com\/?post_type=product&#038;p=10878"},"modified":"2026-01-14T11:49:23","modified_gmt":"2026-01-14T17:49:23","slug":"bicarbonato-de-sodio-puro-promesa-220g","status":"publish","type":"product","link":"https:\/\/tiendaenlinea.productoselzorro.com\/en\/product\/bicarbonato-de-sodio-puro-promesa-220g\/","title":{"rendered":"Bicarbonato de Sodio puro Promesa 220g"},"content":{"rendered":"<p>Blanquea dientes: pon un poco de bicarbonato sobre tu cepillo h\u00famedo y cepilla como de costumbre.<\/p>\n<p>Agente leudante: para reposter\u00eda y galletas, especialmente cuando llevan cocoa natural.<\/p>\n<p>Corta la grasa: pon una cucharada en un litro de agua, frotando los objetos a limpiar<\/p>","protected":false},"excerpt":{"rendered":"<p>Descubre los usos del bicarbonato Promesa\u00ae: Absorbe olores: abre el envase y col\u00f3calo dentro de tu refrigerador o cl\u00f3set. Como anti\u00e1cido: toma media cucharadita en medio vaso de agua para calmar la indigesti\u00f3n \u00e1cida.<\/p>","protected":false},"featured_media":10879,"comment_status":"closed","ping_status":"closed","template":"","meta":[],"product_brand":[480],"product_cat":[475],"product_tag":[],"class_list":{"0":"post-10878","1":"product","2":"type-product","3":"status-publish","4":"has-post-thumbnail","6":"product_brand-promesa","7":"product_cat-reposteria-abarrotes","9":"first","10":"instock","11":"taxable","12":"shipping-taxable","13":"purchasable","14":"product-type-simple"},"jetpack_sharing_enabled":true,"_links":{"self":[{"href":"https:\/\/tiendaenlinea.productoselzorro.com\/en\/wp-json\/wp\/v2\/product\/10878","targetHints":{"allow":["GET"]}}],"collection":[{"href":"https:\/\/tiendaenlinea.productoselzorro.com\/en\/wp-json\/wp\/v2\/product"}],"about":[{"href":"https:\/\/tiendaenlinea.productoselzorro.com\/en\/wp-json\/wp\/v2\/types\/product"}],"replies":[{"embeddable":true,"href":"https:\/\/tiendaenlinea.productoselzorro.com\/en\/wp-json\/wp\/v2\/comments?post=10878"}],"version-history":[{"count":0,"href":"https:\/\/tiendaenlinea.productoselzorro.com\/en\/wp-json\/wp\/v2\/product\/10878\/revisions"}],"wp:featuredmedia":[{"embeddable":true,"href":"https:\/\/tiendaenlinea.productoselzorro.com\/en\/wp-json\/wp\/v2\/media\/10879"}],"wp:attachment":[{"href":"https:\/\/tiendaenlinea.productoselzorro.com\/en\/wp-json\/wp\/v2\/media?parent=10878"}],"wp:term":[{"taxonomy":"product_brand","embeddable":true,"href":"https:\/\/tiendaenlinea.productoselzorro.com\/en\/wp-json\/wp\/v2\/product_brand?post=10878"},{"taxonomy":"product_cat","embeddable":true,"href":"https:\/\/tiendaenlinea.productoselzorro.com\/en\/wp-json\/wp\/v2\/product_cat?post=10878"},{"taxonomy":"product_tag","embeddable":true,"href":"https:\/\/tiendaenlinea.productoselzorro.com\/en\/wp-json\/wp\/v2\/product_tag?post=10878"}],"curies":[{"name":"wp","href":"https:\/\/api.w.org\/{rel}","templated":true}]}}