{"id":10876,"date":"2025-10-14T22:17:35","date_gmt":"2025-10-14T22:17:35","guid":{"rendered":"https:\/\/tiendaenlinea.productoselzorro.com\/?post_type=product&#038;p=10876"},"modified":"2026-01-14T11:48:53","modified_gmt":"2026-01-14T17:48:53","slug":"levadura-seca-instantanea-nevada-oro-125g","status":"publish","type":"product","link":"https:\/\/tiendaenlinea.productoselzorro.com\/en\/product\/levadura-seca-instantanea-nevada-oro-125g\/","title":{"rendered":"Levadura Seca Instant\u00e1nea Nevada Oro 125g"},"content":{"rendered":"<p>Levadura Nevada Oro es la aliada perfecta para panificaci\u00f3n con masas dulces. Tanto para elaboraci\u00f3n con procesos directos como tradicionales.<\/p>","protected":false},"excerpt":{"rendered":"<p>Levadura seca instant\u00e1nea ideal para panes elaborados con masas dulces.<\/p>","protected":false},"featured_media":10877,"comment_status":"closed","ping_status":"closed","template":"","meta":[],"product_brand":[479],"product_cat":[475],"product_tag":[],"class_list":{"0":"post-10876","1":"product","2":"type-product","3":"status-publish","4":"has-post-thumbnail","6":"product_brand-nevada","7":"product_cat-reposteria-abarrotes","9":"first","10":"instock","11":"taxable","12":"shipping-taxable","13":"purchasable","14":"product-type-simple"},"jetpack_sharing_enabled":true,"_links":{"self":[{"href":"https:\/\/tiendaenlinea.productoselzorro.com\/en\/wp-json\/wp\/v2\/product\/10876","targetHints":{"allow":["GET"]}}],"collection":[{"href":"https:\/\/tiendaenlinea.productoselzorro.com\/en\/wp-json\/wp\/v2\/product"}],"about":[{"href":"https:\/\/tiendaenlinea.productoselzorro.com\/en\/wp-json\/wp\/v2\/types\/product"}],"replies":[{"embeddable":true,"href":"https:\/\/tiendaenlinea.productoselzorro.com\/en\/wp-json\/wp\/v2\/comments?post=10876"}],"version-history":[{"count":0,"href":"https:\/\/tiendaenlinea.productoselzorro.com\/en\/wp-json\/wp\/v2\/product\/10876\/revisions"}],"wp:featuredmedia":[{"embeddable":true,"href":"https:\/\/tiendaenlinea.productoselzorro.com\/en\/wp-json\/wp\/v2\/media\/10877"}],"wp:attachment":[{"href":"https:\/\/tiendaenlinea.productoselzorro.com\/en\/wp-json\/wp\/v2\/media?parent=10876"}],"wp:term":[{"taxonomy":"product_brand","embeddable":true,"href":"https:\/\/tiendaenlinea.productoselzorro.com\/en\/wp-json\/wp\/v2\/product_brand?post=10876"},{"taxonomy":"product_cat","embeddable":true,"href":"https:\/\/tiendaenlinea.productoselzorro.com\/en\/wp-json\/wp\/v2\/product_cat?post=10876"},{"taxonomy":"product_tag","embeddable":true,"href":"https:\/\/tiendaenlinea.productoselzorro.com\/en\/wp-json\/wp\/v2\/product_tag?post=10876"}],"curies":[{"name":"wp","href":"https:\/\/api.w.org\/{rel}","templated":true}]}}