{"id":10874,"date":"2025-10-14T22:15:00","date_gmt":"2025-10-14T22:15:00","guid":{"rendered":"https:\/\/tiendaenlinea.productoselzorro.com\/?post_type=product&#038;p=10874"},"modified":"2026-01-14T12:00:22","modified_gmt":"2026-01-14T18:00:22","slug":"caramelo-liquido-d-gari-c500ml","status":"publish","type":"product","link":"https:\/\/tiendaenlinea.productoselzorro.com\/en\/product\/caramelo-liquido-d-gari-c500ml\/","title":{"rendered":"Caramelo Liquido D Gari C500ml"},"content":{"rendered":"<p>Deliciosa opci\u00f3n para disfrutar de un sabor \u00fanico y cremoso. Perfecto para acompa\u00f1ar tus postres, helados o disfrutarlo solo.<\/p>","protected":false},"excerpt":{"rendered":"<p>Su presentaci\u00f3n de 500 ml ofrece la cantidad ideal para compartir o utilizar en m\u00faltiples preparaciones, brindando un toque dulce y suave en cada bocado.<\/p>","protected":false},"featured_media":10875,"comment_status":"closed","ping_status":"closed","template":"","meta":[],"product_brand":[478],"product_cat":[475],"product_tag":[],"class_list":{"0":"post-10874","1":"product","2":"type-product","3":"status-publish","4":"has-post-thumbnail","6":"product_brand-d-gari","7":"product_cat-reposteria-abarrotes","9":"first","10":"instock","11":"taxable","12":"shipping-taxable","13":"purchasable","14":"product-type-simple"},"jetpack_sharing_enabled":true,"_links":{"self":[{"href":"https:\/\/tiendaenlinea.productoselzorro.com\/en\/wp-json\/wp\/v2\/product\/10874","targetHints":{"allow":["GET"]}}],"collection":[{"href":"https:\/\/tiendaenlinea.productoselzorro.com\/en\/wp-json\/wp\/v2\/product"}],"about":[{"href":"https:\/\/tiendaenlinea.productoselzorro.com\/en\/wp-json\/wp\/v2\/types\/product"}],"replies":[{"embeddable":true,"href":"https:\/\/tiendaenlinea.productoselzorro.com\/en\/wp-json\/wp\/v2\/comments?post=10874"}],"version-history":[{"count":0,"href":"https:\/\/tiendaenlinea.productoselzorro.com\/en\/wp-json\/wp\/v2\/product\/10874\/revisions"}],"wp:featuredmedia":[{"embeddable":true,"href":"https:\/\/tiendaenlinea.productoselzorro.com\/en\/wp-json\/wp\/v2\/media\/10875"}],"wp:attachment":[{"href":"https:\/\/tiendaenlinea.productoselzorro.com\/en\/wp-json\/wp\/v2\/media?parent=10874"}],"wp:term":[{"taxonomy":"product_brand","embeddable":true,"href":"https:\/\/tiendaenlinea.productoselzorro.com\/en\/wp-json\/wp\/v2\/product_brand?post=10874"},{"taxonomy":"product_cat","embeddable":true,"href":"https:\/\/tiendaenlinea.productoselzorro.com\/en\/wp-json\/wp\/v2\/product_cat?post=10874"},{"taxonomy":"product_tag","embeddable":true,"href":"https:\/\/tiendaenlinea.productoselzorro.com\/en\/wp-json\/wp\/v2\/product_tag?post=10874"}],"curies":[{"name":"wp","href":"https:\/\/api.w.org\/{rel}","templated":true}]}}