{"id":10850,"date":"2025-10-14T19:37:37","date_gmt":"2025-10-14T19:37:37","guid":{"rendered":"https:\/\/tiendaenlinea.productoselzorro.com\/?post_type=product&#038;p=10850"},"modified":"2026-01-14T12:01:47","modified_gmt":"2026-01-14T18:01:47","slug":"azucar-mascabado-zulka-500g","status":"publish","type":"product","link":"https:\/\/tiendaenlinea.productoselzorro.com\/en\/product\/azucar-mascabado-zulka-500g\/","title":{"rendered":"Az\u00facar mascabado Zulka 500g"},"content":{"rendered":"<p>Endulza tus postres, bebidas y dulces con un toque de az\u00facar mascabada Zulka 100% de ca\u00f1a natural, dale un sabor gourmet a tus preparaciones sabiendo que consumes un producto de calidad.<\/p>\n<p>&#8211; Sin grasas saturadas.<br \/>\n&#8211; Sin grasas trans.<br \/>\n&#8211; Energ\u00eda natural.<br \/>\n&#8211; Conservar en un lugar seco.<\/p>","protected":false},"excerpt":{"rendered":"<p>-Agr\u00e9galo como complemento en tus bebidas.<br \/>\n-Esencial para tus recetas favoritas.<br \/>\n-Disfr\u00fata de su sabor \u00fanico.<\/p>","protected":false},"featured_media":10851,"comment_status":"closed","ping_status":"closed","template":"","meta":[],"product_brand":[469],"product_cat":[468],"product_tag":[],"class_list":{"0":"post-10850","1":"product","2":"type-product","3":"status-publish","4":"has-post-thumbnail","6":"product_brand-zulka","7":"product_cat-azucar","9":"first","10":"instock","11":"taxable","12":"shipping-taxable","13":"purchasable","14":"product-type-simple"},"jetpack_sharing_enabled":true,"_links":{"self":[{"href":"https:\/\/tiendaenlinea.productoselzorro.com\/en\/wp-json\/wp\/v2\/product\/10850","targetHints":{"allow":["GET"]}}],"collection":[{"href":"https:\/\/tiendaenlinea.productoselzorro.com\/en\/wp-json\/wp\/v2\/product"}],"about":[{"href":"https:\/\/tiendaenlinea.productoselzorro.com\/en\/wp-json\/wp\/v2\/types\/product"}],"replies":[{"embeddable":true,"href":"https:\/\/tiendaenlinea.productoselzorro.com\/en\/wp-json\/wp\/v2\/comments?post=10850"}],"version-history":[{"count":0,"href":"https:\/\/tiendaenlinea.productoselzorro.com\/en\/wp-json\/wp\/v2\/product\/10850\/revisions"}],"wp:featuredmedia":[{"embeddable":true,"href":"https:\/\/tiendaenlinea.productoselzorro.com\/en\/wp-json\/wp\/v2\/media\/10851"}],"wp:attachment":[{"href":"https:\/\/tiendaenlinea.productoselzorro.com\/en\/wp-json\/wp\/v2\/media?parent=10850"}],"wp:term":[{"taxonomy":"product_brand","embeddable":true,"href":"https:\/\/tiendaenlinea.productoselzorro.com\/en\/wp-json\/wp\/v2\/product_brand?post=10850"},{"taxonomy":"product_cat","embeddable":true,"href":"https:\/\/tiendaenlinea.productoselzorro.com\/en\/wp-json\/wp\/v2\/product_cat?post=10850"},{"taxonomy":"product_tag","embeddable":true,"href":"https:\/\/tiendaenlinea.productoselzorro.com\/en\/wp-json\/wp\/v2\/product_tag?post=10850"}],"curies":[{"name":"wp","href":"https:\/\/api.w.org\/{rel}","templated":true}]}}