{"id":10839,"date":"2025-10-14T19:22:51","date_gmt":"2025-10-14T19:22:51","guid":{"rendered":"https:\/\/tiendaenlinea.productoselzorro.com\/?post_type=product&#038;p=10839"},"modified":"2026-01-14T11:36:21","modified_gmt":"2026-01-14T17:36:21","slug":"arroz-verde-valle-super-extra-1kg","status":"publish","type":"product","link":"https:\/\/tiendaenlinea.productoselzorro.com\/en\/product\/arroz-verde-valle-super-extra-1kg\/","title":{"rendered":"Arroz Verde Valle s\u00faper extra 1kg"},"content":{"rendered":"<p>Consiga un arroz m\u00e1s blanco, entero y esponjadito con el arroz s\u00faper extra Verde Valle. Prep\u00e1relo como usted prefiera y dele esa saz\u00f3n especial. Es ideal para cualquier tipo de preparaci\u00f3n. Le tomar\u00e1 muy pocos minutos prepararlo y tenerlo listo para deleitar su paladar.<\/p>\n<p>&#8211; Ideal para acompa\u00f1ar todo tipo de platillos.<br \/>\n&#8211; M\u00e1s del 95% de granos enteros.<br \/>\n&#8211; F\u00e1cil preparaci\u00f3n.<\/p>","protected":false},"excerpt":{"rendered":"<p>Un b\u00e1sico en tu despensa.<\/p>\n<p>-Ideal para preparar de diversas maneras.<br \/>\n-Acompa\u00f1ante perfecto para tus guisados.<\/p>","protected":false},"featured_media":10840,"comment_status":"closed","ping_status":"closed","template":"","meta":[],"product_brand":[467],"product_cat":[466],"product_tag":[],"class_list":{"0":"post-10839","1":"product","2":"type-product","3":"status-publish","4":"has-post-thumbnail","6":"product_brand-verde-valle","7":"product_cat-arrozfrijolsemillas","9":"first","10":"instock","11":"taxable","12":"shipping-taxable","13":"purchasable","14":"product-type-simple"},"jetpack_sharing_enabled":true,"_links":{"self":[{"href":"https:\/\/tiendaenlinea.productoselzorro.com\/en\/wp-json\/wp\/v2\/product\/10839","targetHints":{"allow":["GET"]}}],"collection":[{"href":"https:\/\/tiendaenlinea.productoselzorro.com\/en\/wp-json\/wp\/v2\/product"}],"about":[{"href":"https:\/\/tiendaenlinea.productoselzorro.com\/en\/wp-json\/wp\/v2\/types\/product"}],"replies":[{"embeddable":true,"href":"https:\/\/tiendaenlinea.productoselzorro.com\/en\/wp-json\/wp\/v2\/comments?post=10839"}],"version-history":[{"count":0,"href":"https:\/\/tiendaenlinea.productoselzorro.com\/en\/wp-json\/wp\/v2\/product\/10839\/revisions"}],"wp:featuredmedia":[{"embeddable":true,"href":"https:\/\/tiendaenlinea.productoselzorro.com\/en\/wp-json\/wp\/v2\/media\/10840"}],"wp:attachment":[{"href":"https:\/\/tiendaenlinea.productoselzorro.com\/en\/wp-json\/wp\/v2\/media?parent=10839"}],"wp:term":[{"taxonomy":"product_brand","embeddable":true,"href":"https:\/\/tiendaenlinea.productoselzorro.com\/en\/wp-json\/wp\/v2\/product_brand?post=10839"},{"taxonomy":"product_cat","embeddable":true,"href":"https:\/\/tiendaenlinea.productoselzorro.com\/en\/wp-json\/wp\/v2\/product_cat?post=10839"},{"taxonomy":"product_tag","embeddable":true,"href":"https:\/\/tiendaenlinea.productoselzorro.com\/en\/wp-json\/wp\/v2\/product_tag?post=10839"}],"curies":[{"name":"wp","href":"https:\/\/api.w.org\/{rel}","templated":true}]}}