{"id":10837,"date":"2025-10-14T17:58:53","date_gmt":"2025-10-14T17:58:53","guid":{"rendered":"https:\/\/tiendaenlinea.productoselzorro.com\/?post_type=product&#038;p=10837"},"modified":"2026-01-14T11:34:17","modified_gmt":"2026-01-14T17:34:17","slug":"sopa-de-letras-la-moderna-200g","status":"publish","type":"product","link":"https:\/\/tiendaenlinea.productoselzorro.com\/en\/product\/sopa-de-letras-la-moderna-200g\/","title":{"rendered":"Sopa de letras La Moderna 200g"},"content":{"rendered":"<p>Conoce el nuevo gramaje de la pasta favorita de tu hogar. Un producto 100% mexicano que ofrece una excelente calidad y variedad de figuras de pasta, f\u00e1ciles y pr\u00e1cticas de preparar. Todas est\u00e1n elaboradas con s\u00e9mola de trigo durum, enriquecidas de vitaminas, hierro y \u00e1cido f\u00f3lico.<\/p>\n<p>-Producto 100% mexicana.<br \/>\n-La Moderna enriquecida con vitaminas.<\/p>","protected":false},"excerpt":{"rendered":"<p>Producto 100% de Trigo durum.<\/p>\n<p>-Rinde para toda la familia.<br \/>\n-Apto para pastas secas y aguadas.<br \/>\n-Aporta vitaminas, hierro y minerals.<\/p>","protected":false},"featured_media":10838,"comment_status":"closed","ping_status":"closed","template":"","meta":[],"product_brand":[465],"product_cat":[458],"product_tag":[],"class_list":{"0":"post-10837","1":"product","2":"type-product","3":"status-publish","4":"has-post-thumbnail","6":"product_brand-la-moderna","7":"product_cat-pastaysopainstantanea","9":"first","10":"instock","11":"taxable","12":"shipping-taxable","13":"purchasable","14":"product-type-simple"},"jetpack_sharing_enabled":true,"_links":{"self":[{"href":"https:\/\/tiendaenlinea.productoselzorro.com\/en\/wp-json\/wp\/v2\/product\/10837","targetHints":{"allow":["GET"]}}],"collection":[{"href":"https:\/\/tiendaenlinea.productoselzorro.com\/en\/wp-json\/wp\/v2\/product"}],"about":[{"href":"https:\/\/tiendaenlinea.productoselzorro.com\/en\/wp-json\/wp\/v2\/types\/product"}],"replies":[{"embeddable":true,"href":"https:\/\/tiendaenlinea.productoselzorro.com\/en\/wp-json\/wp\/v2\/comments?post=10837"}],"version-history":[{"count":0,"href":"https:\/\/tiendaenlinea.productoselzorro.com\/en\/wp-json\/wp\/v2\/product\/10837\/revisions"}],"wp:featuredmedia":[{"embeddable":true,"href":"https:\/\/tiendaenlinea.productoselzorro.com\/en\/wp-json\/wp\/v2\/media\/10838"}],"wp:attachment":[{"href":"https:\/\/tiendaenlinea.productoselzorro.com\/en\/wp-json\/wp\/v2\/media?parent=10837"}],"wp:term":[{"taxonomy":"product_brand","embeddable":true,"href":"https:\/\/tiendaenlinea.productoselzorro.com\/en\/wp-json\/wp\/v2\/product_brand?post=10837"},{"taxonomy":"product_cat","embeddable":true,"href":"https:\/\/tiendaenlinea.productoselzorro.com\/en\/wp-json\/wp\/v2\/product_cat?post=10837"},{"taxonomy":"product_tag","embeddable":true,"href":"https:\/\/tiendaenlinea.productoselzorro.com\/en\/wp-json\/wp\/v2\/product_tag?post=10837"}],"curies":[{"name":"wp","href":"https:\/\/api.w.org\/{rel}","templated":true}]}}