{"id":10831,"date":"2025-10-14T17:03:12","date_gmt":"2025-10-14T17:03:12","guid":{"rendered":"https:\/\/tiendaenlinea.productoselzorro.com\/?post_type=product&#038;p=10831"},"modified":"2026-01-14T11:33:28","modified_gmt":"2026-01-14T17:33:28","slug":"pasta-barilla-spaghetti-no-5-500g","status":"publish","type":"product","link":"https:\/\/tiendaenlinea.productoselzorro.com\/en\/product\/pasta-barilla-spaghetti-no-5-500g\/","title":{"rendered":"Pasta Barilla spaghetti No.5 500g"},"content":{"rendered":"<p>\u00a1Prueba el sabor de una pasta al dente, siempre perfecta!<\/p>\n<p>En Barilla nos apasiona la pasta y compartimos nuestra pasi\u00f3n con el mundo desde 1877, desde entonces, elaboramos la mejor pasta de Italia, dise\u00f1ando diferentes tipos de cortes para combinar con cualquier salsa y siempre brindarte una experiencia de sabor.<\/p>\n<p>&#8211; Disfruta de un delicioso spaghetti y acomp\u00e1\u00f1alo con tus ingredientes favoritos.<br \/>\n&#8211; Adem\u00e1s de su aut\u00e9ntico sabor, est\u00e1 hecha del mejor trigo duro rico en prote\u00edna para ti y tu familia.<br \/>\n&#8211; F\u00e1cil de hacer, recetas f\u00e1ciles de amar<br \/>\n&#8211; Con Barilla comparte momentos de calidad.<\/p>","protected":false},"excerpt":{"rendered":"<p>Tiempo de cocci\u00f3n 13 minutos.<\/p>\n<p>Nos enfocamos en darte la pasta con la consistencia siempre al dente; Suave por fuera y firme por dentro.<br \/>\nBarilla convierte una simple comida en momentos especiales con los que m\u00e1s amas.<\/p>","protected":false},"featured_media":10832,"comment_status":"closed","ping_status":"closed","template":"","meta":[],"product_brand":[464],"product_cat":[458],"product_tag":[],"class_list":{"0":"post-10831","1":"product","2":"type-product","3":"status-publish","4":"has-post-thumbnail","6":"product_brand-barilla","7":"product_cat-pastaysopainstantanea","9":"first","10":"instock","11":"taxable","12":"shipping-taxable","13":"purchasable","14":"product-type-simple"},"jetpack_sharing_enabled":true,"_links":{"self":[{"href":"https:\/\/tiendaenlinea.productoselzorro.com\/en\/wp-json\/wp\/v2\/product\/10831","targetHints":{"allow":["GET"]}}],"collection":[{"href":"https:\/\/tiendaenlinea.productoselzorro.com\/en\/wp-json\/wp\/v2\/product"}],"about":[{"href":"https:\/\/tiendaenlinea.productoselzorro.com\/en\/wp-json\/wp\/v2\/types\/product"}],"replies":[{"embeddable":true,"href":"https:\/\/tiendaenlinea.productoselzorro.com\/en\/wp-json\/wp\/v2\/comments?post=10831"}],"version-history":[{"count":0,"href":"https:\/\/tiendaenlinea.productoselzorro.com\/en\/wp-json\/wp\/v2\/product\/10831\/revisions"}],"wp:featuredmedia":[{"embeddable":true,"href":"https:\/\/tiendaenlinea.productoselzorro.com\/en\/wp-json\/wp\/v2\/media\/10832"}],"wp:attachment":[{"href":"https:\/\/tiendaenlinea.productoselzorro.com\/en\/wp-json\/wp\/v2\/media?parent=10831"}],"wp:term":[{"taxonomy":"product_brand","embeddable":true,"href":"https:\/\/tiendaenlinea.productoselzorro.com\/en\/wp-json\/wp\/v2\/product_brand?post=10831"},{"taxonomy":"product_cat","embeddable":true,"href":"https:\/\/tiendaenlinea.productoselzorro.com\/en\/wp-json\/wp\/v2\/product_cat?post=10831"},{"taxonomy":"product_tag","embeddable":true,"href":"https:\/\/tiendaenlinea.productoselzorro.com\/en\/wp-json\/wp\/v2\/product_tag?post=10831"}],"curies":[{"name":"wp","href":"https:\/\/api.w.org\/{rel}","templated":true}]}}