{"id":10819,"date":"2025-10-14T16:23:36","date_gmt":"2025-10-14T16:23:36","guid":{"rendered":"https:\/\/tiendaenlinea.productoselzorro.com\/?post_type=product&#038;p=10819"},"modified":"2026-01-14T12:09:46","modified_gmt":"2026-01-14T18:09:46","slug":"tomates-molidos-del-fuerte-condimentados-210g","status":"publish","type":"product","link":"https:\/\/tiendaenlinea.productoselzorro.com\/en\/product\/tomates-molidos-del-fuerte-condimentados-210g\/","title":{"rendered":"Tomates Molidos Del Fuerte Condimentados 210g"},"content":{"rendered":"<p>Un legado m\u00e1s fuerte.<br \/>\nD\u00e9jate sorprender por el sabor de los tomates molidos condimentados con ajo y cebolla y atr\u00e9vete a crear los mejores platillos con Del Fuerte.<\/p>\n<p>&#8211; Calienta los tomates molidos, agrega tus ingredientes favoritos, puedes a\u00f1adir agua o caldo de pollo y estar\u00e1 listo para disfrutar.<br \/>\n&#8211; Base de tomate ideal para tus platillos.<\/p>\n<p>\u00a1Del campo a tu mesa!<\/p>","protected":false},"excerpt":{"rendered":"<p>Ideal para preparaciones en pocos minutos.<\/p>\n<p>-Obtendr\u00e1s un pur\u00e9 de tomate para salsas, sopas, cremas y m\u00e1s.<br \/>\n-No olvides reciclar tu envase Tetrapak Del Fuerte.<\/p>","protected":false},"featured_media":10820,"comment_status":"closed","ping_status":"closed","template":"","meta":[],"product_brand":[457],"product_cat":[459],"product_tag":[],"class_list":{"0":"post-10819","1":"product","2":"type-product","3":"status-publish","4":"has-post-thumbnail","6":"product_brand-del-fuerte","7":"product_cat-consomesyconcentrados","9":"first","10":"instock","11":"taxable","12":"shipping-taxable","13":"purchasable","14":"product-type-simple"},"jetpack_sharing_enabled":true,"_links":{"self":[{"href":"https:\/\/tiendaenlinea.productoselzorro.com\/en\/wp-json\/wp\/v2\/product\/10819","targetHints":{"allow":["GET"]}}],"collection":[{"href":"https:\/\/tiendaenlinea.productoselzorro.com\/en\/wp-json\/wp\/v2\/product"}],"about":[{"href":"https:\/\/tiendaenlinea.productoselzorro.com\/en\/wp-json\/wp\/v2\/types\/product"}],"replies":[{"embeddable":true,"href":"https:\/\/tiendaenlinea.productoselzorro.com\/en\/wp-json\/wp\/v2\/comments?post=10819"}],"version-history":[{"count":0,"href":"https:\/\/tiendaenlinea.productoselzorro.com\/en\/wp-json\/wp\/v2\/product\/10819\/revisions"}],"wp:featuredmedia":[{"embeddable":true,"href":"https:\/\/tiendaenlinea.productoselzorro.com\/en\/wp-json\/wp\/v2\/media\/10820"}],"wp:attachment":[{"href":"https:\/\/tiendaenlinea.productoselzorro.com\/en\/wp-json\/wp\/v2\/media?parent=10819"}],"wp:term":[{"taxonomy":"product_brand","embeddable":true,"href":"https:\/\/tiendaenlinea.productoselzorro.com\/en\/wp-json\/wp\/v2\/product_brand?post=10819"},{"taxonomy":"product_cat","embeddable":true,"href":"https:\/\/tiendaenlinea.productoselzorro.com\/en\/wp-json\/wp\/v2\/product_cat?post=10819"},{"taxonomy":"product_tag","embeddable":true,"href":"https:\/\/tiendaenlinea.productoselzorro.com\/en\/wp-json\/wp\/v2\/product_tag?post=10819"}],"curies":[{"name":"wp","href":"https:\/\/api.w.org\/{rel}","templated":true}]}}