{"id":10811,"date":"2025-10-13T22:45:42","date_gmt":"2025-10-13T22:45:42","guid":{"rendered":"https:\/\/tiendaenlinea.productoselzorro.com\/?post_type=product&#038;p=10811"},"modified":"2026-01-14T10:53:46","modified_gmt":"2026-01-14T16:53:46","slug":"chiles-serranos-la-costena-enteros-en-escabeche-220g","status":"publish","type":"product","link":"https:\/\/tiendaenlinea.productoselzorro.com\/en\/product\/chiles-serranos-la-costena-enteros-en-escabeche-220g\/","title":{"rendered":"Chiles serranos La Coste\u00f1a enteros en escabeche 220g"},"content":{"rendered":"<p>Acompa\u00f1a todas tus comidas con los deliciosos SERRANOS ENTEROS EN ESCABECHE y dales ese toque rico y picante que caracteriza a esta variedad de chiles. Prepara un exquisito guacamole con chiles serranos que te encantar\u00e1.<br \/>\nNo te quedes atr\u00e1s, ll\u00e9valos a tu mesa y pru\u00e9balos \u00a1Buen provecho!<\/p>","protected":false},"excerpt":{"rendered":"<p>-Vers\u00e1tiles.<br \/>\n-Ideal para darles un sabor especial a las comidas.<br \/>\n-Agr\u00e9galos a tus platillos favoritos y experimenta diversas combinaciones y sabores.<\/p>","protected":false},"featured_media":10812,"comment_status":"closed","ping_status":"closed","template":"","meta":[],"product_brand":[454],"product_cat":[453],"product_tag":[],"class_list":{"0":"post-10811","1":"product","2":"type-product","3":"status-publish","4":"has-post-thumbnail","6":"product_brand-la-costena","7":"product_cat-lateria","9":"first","10":"instock","11":"taxable","12":"shipping-taxable","13":"purchasable","14":"product-type-simple"},"jetpack_sharing_enabled":true,"_links":{"self":[{"href":"https:\/\/tiendaenlinea.productoselzorro.com\/en\/wp-json\/wp\/v2\/product\/10811","targetHints":{"allow":["GET"]}}],"collection":[{"href":"https:\/\/tiendaenlinea.productoselzorro.com\/en\/wp-json\/wp\/v2\/product"}],"about":[{"href":"https:\/\/tiendaenlinea.productoselzorro.com\/en\/wp-json\/wp\/v2\/types\/product"}],"replies":[{"embeddable":true,"href":"https:\/\/tiendaenlinea.productoselzorro.com\/en\/wp-json\/wp\/v2\/comments?post=10811"}],"version-history":[{"count":0,"href":"https:\/\/tiendaenlinea.productoselzorro.com\/en\/wp-json\/wp\/v2\/product\/10811\/revisions"}],"wp:featuredmedia":[{"embeddable":true,"href":"https:\/\/tiendaenlinea.productoselzorro.com\/en\/wp-json\/wp\/v2\/media\/10812"}],"wp:attachment":[{"href":"https:\/\/tiendaenlinea.productoselzorro.com\/en\/wp-json\/wp\/v2\/media?parent=10811"}],"wp:term":[{"taxonomy":"product_brand","embeddable":true,"href":"https:\/\/tiendaenlinea.productoselzorro.com\/en\/wp-json\/wp\/v2\/product_brand?post=10811"},{"taxonomy":"product_cat","embeddable":true,"href":"https:\/\/tiendaenlinea.productoselzorro.com\/en\/wp-json\/wp\/v2\/product_cat?post=10811"},{"taxonomy":"product_tag","embeddable":true,"href":"https:\/\/tiendaenlinea.productoselzorro.com\/en\/wp-json\/wp\/v2\/product_tag?post=10811"}],"curies":[{"name":"wp","href":"https:\/\/api.w.org\/{rel}","templated":true}]}}