{"id":10800,"date":"2025-10-13T22:27:56","date_gmt":"2025-10-13T22:27:56","guid":{"rendered":"https:\/\/tiendaenlinea.productoselzorro.com\/?post_type=product&#038;p=10800"},"modified":"2026-01-14T10:52:09","modified_gmt":"2026-01-14T16:52:09","slug":"rajas-de-jalapeno-la-costena-en-escabeche-220g","status":"publish","type":"product","link":"https:\/\/tiendaenlinea.productoselzorro.com\/en\/product\/rajas-de-jalapeno-la-costena-en-escabeche-220g\/","title":{"rendered":"Rajas de jalape\u00f1o La Coste\u00f1a en escabeche 220g"},"content":{"rendered":"<p>Prueba las picantes RAJAS DE JALAPE\u00d1O EN ESCABECHE, el rico toque que va bien con todas tus comidas. Elaboradas con chiles jalape\u00f1os, cebolla, zanahoria, vinagre y especias de gran calidad. Prepara unas deliciosas chapatas de jam\u00f3n de pavo acompa\u00f1ado de estas rajas.<\/p>","protected":false},"excerpt":{"rendered":"<p>-Sin Conservadores.<br \/>\n-Elaborado con una cuidadosa selecci\u00f3n de chiles.<br \/>\n-Gran sabor.<\/p>","protected":false},"featured_media":10801,"comment_status":"closed","ping_status":"closed","template":"","meta":[],"product_brand":[454],"product_cat":[453],"product_tag":[],"class_list":{"0":"post-10800","1":"product","2":"type-product","3":"status-publish","4":"has-post-thumbnail","6":"product_brand-la-costena","7":"product_cat-lateria","9":"first","10":"instock","11":"taxable","12":"shipping-taxable","13":"purchasable","14":"product-type-simple"},"jetpack_sharing_enabled":true,"_links":{"self":[{"href":"https:\/\/tiendaenlinea.productoselzorro.com\/en\/wp-json\/wp\/v2\/product\/10800","targetHints":{"allow":["GET"]}}],"collection":[{"href":"https:\/\/tiendaenlinea.productoselzorro.com\/en\/wp-json\/wp\/v2\/product"}],"about":[{"href":"https:\/\/tiendaenlinea.productoselzorro.com\/en\/wp-json\/wp\/v2\/types\/product"}],"replies":[{"embeddable":true,"href":"https:\/\/tiendaenlinea.productoselzorro.com\/en\/wp-json\/wp\/v2\/comments?post=10800"}],"version-history":[{"count":0,"href":"https:\/\/tiendaenlinea.productoselzorro.com\/en\/wp-json\/wp\/v2\/product\/10800\/revisions"}],"wp:featuredmedia":[{"embeddable":true,"href":"https:\/\/tiendaenlinea.productoselzorro.com\/en\/wp-json\/wp\/v2\/media\/10801"}],"wp:attachment":[{"href":"https:\/\/tiendaenlinea.productoselzorro.com\/en\/wp-json\/wp\/v2\/media?parent=10800"}],"wp:term":[{"taxonomy":"product_brand","embeddable":true,"href":"https:\/\/tiendaenlinea.productoselzorro.com\/en\/wp-json\/wp\/v2\/product_brand?post=10800"},{"taxonomy":"product_cat","embeddable":true,"href":"https:\/\/tiendaenlinea.productoselzorro.com\/en\/wp-json\/wp\/v2\/product_cat?post=10800"},{"taxonomy":"product_tag","embeddable":true,"href":"https:\/\/tiendaenlinea.productoselzorro.com\/en\/wp-json\/wp\/v2\/product_tag?post=10800"}],"curies":[{"name":"wp","href":"https:\/\/api.w.org\/{rel}","templated":true}]}}