{"id":10791,"date":"2025-10-13T20:10:45","date_gmt":"2025-10-13T20:10:45","guid":{"rendered":"https:\/\/tiendaenlinea.productoselzorro.com\/?post_type=product&#038;p=10791"},"modified":"2026-01-23T14:16:36","modified_gmt":"2026-01-23T20:16:36","slug":"mayonesa-mccormick-con-limon-228-g","status":"publish","type":"product","link":"https:\/\/tiendaenlinea.productoselzorro.com\/en\/product\/mayonesa-mccormick-con-limon-228-g\/","title":{"rendered":"Mayonesa McCormick con lim\u00f3n 468 g"},"content":{"rendered":"<p>\u00a1P\u00f3ngale lo sabroso!<\/p>\n<p>La favorita de todos gracias a su irresistible sabor, la Mayonesa McCormick es perfecta por su toque exacto de lim\u00f3n. Ponle lo sabroso y dale ese extra de sabor a tus desayunos, comidas y cenas.<br \/>\n&#8211; Consistencia cremosa como ninguna otra.<br \/>\n&#8211; El acompa\u00f1ante ideal para tus platillos.<br \/>\nEncu\u00e9ntrala en sus diferentes tama\u00f1os y presentaciones, una para cada ocasi\u00f3n.<\/p>","protected":false},"excerpt":{"rendered":"<p>-Con m\u00e1s del 60% de Aceite de Soya para que sea una Mayonesa aut\u00e9ntica.<br \/>\n-Adicionada con Omega 3 y vitamina E.<br \/>\n-Con jugo de limones para lograr su sabor \u00fanico.<\/p>","protected":false},"featured_media":16523,"comment_status":"closed","ping_status":"closed","template":"","meta":[],"product_brand":[452],"product_cat":[431],"product_tag":[],"class_list":{"0":"post-10791","1":"product","2":"type-product","3":"status-publish","4":"has-post-thumbnail","6":"product_brand-mccormick","7":"product_cat-aderezos","9":"first","10":"instock","11":"taxable","12":"shipping-taxable","13":"purchasable","14":"product-type-simple"},"jetpack_sharing_enabled":true,"_links":{"self":[{"href":"https:\/\/tiendaenlinea.productoselzorro.com\/en\/wp-json\/wp\/v2\/product\/10791","targetHints":{"allow":["GET"]}}],"collection":[{"href":"https:\/\/tiendaenlinea.productoselzorro.com\/en\/wp-json\/wp\/v2\/product"}],"about":[{"href":"https:\/\/tiendaenlinea.productoselzorro.com\/en\/wp-json\/wp\/v2\/types\/product"}],"replies":[{"embeddable":true,"href":"https:\/\/tiendaenlinea.productoselzorro.com\/en\/wp-json\/wp\/v2\/comments?post=10791"}],"version-history":[{"count":1,"href":"https:\/\/tiendaenlinea.productoselzorro.com\/en\/wp-json\/wp\/v2\/product\/10791\/revisions"}],"predecessor-version":[{"id":16522,"href":"https:\/\/tiendaenlinea.productoselzorro.com\/en\/wp-json\/wp\/v2\/product\/10791\/revisions\/16522"}],"wp:featuredmedia":[{"embeddable":true,"href":"https:\/\/tiendaenlinea.productoselzorro.com\/en\/wp-json\/wp\/v2\/media\/16523"}],"wp:attachment":[{"href":"https:\/\/tiendaenlinea.productoselzorro.com\/en\/wp-json\/wp\/v2\/media?parent=10791"}],"wp:term":[{"taxonomy":"product_brand","embeddable":true,"href":"https:\/\/tiendaenlinea.productoselzorro.com\/en\/wp-json\/wp\/v2\/product_brand?post=10791"},{"taxonomy":"product_cat","embeddable":true,"href":"https:\/\/tiendaenlinea.productoselzorro.com\/en\/wp-json\/wp\/v2\/product_cat?post=10791"},{"taxonomy":"product_tag","embeddable":true,"href":"https:\/\/tiendaenlinea.productoselzorro.com\/en\/wp-json\/wp\/v2\/product_tag?post=10791"}],"curies":[{"name":"wp","href":"https:\/\/api.w.org\/{rel}","templated":true}]}}