{"id":10783,"date":"2025-10-13T20:04:53","date_gmt":"2025-10-13T20:04:53","guid":{"rendered":"https:\/\/tiendaenlinea.productoselzorro.com\/?post_type=product&#038;p=10783"},"modified":"2026-01-13T16:51:52","modified_gmt":"2026-01-13T22:51:52","slug":"ketchup-heinz-397g","status":"publish","type":"product","link":"https:\/\/tiendaenlinea.productoselzorro.com\/en\/product\/ketchup-heinz-397g\/","title":{"rendered":"Ketchup Heinz 397g"},"content":{"rendered":"<p>Desde 1869, nuestra ketchup Heinz ha sido sin\u00f3nimo de calidad. Hecha con tomates rojos madurados al sol, cada botella encierra un sabor y textura inconfundible. \u00bfUnas papas fritas reci\u00e9n salidas del horno? Sum\u00e9rgelas en esta consistencia espesa que se aferra a cada porci\u00f3n. \u00bfUna hamburguesa jugosa? Un poco de Heinz la convierte en obra maestra. Su versatilidad es ideal en parrilladas, picnics o cenas r\u00e1pidas, actuando como complemento, dip o ingrediente secreto. \u00a1Hasta los chefs caseros conf\u00edan en ella! Si le vas a poner catsup a tu huevito, mejor ponle \u00a1Ketchup Heinz!<\/p>","protected":false},"excerpt":{"rendered":"<p>-Sin colorantes ni saborizantes artificiales.<br \/>\n-Ingredientes naturales.<br \/>\n-Un cl\u00e1sico que une generaciones.<br \/>\n-Directo a tu alacena con un clic.<\/p>","protected":false},"featured_media":10788,"comment_status":"open","ping_status":"closed","template":"","meta":[],"product_brand":[451],"product_cat":[431],"product_tag":[],"class_list":{"0":"post-10783","1":"product","2":"type-product","3":"status-publish","4":"has-post-thumbnail","6":"product_brand-heinz","7":"product_cat-aderezos","9":"first","10":"instock","11":"taxable","12":"shipping-taxable","13":"purchasable","14":"product-type-simple"},"jetpack_sharing_enabled":true,"_links":{"self":[{"href":"https:\/\/tiendaenlinea.productoselzorro.com\/en\/wp-json\/wp\/v2\/product\/10783","targetHints":{"allow":["GET"]}}],"collection":[{"href":"https:\/\/tiendaenlinea.productoselzorro.com\/en\/wp-json\/wp\/v2\/product"}],"about":[{"href":"https:\/\/tiendaenlinea.productoselzorro.com\/en\/wp-json\/wp\/v2\/types\/product"}],"replies":[{"embeddable":true,"href":"https:\/\/tiendaenlinea.productoselzorro.com\/en\/wp-json\/wp\/v2\/comments?post=10783"}],"version-history":[{"count":0,"href":"https:\/\/tiendaenlinea.productoselzorro.com\/en\/wp-json\/wp\/v2\/product\/10783\/revisions"}],"wp:featuredmedia":[{"embeddable":true,"href":"https:\/\/tiendaenlinea.productoselzorro.com\/en\/wp-json\/wp\/v2\/media\/10788"}],"wp:attachment":[{"href":"https:\/\/tiendaenlinea.productoselzorro.com\/en\/wp-json\/wp\/v2\/media?parent=10783"}],"wp:term":[{"taxonomy":"product_brand","embeddable":true,"href":"https:\/\/tiendaenlinea.productoselzorro.com\/en\/wp-json\/wp\/v2\/product_brand?post=10783"},{"taxonomy":"product_cat","embeddable":true,"href":"https:\/\/tiendaenlinea.productoselzorro.com\/en\/wp-json\/wp\/v2\/product_cat?post=10783"},{"taxonomy":"product_tag","embeddable":true,"href":"https:\/\/tiendaenlinea.productoselzorro.com\/en\/wp-json\/wp\/v2\/product_tag?post=10783"}],"curies":[{"name":"wp","href":"https:\/\/api.w.org\/{rel}","templated":true}]}}