{"id":10777,"date":"2025-10-13T19:37:31","date_gmt":"2025-10-13T19:37:31","guid":{"rendered":"https:\/\/tiendaenlinea.productoselzorro.com\/?post_type=product&#038;p=10777"},"modified":"2026-01-14T10:47:33","modified_gmt":"2026-01-14T16:47:33","slug":"aceite-vegetal-cristal-1-5lt","status":"publish","type":"product","link":"https:\/\/tiendaenlinea.productoselzorro.com\/en\/product\/aceite-vegetal-cristal-1-5lt\/","title":{"rendered":"Aceite vegetal Cristal 1.5LT"},"content":{"rendered":"<p>Si est\u00e1s buscando un aceite comestible para preparar los alimentos de tu familia, ll\u00e9vate el aceite vegetal de la marca Cristal que tenemos en presentaci\u00f3n de 1.5 litros.<\/p>\n<p>&#8211; Prepara tus platillos favoritos con este aceite para cocinar, que tambi\u00e9n es un aceite para fre\u00edr tus alimentos si as\u00ed lo prefieres.<\/p>","protected":false},"excerpt":{"rendered":"<p>-Un indispensable para tu cocina.<br \/>\n-Presentaci\u00f3n rendidora.<br \/>\n-Pr\u00e1ctico empaque.<\/p>","protected":false},"featured_media":10780,"comment_status":"closed","ping_status":"closed","template":"","meta":[],"product_brand":[447],"product_cat":[446],"product_tag":[],"class_list":{"0":"post-10777","1":"product","2":"type-product","3":"status-publish","4":"has-post-thumbnail","6":"product_brand-cristal","7":"product_cat-aceite","9":"first","10":"instock","11":"taxable","12":"shipping-taxable","13":"purchasable","14":"product-type-simple"},"jetpack_sharing_enabled":true,"_links":{"self":[{"href":"https:\/\/tiendaenlinea.productoselzorro.com\/en\/wp-json\/wp\/v2\/product\/10777","targetHints":{"allow":["GET"]}}],"collection":[{"href":"https:\/\/tiendaenlinea.productoselzorro.com\/en\/wp-json\/wp\/v2\/product"}],"about":[{"href":"https:\/\/tiendaenlinea.productoselzorro.com\/en\/wp-json\/wp\/v2\/types\/product"}],"replies":[{"embeddable":true,"href":"https:\/\/tiendaenlinea.productoselzorro.com\/en\/wp-json\/wp\/v2\/comments?post=10777"}],"version-history":[{"count":0,"href":"https:\/\/tiendaenlinea.productoselzorro.com\/en\/wp-json\/wp\/v2\/product\/10777\/revisions"}],"wp:featuredmedia":[{"embeddable":true,"href":"https:\/\/tiendaenlinea.productoselzorro.com\/en\/wp-json\/wp\/v2\/media\/10780"}],"wp:attachment":[{"href":"https:\/\/tiendaenlinea.productoselzorro.com\/en\/wp-json\/wp\/v2\/media?parent=10777"}],"wp:term":[{"taxonomy":"product_brand","embeddable":true,"href":"https:\/\/tiendaenlinea.productoselzorro.com\/en\/wp-json\/wp\/v2\/product_brand?post=10777"},{"taxonomy":"product_cat","embeddable":true,"href":"https:\/\/tiendaenlinea.productoselzorro.com\/en\/wp-json\/wp\/v2\/product_cat?post=10777"},{"taxonomy":"product_tag","embeddable":true,"href":"https:\/\/tiendaenlinea.productoselzorro.com\/en\/wp-json\/wp\/v2\/product_tag?post=10777"}],"curies":[{"name":"wp","href":"https:\/\/api.w.org\/{rel}","templated":true}]}}