{"id":10743,"date":"2025-10-11T19:47:55","date_gmt":"2025-10-11T19:47:55","guid":{"rendered":"https:\/\/tiendaenlinea.productoselzorro.com\/?post_type=product&#038;p=10743"},"modified":"2026-01-14T10:37:09","modified_gmt":"2026-01-14T16:37:09","slug":"harina-de-maiz-maseca-nixtamalizado-1-kg","status":"publish","type":"product","link":"https:\/\/tiendaenlinea.productoselzorro.com\/en\/product\/harina-de-maiz-maseca-nixtamalizado-1-kg\/","title":{"rendered":"Harina de ma\u00edz Maseca Nixtamalizado 1 kg"},"content":{"rendered":"<p>No contiene gluten.<\/p>\n<p>Elaborado 100% con granos seleccionados.<br \/>\nRinde hasta 2.3 kg de masa.<br \/>\nHarina de ma\u00edz blanco Nixtamalizado adicionado con \u00e1cido f\u00f3lico, hierro, zinc y restituida con vitamina B1, vitamina B2 y vitamina B3, para preparar tortillas, antojitos mexicanos o los que t\u00fa prefieras.<br \/>\n&#8211; No contiene conservadores, colorantes o saborizantes artificiales.<br \/>\n&#8211; Elaborada con todos los ingredientes necesarios para obtener una deliciosa masa para preparar cualquier platillo tradicional<br \/>\n&#8211; Con un rico sabor 100% mexicano.<\/p>","protected":false},"excerpt":{"rendered":"<p>Sodio<br \/>\n&#8211;<br \/>\nTama\u00f1o de la porci\u00f3n<br \/>\n&#8211;<br \/>\nContenido del Empaque<br \/>\n1 Bolsa con 1 kg<br \/>\nTipo de Alimento<br \/>\nPolvos<\/p>","protected":false},"featured_media":10744,"comment_status":"closed","ping_status":"closed","template":"","meta":[],"product_brand":[435],"product_cat":[434],"product_tag":[],"class_list":{"0":"post-10743","1":"product","2":"type-product","3":"status-publish","4":"has-post-thumbnail","6":"product_brand-maseca","7":"product_cat-harina","9":"first","10":"instock","11":"taxable","12":"shipping-taxable","13":"purchasable","14":"product-type-simple"},"jetpack_sharing_enabled":true,"_links":{"self":[{"href":"https:\/\/tiendaenlinea.productoselzorro.com\/en\/wp-json\/wp\/v2\/product\/10743","targetHints":{"allow":["GET"]}}],"collection":[{"href":"https:\/\/tiendaenlinea.productoselzorro.com\/en\/wp-json\/wp\/v2\/product"}],"about":[{"href":"https:\/\/tiendaenlinea.productoselzorro.com\/en\/wp-json\/wp\/v2\/types\/product"}],"replies":[{"embeddable":true,"href":"https:\/\/tiendaenlinea.productoselzorro.com\/en\/wp-json\/wp\/v2\/comments?post=10743"}],"version-history":[{"count":0,"href":"https:\/\/tiendaenlinea.productoselzorro.com\/en\/wp-json\/wp\/v2\/product\/10743\/revisions"}],"wp:featuredmedia":[{"embeddable":true,"href":"https:\/\/tiendaenlinea.productoselzorro.com\/en\/wp-json\/wp\/v2\/media\/10744"}],"wp:attachment":[{"href":"https:\/\/tiendaenlinea.productoselzorro.com\/en\/wp-json\/wp\/v2\/media?parent=10743"}],"wp:term":[{"taxonomy":"product_brand","embeddable":true,"href":"https:\/\/tiendaenlinea.productoselzorro.com\/en\/wp-json\/wp\/v2\/product_brand?post=10743"},{"taxonomy":"product_cat","embeddable":true,"href":"https:\/\/tiendaenlinea.productoselzorro.com\/en\/wp-json\/wp\/v2\/product_cat?post=10743"},{"taxonomy":"product_tag","embeddable":true,"href":"https:\/\/tiendaenlinea.productoselzorro.com\/en\/wp-json\/wp\/v2\/product_tag?post=10743"}],"curies":[{"name":"wp","href":"https:\/\/api.w.org\/{rel}","templated":true}]}}