{"id":10741,"date":"2025-10-11T19:47:28","date_gmt":"2025-10-11T19:47:28","guid":{"rendered":"https:\/\/tiendaenlinea.productoselzorro.com\/?post_type=product&#038;p=10741"},"modified":"2026-01-14T10:37:40","modified_gmt":"2026-01-14T16:37:40","slug":"harina-de-maiz-maseca-nixtamalizado-tamal-1kg","status":"publish","type":"product","link":"https:\/\/tiendaenlinea.productoselzorro.com\/en\/product\/harina-de-maiz-maseca-nixtamalizado-tamal-1kg\/","title":{"rendered":"Harina de Ma\u00edz Maseca Nixtamalizado Tamal 1kg"},"content":{"rendered":"<p>No contiene gluten.<\/p>\n<p>Elaborado 100% con granos seleccionados<br \/>\nRinde hasta 10 porciones<br \/>\nHarina de ma\u00edz para tamal elaborada con todos los ingredientes necesarios para obtener f\u00e1cilmente una deliciosa masa de tamal tradicional con la textura ideal para combinarlo con cualquier platillo t\u00edpico y darle un rico sabor 100% mexicano.<br \/>\n&#8211; Adicionado con \u00e1cido f\u00f3lico, hierro, zinc<br \/>\n&#8211; Restituida con vitamina B1, vitamina B2 y vitamina B3<br \/>\n&#8211; No contiene conservadores, colorantes o saborizantes artificiales<\/p>","protected":false},"excerpt":{"rendered":"<p>Sodio<br \/>\n&#8211;<br \/>\nTama\u00f1o de la porci\u00f3n<br \/>\n&#8211;<br \/>\nContenido del Empaque<br \/>\n1 Bolsa con 1 kg<br \/>\nTipo de Alimento<br \/>\nPolvos<\/p>","protected":false},"featured_media":10742,"comment_status":"closed","ping_status":"closed","template":"","meta":[],"product_brand":[435],"product_cat":[434],"product_tag":[],"class_list":{"0":"post-10741","1":"product","2":"type-product","3":"status-publish","4":"has-post-thumbnail","6":"product_brand-maseca","7":"product_cat-harina","9":"first","10":"instock","11":"taxable","12":"shipping-taxable","13":"purchasable","14":"product-type-simple"},"jetpack_sharing_enabled":true,"_links":{"self":[{"href":"https:\/\/tiendaenlinea.productoselzorro.com\/en\/wp-json\/wp\/v2\/product\/10741","targetHints":{"allow":["GET"]}}],"collection":[{"href":"https:\/\/tiendaenlinea.productoselzorro.com\/en\/wp-json\/wp\/v2\/product"}],"about":[{"href":"https:\/\/tiendaenlinea.productoselzorro.com\/en\/wp-json\/wp\/v2\/types\/product"}],"replies":[{"embeddable":true,"href":"https:\/\/tiendaenlinea.productoselzorro.com\/en\/wp-json\/wp\/v2\/comments?post=10741"}],"version-history":[{"count":0,"href":"https:\/\/tiendaenlinea.productoselzorro.com\/en\/wp-json\/wp\/v2\/product\/10741\/revisions"}],"wp:featuredmedia":[{"embeddable":true,"href":"https:\/\/tiendaenlinea.productoselzorro.com\/en\/wp-json\/wp\/v2\/media\/10742"}],"wp:attachment":[{"href":"https:\/\/tiendaenlinea.productoselzorro.com\/en\/wp-json\/wp\/v2\/media?parent=10741"}],"wp:term":[{"taxonomy":"product_brand","embeddable":true,"href":"https:\/\/tiendaenlinea.productoselzorro.com\/en\/wp-json\/wp\/v2\/product_brand?post=10741"},{"taxonomy":"product_cat","embeddable":true,"href":"https:\/\/tiendaenlinea.productoselzorro.com\/en\/wp-json\/wp\/v2\/product_cat?post=10741"},{"taxonomy":"product_tag","embeddable":true,"href":"https:\/\/tiendaenlinea.productoselzorro.com\/en\/wp-json\/wp\/v2\/product_tag?post=10741"}],"curies":[{"name":"wp","href":"https:\/\/api.w.org\/{rel}","templated":true}]}}