{"id":10718,"date":"2025-10-09T05:13:23","date_gmt":"2025-10-09T05:13:23","guid":{"rendered":"https:\/\/tiendaenlinea.productoselzorro.com\/?post_type=product&#038;p=10718"},"modified":"2025-12-10T11:59:30","modified_gmt":"2025-12-10T17:59:30","slug":"canels-pinatera-multisabor-con-dulce-4-4kg","status":"publish","type":"product","link":"https:\/\/tiendaenlinea.productoselzorro.com\/en\/product\/canels-pinatera-multisabor-con-dulce-4-4kg\/","title":{"rendered":"Canels PI\u00d1ATERO MEGA multisabor con dulce 4.4kg"},"content":{"rendered":"<p>\u00a1La Fiesta Nunca Termina con el Pi\u00f1atero Mega Surtido Canels!<\/p>\n<p>Prep\u00e1rate para la m\u00e1xima diversi\u00f3n en tus fiestas y reuniones con el incre\u00edble Pi\u00f1atero Mega Surtido de Canels. Con un impresionante peso de 4.4 kilos, este paquete gigante es la soluci\u00f3n perfecta para llenar pi\u00f1atas, crear mesas de dulces espectaculares o simplemente tener una reserva inagotable de tus golosinas favoritas.<\/p>","protected":false},"excerpt":{"rendered":"<p>Peso neto: 4.4 kg.<br \/>\nCondici\u00f3n de venta: Envasado.<br \/>\nEs libre de gluten: No.<br \/>\nIngrediente destacado: Dulce.<br \/>\nPeso de la unidad: 4.4 kg.<br \/>\nUnidades por envase: 1.<br \/>\nUnidades por pack: 1.<br \/>\nSabor: Multisabor.<br \/>\nPeso total de 4.4 kg, ideal para llenar pi\u00f1atas y mesas de dulces.<br \/>\nDiversi\u00f3n garantizada en fiestas y reuniones con variedad de sabores.<\/p>","protected":false},"featured_media":10719,"comment_status":"open","ping_status":"closed","template":"","meta":[],"product_brand":[412],"product_cat":[376],"product_tag":[],"class_list":{"0":"post-10718","1":"product","2":"type-product","3":"status-publish","4":"has-post-thumbnail","6":"product_brand-canels","7":"product_cat-bolsasdedulcespinateras","9":"first","10":"instock","11":"taxable","12":"shipping-taxable","13":"purchasable","14":"product-type-simple"},"jetpack_sharing_enabled":true,"_links":{"self":[{"href":"https:\/\/tiendaenlinea.productoselzorro.com\/en\/wp-json\/wp\/v2\/product\/10718","targetHints":{"allow":["GET"]}}],"collection":[{"href":"https:\/\/tiendaenlinea.productoselzorro.com\/en\/wp-json\/wp\/v2\/product"}],"about":[{"href":"https:\/\/tiendaenlinea.productoselzorro.com\/en\/wp-json\/wp\/v2\/types\/product"}],"replies":[{"embeddable":true,"href":"https:\/\/tiendaenlinea.productoselzorro.com\/en\/wp-json\/wp\/v2\/comments?post=10718"}],"version-history":[{"count":0,"href":"https:\/\/tiendaenlinea.productoselzorro.com\/en\/wp-json\/wp\/v2\/product\/10718\/revisions"}],"wp:featuredmedia":[{"embeddable":true,"href":"https:\/\/tiendaenlinea.productoselzorro.com\/en\/wp-json\/wp\/v2\/media\/10719"}],"wp:attachment":[{"href":"https:\/\/tiendaenlinea.productoselzorro.com\/en\/wp-json\/wp\/v2\/media?parent=10718"}],"wp:term":[{"taxonomy":"product_brand","embeddable":true,"href":"https:\/\/tiendaenlinea.productoselzorro.com\/en\/wp-json\/wp\/v2\/product_brand?post=10718"},{"taxonomy":"product_cat","embeddable":true,"href":"https:\/\/tiendaenlinea.productoselzorro.com\/en\/wp-json\/wp\/v2\/product_cat?post=10718"},{"taxonomy":"product_tag","embeddable":true,"href":"https:\/\/tiendaenlinea.productoselzorro.com\/en\/wp-json\/wp\/v2\/product_tag?post=10718"}],"curies":[{"name":"wp","href":"https:\/\/api.w.org\/{rel}","templated":true}]}}