{"id":10675,"date":"2025-10-08T18:54:54","date_gmt":"2025-10-08T18:54:54","guid":{"rendered":"https:\/\/tiendaenlinea.productoselzorro.com\/?post_type=product&#038;p=10675"},"modified":"2025-12-10T12:35:40","modified_gmt":"2025-12-10T18:35:40","slug":"chiclosos-c50-pzas","status":"publish","type":"product","link":"https:\/\/tiendaenlinea.productoselzorro.com\/en\/product\/chiclosos-c50-pzas\/","title":{"rendered":"Chiclosos C50 PZAS"},"content":{"rendered":"<p>D\u00e9jate seducir por la aut\u00e9ntica dulzura de los Caramelos Suaves La Vaquita Chiclosos Cajeta Canel\u00b4s, un deleite que envuelve tus sentidos con el sabor tradicional de la cajeta, un ingrediente que evoca la calidez y el sabor casero de M\u00e9xico. Con un peso de 400g, esta tentaci\u00f3n est\u00e1 dise\u00f1ada para satisfacer a los m\u00e1s exigentes amantes de los dulces, ofreciendo una experiencia \u00fanica en cada bocado.<\/p>\n<p>La marca Canel&#8217;s, reconocida por su calidad y tradici\u00f3n, nos trae esta l\u00ednea La Vaquita, que combina la suavidad de los caramelos con el sabor intenso y cremoso de la cajeta. Cada caramelo es una peque\u00f1a obra de arte, elaborada con dedicaci\u00f3n para asegurar la consistencia perfecta y un sabor que te transporta a los recuerdos m\u00e1s dulces.<\/p>\n<p>Para aquellos que buscan opciones conscientes, estos caramelos son libres de gluten, permitiendo que incluso aquellos con sensibilidad al gluten puedan disfrutar sin preocupaciones. Sin embargo, es importante tener en cuenta que contienen lactosa, por lo que son ideales para quienes desean indulgir en el sabor completo de la leche.<\/p>\n<p>La presentaci\u00f3n de Canels Cajeta Sin Tacc de 400g es perfecta para compartir en reuniones, como un detalle dulce en eventos especiales o simplemente para tener a mano cuando se antoje un capricho dulce. Cada caramelo es una invitaci\u00f3n a pausar el d\u00eda y disfrutar de un momento de puro placer.<\/p>","protected":false},"excerpt":{"rendered":"<p>Contiene 400G.<\/p>\n<p>Con peque\u00f1as formas cuadradas y textura pegajosa.<br \/>\nTienen un sabor dulce y pueden ser usados en pi\u00f1atas, bolsas de golosinas o postres<\/p>","protected":false},"featured_media":10676,"comment_status":"open","ping_status":"closed","template":"","meta":[],"product_brand":[417],"product_cat":[374],"product_tag":[415,416,380,361],"class_list":{"0":"post-10675","1":"product","2":"type-product","3":"status-publish","4":"has-post-thumbnail","6":"product_brand-la-vaquita","7":"product_cat-caramelos","8":"product_tag-caramelos","9":"product_tag-clasico","10":"product_tag-dulces","11":"product_tag-fiesta","13":"first","14":"instock","15":"taxable","16":"shipping-taxable","17":"purchasable","18":"product-type-simple"},"jetpack_sharing_enabled":true,"_links":{"self":[{"href":"https:\/\/tiendaenlinea.productoselzorro.com\/en\/wp-json\/wp\/v2\/product\/10675","targetHints":{"allow":["GET"]}}],"collection":[{"href":"https:\/\/tiendaenlinea.productoselzorro.com\/en\/wp-json\/wp\/v2\/product"}],"about":[{"href":"https:\/\/tiendaenlinea.productoselzorro.com\/en\/wp-json\/wp\/v2\/types\/product"}],"replies":[{"embeddable":true,"href":"https:\/\/tiendaenlinea.productoselzorro.com\/en\/wp-json\/wp\/v2\/comments?post=10675"}],"version-history":[{"count":0,"href":"https:\/\/tiendaenlinea.productoselzorro.com\/en\/wp-json\/wp\/v2\/product\/10675\/revisions"}],"wp:featuredmedia":[{"embeddable":true,"href":"https:\/\/tiendaenlinea.productoselzorro.com\/en\/wp-json\/wp\/v2\/media\/10676"}],"wp:attachment":[{"href":"https:\/\/tiendaenlinea.productoselzorro.com\/en\/wp-json\/wp\/v2\/media?parent=10675"}],"wp:term":[{"taxonomy":"product_brand","embeddable":true,"href":"https:\/\/tiendaenlinea.productoselzorro.com\/en\/wp-json\/wp\/v2\/product_brand?post=10675"},{"taxonomy":"product_cat","embeddable":true,"href":"https:\/\/tiendaenlinea.productoselzorro.com\/en\/wp-json\/wp\/v2\/product_cat?post=10675"},{"taxonomy":"product_tag","embeddable":true,"href":"https:\/\/tiendaenlinea.productoselzorro.com\/en\/wp-json\/wp\/v2\/product_tag?post=10675"}],"curies":[{"name":"wp","href":"https:\/\/api.w.org\/{rel}","templated":true}]}}