{"id":10614,"date":"2025-10-07T22:28:08","date_gmt":"2025-10-07T22:28:08","guid":{"rendered":"https:\/\/tiendaenlinea.productoselzorro.com\/?post_type=product&#038;p=10614"},"modified":"2025-12-10T12:20:13","modified_gmt":"2025-12-10T18:20:13","slug":"bianchi-grande-c45-pzas","status":"publish","type":"product","link":"https:\/\/tiendaenlinea.productoselzorro.com\/en\/product\/bianchi-grande-c45-pzas\/","title":{"rendered":"Bianchi Grande C45 PZAS"},"content":{"rendered":"<p>Los Bombones Malvavicos Bianchi Grandes son una deliciosa opci\u00f3n para disfrutar en cualquier momento. Producidos por la reconocida marca De la Rosa, estos malvaviscos de gran tama\u00f1o son una aut\u00e9ntica delicia para el paladar.<\/p>\n<p>Su exquisito sabor a fresa y vainilla te sorprender\u00e1 y te har\u00e1 querer m\u00e1s. Son ideales para compartir en reuniones familiares, incorporar en creativas recetas de reposter\u00eda o incluso tostar al fuego en una noche de camping. Aunque no son libres de gluten, lactosa o az\u00facar, su sabor compensa con creces. Cada envase contiene 45 unidades, por lo que tendr\u00e1s suficiente para compartir o disfrutar solo. Cada bomb\u00f3n pesa 4 gramos, el tama\u00f1o perfecto para un bocado dulce.<\/p>\n<p>La l\u00ednea Bianchi de De la Rosa es conocida por su calidad y estos malvaviscos no son la excepci\u00f3n. El Bomb\u00f3n Malvavico Bianchi Grande es un producto que no puede faltar en tu alacena. Su sabor y textura \u00fanicos te har\u00e1n disfrutar de un momento dulce y placentero.<\/p>","protected":false},"excerpt":{"rendered":"<p>Sabores combinados de fresa y vainilla.<br \/>\n45 unidades por envase.<br \/>\nCada unidad pesa 4 g.<br \/>\nApto para cel\u00edacos.<br \/>\nNo contiene lactosa.<\/p>","protected":false},"featured_media":10615,"comment_status":"open","ping_status":"closed","template":"","meta":[],"product_brand":[384],"product_cat":[373],"product_tag":[403,387,361],"class_list":{"0":"post-10614","1":"product","2":"type-product","3":"status-publish","4":"has-post-thumbnail","6":"product_brand-de-la-rosa","7":"product_cat-bombones","8":"product_tag-bombom","9":"product_tag-de-la-rosa","10":"product_tag-fiesta","12":"first","13":"instock","14":"taxable","15":"shipping-taxable","16":"purchasable","17":"product-type-simple"},"jetpack_sharing_enabled":true,"_links":{"self":[{"href":"https:\/\/tiendaenlinea.productoselzorro.com\/en\/wp-json\/wp\/v2\/product\/10614","targetHints":{"allow":["GET"]}}],"collection":[{"href":"https:\/\/tiendaenlinea.productoselzorro.com\/en\/wp-json\/wp\/v2\/product"}],"about":[{"href":"https:\/\/tiendaenlinea.productoselzorro.com\/en\/wp-json\/wp\/v2\/types\/product"}],"replies":[{"embeddable":true,"href":"https:\/\/tiendaenlinea.productoselzorro.com\/en\/wp-json\/wp\/v2\/comments?post=10614"}],"version-history":[{"count":0,"href":"https:\/\/tiendaenlinea.productoselzorro.com\/en\/wp-json\/wp\/v2\/product\/10614\/revisions"}],"wp:featuredmedia":[{"embeddable":true,"href":"https:\/\/tiendaenlinea.productoselzorro.com\/en\/wp-json\/wp\/v2\/media\/10615"}],"wp:attachment":[{"href":"https:\/\/tiendaenlinea.productoselzorro.com\/en\/wp-json\/wp\/v2\/media?parent=10614"}],"wp:term":[{"taxonomy":"product_brand","embeddable":true,"href":"https:\/\/tiendaenlinea.productoselzorro.com\/en\/wp-json\/wp\/v2\/product_brand?post=10614"},{"taxonomy":"product_cat","embeddable":true,"href":"https:\/\/tiendaenlinea.productoselzorro.com\/en\/wp-json\/wp\/v2\/product_cat?post=10614"},{"taxonomy":"product_tag","embeddable":true,"href":"https:\/\/tiendaenlinea.productoselzorro.com\/en\/wp-json\/wp\/v2\/product_tag?post=10614"}],"curies":[{"name":"wp","href":"https:\/\/api.w.org\/{rel}","templated":true}]}}