{"id":10607,"date":"2025-10-07T22:09:50","date_gmt":"2025-10-07T22:09:50","guid":{"rendered":"https:\/\/tiendaenlinea.productoselzorro.com\/?post_type=product&#038;p=10607"},"modified":"2026-01-14T13:15:55","modified_gmt":"2026-01-14T19:15:55","slug":"bocadin-c50-pzas-2","status":"publish","type":"product","link":"https:\/\/tiendaenlinea.productoselzorro.com\/en\/product\/bocadin-c50-pzas-2\/","title":{"rendered":"Bocadin C50 PZAS"},"content":{"rendered":"<div class=\"mb3\">\n<div class=\"dangerous-html mb3\">\n<p>Contiene 50 Piezas<\/p>\n<p>Bocadin es una deliciosa galleta con un irresistible relleno de chocolate y cacahuate. Este paquete incluye 50 piezas, perfectas para compartir en reuniones, fiestas o simplemente disfrutar en cualquier momento del d\u00eda. Su sabor \u00fanico y textura crujiente hacen de Bocadin la opci\u00f3n ideal para satisfacer tus antojos de algo dulce y delicioso. Su pr\u00e1ctico empaque individual permite llevarlas contigo a donde quieras y disfrutarlas cuando m\u00e1s te apetezca.<\/p>\n<\/div>\n<\/div>","protected":false},"excerpt":{"rendered":"<div class=\"mb3\">\n<div class=\"dangerous-html mb3\">\n<ul>\n<li class=\"ui-vpp-highlighted-specs__features-list-item ui-pdp-color--BLACK ui-pdp-size--XSMALL ui-pdp-family--REGULAR\">Peso de la unidad: 10 g.<br \/>\nUnidades por pack: 50.<br \/>\nPeso neto: 525 g.<br \/>\nSabor: Chocolate.<br \/>\nGalletas con delicioso relleno de chocolate y cacahuate.<br \/>\n50 piezas individuales ideales para compartir.<br \/>\nTextura crujiente que satisface antojos.<\/li>\n<\/ul>\n<\/div>\n<\/div>","protected":false},"featured_media":10608,"comment_status":"closed","ping_status":"closed","template":"","meta":[],"product_brand":[401],"product_cat":[371],"product_tag":[402,383,380],"class_list":{"0":"post-10607","1":"product","2":"type-product","3":"status-publish","4":"has-post-thumbnail","6":"product_brand-bimbo","7":"product_cat-chocolates","8":"product_tag-bocadin","9":"product_tag-chocolates","10":"product_tag-dulces","12":"first","13":"instock","14":"taxable","15":"shipping-taxable","16":"purchasable","17":"product-type-simple"},"jetpack_sharing_enabled":true,"_links":{"self":[{"href":"https:\/\/tiendaenlinea.productoselzorro.com\/en\/wp-json\/wp\/v2\/product\/10607","targetHints":{"allow":["GET"]}}],"collection":[{"href":"https:\/\/tiendaenlinea.productoselzorro.com\/en\/wp-json\/wp\/v2\/product"}],"about":[{"href":"https:\/\/tiendaenlinea.productoselzorro.com\/en\/wp-json\/wp\/v2\/types\/product"}],"replies":[{"embeddable":true,"href":"https:\/\/tiendaenlinea.productoselzorro.com\/en\/wp-json\/wp\/v2\/comments?post=10607"}],"version-history":[{"count":1,"href":"https:\/\/tiendaenlinea.productoselzorro.com\/en\/wp-json\/wp\/v2\/product\/10607\/revisions"}],"predecessor-version":[{"id":15196,"href":"https:\/\/tiendaenlinea.productoselzorro.com\/en\/wp-json\/wp\/v2\/product\/10607\/revisions\/15196"}],"wp:featuredmedia":[{"embeddable":true,"href":"https:\/\/tiendaenlinea.productoselzorro.com\/en\/wp-json\/wp\/v2\/media\/10608"}],"wp:attachment":[{"href":"https:\/\/tiendaenlinea.productoselzorro.com\/en\/wp-json\/wp\/v2\/media?parent=10607"}],"wp:term":[{"taxonomy":"product_brand","embeddable":true,"href":"https:\/\/tiendaenlinea.productoselzorro.com\/en\/wp-json\/wp\/v2\/product_brand?post=10607"},{"taxonomy":"product_cat","embeddable":true,"href":"https:\/\/tiendaenlinea.productoselzorro.com\/en\/wp-json\/wp\/v2\/product_cat?post=10607"},{"taxonomy":"product_tag","embeddable":true,"href":"https:\/\/tiendaenlinea.productoselzorro.com\/en\/wp-json\/wp\/v2\/product_tag?post=10607"}],"curies":[{"name":"wp","href":"https:\/\/api.w.org\/{rel}","templated":true}]}}