{"id":10587,"date":"2025-10-07T19:47:25","date_gmt":"2025-10-07T19:47:25","guid":{"rendered":"https:\/\/tiendaenlinea.productoselzorro.com\/?post_type=product&#038;p=10587"},"modified":"2025-12-10T12:25:35","modified_gmt":"2025-12-10T18:25:35","slug":"aciduladitos-c100-pzas","status":"publish","type":"product","link":"https:\/\/tiendaenlinea.productoselzorro.com\/en\/product\/aciduladitos-c100-pzas\/","title":{"rendered":"Aciduladitos C100 PZAS"},"content":{"rendered":"<p>Caramelo Suave Aciduladito con Chile 100 Piezas De La Rosa<\/p>\n<p>Estos caramelos suaves son ideales para compartir en reuniones o celebraciones, gracias a su amplia variedad de sabores: cereza, fresa, pi\u00f1a, naranja, uva y lim\u00f3n.<\/p>\n<p>Ingredientes:<br \/>\nAz\u00facares A\u00f1adidos (Az\u00facar y Glucosa), Grasa de Coco Parcialmente Hidrogenada, \u00c1cido C\u00edtrico, Chile Guajillo, Sal Yodatada, Glicerina, Grenetina, Saborizantes Artificiales, Lecitina de Soya, Colorantes (Rojo Allura AC, Azul Brillante FCF, Tartrazina, Amarillo Ocaso FCF y Carm\u00edn\/Extracto de Cochinilla un aditivo de color) y BHT. CONTIENE: SOYA (LECITINA DE SOYA). PUEDE CONTENER: CACAHUATE Y LECHE.<\/p>","protected":false},"excerpt":{"rendered":"<p>Es libre de gluten: No.<br \/>\nPeso de la unidad: 500 g.<br \/>\nUnidades por envase: 100.<br \/>\nUnidades por pack: 1.<br \/>\nSabor: Chile.<br \/>\nIngrediente destacado: chile.<\/p>","protected":false},"featured_media":10588,"comment_status":"open","ping_status":"closed","template":"","meta":[],"product_brand":[384],"product_cat":[375],"product_tag":[387,391,386],"class_list":{"0":"post-10587","1":"product","2":"type-product","3":"status-publish","4":"has-post-thumbnail","6":"product_brand-de-la-rosa","7":"product_cat-picositos","8":"product_tag-de-la-rosa","9":"product_tag-dulce-de-tamarindo","10":"product_tag-picositos","12":"first","13":"instock","14":"taxable","15":"shipping-taxable","16":"purchasable","17":"product-type-simple"},"jetpack_sharing_enabled":true,"_links":{"self":[{"href":"https:\/\/tiendaenlinea.productoselzorro.com\/en\/wp-json\/wp\/v2\/product\/10587","targetHints":{"allow":["GET"]}}],"collection":[{"href":"https:\/\/tiendaenlinea.productoselzorro.com\/en\/wp-json\/wp\/v2\/product"}],"about":[{"href":"https:\/\/tiendaenlinea.productoselzorro.com\/en\/wp-json\/wp\/v2\/types\/product"}],"replies":[{"embeddable":true,"href":"https:\/\/tiendaenlinea.productoselzorro.com\/en\/wp-json\/wp\/v2\/comments?post=10587"}],"version-history":[{"count":0,"href":"https:\/\/tiendaenlinea.productoselzorro.com\/en\/wp-json\/wp\/v2\/product\/10587\/revisions"}],"wp:featuredmedia":[{"embeddable":true,"href":"https:\/\/tiendaenlinea.productoselzorro.com\/en\/wp-json\/wp\/v2\/media\/10588"}],"wp:attachment":[{"href":"https:\/\/tiendaenlinea.productoselzorro.com\/en\/wp-json\/wp\/v2\/media?parent=10587"}],"wp:term":[{"taxonomy":"product_brand","embeddable":true,"href":"https:\/\/tiendaenlinea.productoselzorro.com\/en\/wp-json\/wp\/v2\/product_brand?post=10587"},{"taxonomy":"product_cat","embeddable":true,"href":"https:\/\/tiendaenlinea.productoselzorro.com\/en\/wp-json\/wp\/v2\/product_cat?post=10587"},{"taxonomy":"product_tag","embeddable":true,"href":"https:\/\/tiendaenlinea.productoselzorro.com\/en\/wp-json\/wp\/v2\/product_tag?post=10587"}],"curies":[{"name":"wp","href":"https:\/\/api.w.org\/{rel}","templated":true}]}}