{"id":10580,"date":"2025-10-07T19:18:08","date_gmt":"2025-10-07T19:18:08","guid":{"rendered":"https:\/\/tiendaenlinea.productoselzorro.com\/?post_type=product&#038;p=10580"},"modified":"2026-01-22T16:38:00","modified_gmt":"2026-01-22T22:38:00","slug":"pelon-pelo-rico-mini-c18-pzas","status":"publish","type":"product","link":"https:\/\/tiendaenlinea.productoselzorro.com\/en\/product\/pelon-pelo-rico-mini-c18-pzas\/","title":{"rendered":"Pelon Pelo Rico Mini C18 PZAS"},"content":{"rendered":"<p>El Dulce Enchilado Mini Pelon Pelo Rico 13g 18 Piezas forma parte de los dulces Pelon Pelo Rico, pero ahora en una pr\u00e1ctica presentaci\u00f3n para que puedas llevarlo a todas partes, ya que cabe a la perfecci\u00f3n en tu mochila, bolso, bolsillos, etc. Si buscas un dulce de tamarindo picosito esta es la opci\u00f3n indicada para ti ya que podr\u00e1s deleitar tu paladar y querr\u00e1s repetir todo el tiempo. Inventa diferentes formas de comer tu Dulce Enchilado Mini Pelon Pelo Rico y divi\u00e9rtete con tus amigos, ya que con este pack de 18 piezas podr\u00e1s compartir con quien t\u00fa quieras.<\/p>\n<p>\u2022Dulce Enchilado Mini Pelon Pelo Rico 13g 18 Piezas tiene un picosito sabor tamarindo.<\/p>\n<p>\u2022Tama\u00f1o mini para poder llevar a todas partes, el mejor dulce mexicano.<\/p>\n<p>\u2022Ideal para compartir.<\/p>\n<p>\u2022Le encantar\u00e1 a chicos y grandes.<\/p>\n<p>\u2022 Alto: 3.8cm \u2022 Ancho: 19.2cm \u2022 Largo: 21cm<\/p>","protected":false},"excerpt":{"rendered":"<p>Es libre de gluten: No.<br \/>\nPeso de la unidad: 13 g.<br \/>\nUnidades por envase: 18.<br \/>\nUnidades por pack: 1.<br \/>\nSabor: Tamarindo.<br \/>\nIngrediente destacado: tamarindo.<\/p>","protected":false},"featured_media":10581,"comment_status":"closed","ping_status":"closed","template":"","meta":[],"product_brand":[388],"product_cat":[375],"product_tag":[387,386],"class_list":{"0":"post-10580","1":"product","2":"type-product","3":"status-publish","4":"has-post-thumbnail","6":"product_brand-dulces-karla","7":"product_cat-picositos","8":"product_tag-de-la-rosa","9":"product_tag-picositos","11":"first","12":"instock","13":"taxable","14":"shipping-taxable","15":"purchasable","16":"product-type-simple"},"jetpack_sharing_enabled":true,"_links":{"self":[{"href":"https:\/\/tiendaenlinea.productoselzorro.com\/en\/wp-json\/wp\/v2\/product\/10580","targetHints":{"allow":["GET"]}}],"collection":[{"href":"https:\/\/tiendaenlinea.productoselzorro.com\/en\/wp-json\/wp\/v2\/product"}],"about":[{"href":"https:\/\/tiendaenlinea.productoselzorro.com\/en\/wp-json\/wp\/v2\/types\/product"}],"replies":[{"embeddable":true,"href":"https:\/\/tiendaenlinea.productoselzorro.com\/en\/wp-json\/wp\/v2\/comments?post=10580"}],"version-history":[{"count":0,"href":"https:\/\/tiendaenlinea.productoselzorro.com\/en\/wp-json\/wp\/v2\/product\/10580\/revisions"}],"wp:featuredmedia":[{"embeddable":true,"href":"https:\/\/tiendaenlinea.productoselzorro.com\/en\/wp-json\/wp\/v2\/media\/10581"}],"wp:attachment":[{"href":"https:\/\/tiendaenlinea.productoselzorro.com\/en\/wp-json\/wp\/v2\/media?parent=10580"}],"wp:term":[{"taxonomy":"product_brand","embeddable":true,"href":"https:\/\/tiendaenlinea.productoselzorro.com\/en\/wp-json\/wp\/v2\/product_brand?post=10580"},{"taxonomy":"product_cat","embeddable":true,"href":"https:\/\/tiendaenlinea.productoselzorro.com\/en\/wp-json\/wp\/v2\/product_cat?post=10580"},{"taxonomy":"product_tag","embeddable":true,"href":"https:\/\/tiendaenlinea.productoselzorro.com\/en\/wp-json\/wp\/v2\/product_tag?post=10580"}],"curies":[{"name":"wp","href":"https:\/\/api.w.org\/{rel}","templated":true}]}}