{"id":10577,"date":"2025-10-07T19:15:21","date_gmt":"2025-10-07T19:15:21","guid":{"rendered":"https:\/\/tiendaenlinea.productoselzorro.com\/?post_type=product&#038;p=10577"},"modified":"2025-12-26T16:08:09","modified_gmt":"2025-12-26T22:08:09","slug":"dulce-tamarindo-karla-vasito","status":"publish","type":"product","link":"https:\/\/tiendaenlinea.productoselzorro.com\/en\/product\/dulce-tamarindo-karla-vasito\/","title":{"rendered":"Dulce Tamarindo Karla Vasito Mini 24 PZAS"},"content":{"rendered":"<p>Sum\u00e9rgete en el ex\u00f3tico sabor de los Vasitos Karla, una deliciosa combinaci\u00f3n de tamarindo y guayaba que te transportar\u00e1 directamente a los dulces recuerdos de la infancia. Cada uno de los 24 vasitos est\u00e1 repleto de un sabor intenso y una textura perfecta que solo Karla puede ofrecer. Ideal para los amantes de los sabores tradicionales con un toque de innovaci\u00f3n.<\/p>\n<p>La marca Karla es sin\u00f3nimo de calidad y tradici\u00f3n, y con estos vasitos de tamarindo y guayaba, se mantiene fiel a su promesa de entregar productos excepcionales. Disfruta de un snack que no solo es delicioso, sino tambi\u00e9n elaborado con ingredientes destacados, donde el tamarindo es el protagonista. Cada bocado es una experiencia \u00fanica que despierta los sentidos y satisface las ganas de algo dulce y ligeramente \u00e1cido.<\/p>\n<p>Estos vasitos son ideales para compartir en reuniones, como un detalle dulce despu\u00e9s de las comidas o simplemente para darte un gusto en cualquier momento del d\u00eda. Adem\u00e1s, su presentaci\u00f3n los hace pr\u00e1cticos para llevar contigo y disfrutar donde sea que est\u00e9s. Con Karla, tienes la certeza de que cada vasito conserva el sabor aut\u00e9ntico y la calidad que buscas en un dulce.<\/p>\n<p>No esperes m\u00e1s para deleitarte con el sabor \u00fanico de Vasito Karla Sabor Tamarindo y Guayaba Dulce. A\u00f1ade un toque de alegr\u00eda a tus d\u00edas con esta delicia que promete ser el favorito de grandes y chicos. Haz que cada momento sea especial y lleno de sabor con Karla.<\/p>","protected":false},"excerpt":{"rendered":"<p>Ingrediente destacado: Tamarindo.<br \/>\nUnidades por envase: 24.<br \/>\nUnidades por pack: 1.<br \/>\nDulce elaborado sin lactosa, ideal para intolerantes.<br \/>\nPresentaci\u00f3n de 24 vasitos para compartir f\u00e1cilmente.<br \/>\nConservar su frescura y sabor hasta la fecha de caducidad.<br \/>\nTemporada de sabores aut\u00e9nticos que despiertan los sentidos.<br \/>\nSabor equilibrado entre el dulce de guayaba y la acidez de tamarindo.<\/p>","protected":false},"featured_media":10578,"comment_status":"open","ping_status":"closed","template":"","meta":[],"product_brand":[388],"product_cat":[375],"product_tag":[387,386],"class_list":{"0":"post-10577","1":"product","2":"type-product","3":"status-publish","4":"has-post-thumbnail","6":"product_brand-dulces-karla","7":"product_cat-picositos","8":"product_tag-de-la-rosa","9":"product_tag-picositos","11":"first","12":"instock","13":"taxable","14":"shipping-taxable","15":"purchasable","16":"product-type-simple"},"jetpack_sharing_enabled":true,"_links":{"self":[{"href":"https:\/\/tiendaenlinea.productoselzorro.com\/en\/wp-json\/wp\/v2\/product\/10577","targetHints":{"allow":["GET"]}}],"collection":[{"href":"https:\/\/tiendaenlinea.productoselzorro.com\/en\/wp-json\/wp\/v2\/product"}],"about":[{"href":"https:\/\/tiendaenlinea.productoselzorro.com\/en\/wp-json\/wp\/v2\/types\/product"}],"replies":[{"embeddable":true,"href":"https:\/\/tiendaenlinea.productoselzorro.com\/en\/wp-json\/wp\/v2\/comments?post=10577"}],"version-history":[{"count":0,"href":"https:\/\/tiendaenlinea.productoselzorro.com\/en\/wp-json\/wp\/v2\/product\/10577\/revisions"}],"wp:featuredmedia":[{"embeddable":true,"href":"https:\/\/tiendaenlinea.productoselzorro.com\/en\/wp-json\/wp\/v2\/media\/10578"}],"wp:attachment":[{"href":"https:\/\/tiendaenlinea.productoselzorro.com\/en\/wp-json\/wp\/v2\/media?parent=10577"}],"wp:term":[{"taxonomy":"product_brand","embeddable":true,"href":"https:\/\/tiendaenlinea.productoselzorro.com\/en\/wp-json\/wp\/v2\/product_brand?post=10577"},{"taxonomy":"product_cat","embeddable":true,"href":"https:\/\/tiendaenlinea.productoselzorro.com\/en\/wp-json\/wp\/v2\/product_cat?post=10577"},{"taxonomy":"product_tag","embeddable":true,"href":"https:\/\/tiendaenlinea.productoselzorro.com\/en\/wp-json\/wp\/v2\/product_tag?post=10577"}],"curies":[{"name":"wp","href":"https:\/\/api.w.org\/{rel}","templated":true}]}}