{"id":10568,"date":"2025-10-07T18:50:25","date_gmt":"2025-10-07T18:50:25","guid":{"rendered":"https:\/\/tiendaenlinea.productoselzorro.com\/?post_type=product&#038;p=10568"},"modified":"2025-12-09T16:51:21","modified_gmt":"2025-12-09T22:51:21","slug":"ranita-croac-c12-pzas","status":"publish","type":"product","link":"https:\/\/tiendaenlinea.productoselzorro.com\/en\/product\/ranita-croac-c12-pzas\/","title":{"rendered":"Ranita Croac C12 PZAS"},"content":{"rendered":"<div class=\"mb3\">\n<div class=\"dangerous-html mb3\">\n<p>Contiene 12 Piezas<\/p>\n<p>La Ranita Croa es un delicioso chocolate de la reconocida marca De la Rosa. Este producto, que lleva el nombre de &#8220;Cr\u00eda&#8221;, es una deliciosa combinaci\u00f3n de chocolate y cereal inflado, que le da un toque crujiente a cada mordida. Cada ranita de chocolate tiene un peso de 16 gramos, lo que la hace perfecta para un peque\u00f1o antojo o para compartir. Este paquete incluye 12 piezas, por lo que tendr\u00e1s suficiente para disfrutar en cualquier momento del d\u00eda. Adem\u00e1s, la Ranita Croa viene en un formato de ranita, lo que la hace a\u00fan m\u00e1s divertida y atractiva, especialmente para los m\u00e1s peque\u00f1os. Pero eso no es todo, este chocolate es libre de gluten, por lo que es apto para personas con intolerancia a esta prote\u00edna. El producto viene en una caja, lo que facilita su almacenamiento y conservaci\u00f3n. Adem\u00e1s, no tiene ning\u00fan agregado, lo que significa que disfrutar\u00e1s del aut\u00e9ntico sabor del chocolate. Con la Ranita Croa de Chocolate De la Rosa, cada mordida ser\u00e1 una experiencia \u00fanica.<\/p>\n<\/div>\n<\/div>","protected":false},"excerpt":{"rendered":"<div class=\"mb3\">\n<div class=\"dangerous-html mb3\">\n<ul>\n<li class=\"ui-vpp-highlighted-specs__features-list-item ui-pdp-color--BLACK ui-pdp-size--XSMALL ui-pdp-family--REGULAR\">Peso de la unidad: 192 g.<br \/>\nTipo de envase: Caja.<br \/>\nUnidades por envase: 12.<br \/>\nUnidades por pack: 1.<br \/>\nAgregado: Cereal Inflado.<br \/>\nSabor: Chocolate.<br \/>\nChocolate con arroz inflado que aporta una textura crujiente y agradable.<br \/>\nCada pieza incluye 16g de exquisito chocolate.<br \/>\nContiene 6,7 g de prote\u00ednas por porci\u00f3n.<\/li>\n<\/ul>\n<\/div>\n<\/div>","protected":false},"featured_media":10569,"comment_status":"open","ping_status":"closed","template":"","meta":[],"product_brand":[384],"product_cat":[371],"product_tag":[383,380],"class_list":{"0":"post-10568","1":"product","2":"type-product","3":"status-publish","4":"has-post-thumbnail","6":"product_brand-de-la-rosa","7":"product_cat-chocolates","8":"product_tag-chocolates","9":"product_tag-dulces","11":"first","12":"instock","13":"taxable","14":"shipping-taxable","15":"purchasable","16":"product-type-simple"},"jetpack_sharing_enabled":true,"_links":{"self":[{"href":"https:\/\/tiendaenlinea.productoselzorro.com\/en\/wp-json\/wp\/v2\/product\/10568","targetHints":{"allow":["GET"]}}],"collection":[{"href":"https:\/\/tiendaenlinea.productoselzorro.com\/en\/wp-json\/wp\/v2\/product"}],"about":[{"href":"https:\/\/tiendaenlinea.productoselzorro.com\/en\/wp-json\/wp\/v2\/types\/product"}],"replies":[{"embeddable":true,"href":"https:\/\/tiendaenlinea.productoselzorro.com\/en\/wp-json\/wp\/v2\/comments?post=10568"}],"version-history":[{"count":0,"href":"https:\/\/tiendaenlinea.productoselzorro.com\/en\/wp-json\/wp\/v2\/product\/10568\/revisions"}],"wp:featuredmedia":[{"embeddable":true,"href":"https:\/\/tiendaenlinea.productoselzorro.com\/en\/wp-json\/wp\/v2\/media\/10569"}],"wp:attachment":[{"href":"https:\/\/tiendaenlinea.productoselzorro.com\/en\/wp-json\/wp\/v2\/media?parent=10568"}],"wp:term":[{"taxonomy":"product_brand","embeddable":true,"href":"https:\/\/tiendaenlinea.productoselzorro.com\/en\/wp-json\/wp\/v2\/product_brand?post=10568"},{"taxonomy":"product_cat","embeddable":true,"href":"https:\/\/tiendaenlinea.productoselzorro.com\/en\/wp-json\/wp\/v2\/product_cat?post=10568"},{"taxonomy":"product_tag","embeddable":true,"href":"https:\/\/tiendaenlinea.productoselzorro.com\/en\/wp-json\/wp\/v2\/product_tag?post=10568"}],"curies":[{"name":"wp","href":"https:\/\/api.w.org\/{rel}","templated":true}]}}