{"id":10555,"date":"2025-10-07T17:54:54","date_gmt":"2025-10-07T17:54:54","guid":{"rendered":"https:\/\/tiendaenlinea.productoselzorro.com\/?post_type=product&#038;p=10555"},"modified":"2025-12-09T16:51:56","modified_gmt":"2025-12-09T22:51:56","slug":"bocadin-c50-pzas","status":"publish","type":"product","link":"https:\/\/tiendaenlinea.productoselzorro.com\/en\/product\/bocadin-c50-pzas\/","title":{"rendered":"Chocoretas  C25 PZAS"},"content":{"rendered":"<div class=\"mb3\">\n<div class=\"dangerous-html mb3\">\n<p>Mini Chocoretas Ricolino bolsa con 25 piezas.<\/p>\n<p>Disfruta del sabor \u00fanico de Mini Chocoretas Ricolino en una pr\u00e1ctica bolsa con 25 irresistibles piezas. Estas deliciosas chocoretas est\u00e1n rellenas de un exquisito chocolate con leche y cubiertas con una crujiente capa de confites de colores. Perfectas para satisfacer tus antojos de dulce en cualquier momento del d\u00eda. Ya sea para disfrutarlas t\u00fa solo o compartir con amigos y familiares, las Mini Chocoretas son la elecci\u00f3n perfecta para endulzar tus momentos especiales.<br \/>\nCaracter\u00edsticas del Producto:<\/p>\n<p>&#8211; Bolsa con 25 piezas de Mini Chocoretas Ricolino.<br \/>\n&#8211; Delicioso chocolate con leche en su interior.<br \/>\n&#8211; Cubiertas con crujientes confites de colores.<br \/>\n&#8211; Ideal para disfrutar en cualquier ocasi\u00f3n.<\/p>\n<\/div>\n<\/div>","protected":false},"excerpt":{"rendered":"<div class=\"mb3\">\n<div class=\"dangerous-html mb3\">\n<ul>\n<li class=\"ui-vpp-highlighted-specs__features-list-item ui-pdp-color--BLACK ui-pdp-size--XSMALL ui-pdp-family--REGULAR\">Peso de la unidad: 250 g.<br \/>\nTipo de envase: Bolsa.<br \/>\nUnidades por envase: 25.<br \/>\nUnidades por pack: 1.<br \/>\nAgregado: Menta.<br \/>\nSabor: Menta.<br \/>\nBolsa con 25 deliciosas piezas para compartir y disfrutar en cualquier momento.<br \/>\nRelleno de exquisito chocolate con leche.<br \/>\nCubiertas de crujientes confites de colores.<\/li>\n<\/ul>\n<\/div>\n<\/div>","protected":false},"featured_media":10559,"comment_status":"open","ping_status":"closed","template":"","meta":[],"product_brand":[381],"product_cat":[371],"product_tag":[383,380],"class_list":{"0":"post-10555","1":"product","2":"type-product","3":"status-publish","4":"has-post-thumbnail","6":"product_brand-ricolino","7":"product_cat-chocolates","8":"product_tag-chocolates","9":"product_tag-dulces","11":"first","12":"instock","13":"taxable","14":"shipping-taxable","15":"purchasable","16":"product-type-simple"},"jetpack_sharing_enabled":true,"_links":{"self":[{"href":"https:\/\/tiendaenlinea.productoselzorro.com\/en\/wp-json\/wp\/v2\/product\/10555","targetHints":{"allow":["GET"]}}],"collection":[{"href":"https:\/\/tiendaenlinea.productoselzorro.com\/en\/wp-json\/wp\/v2\/product"}],"about":[{"href":"https:\/\/tiendaenlinea.productoselzorro.com\/en\/wp-json\/wp\/v2\/types\/product"}],"replies":[{"embeddable":true,"href":"https:\/\/tiendaenlinea.productoselzorro.com\/en\/wp-json\/wp\/v2\/comments?post=10555"}],"version-history":[{"count":1,"href":"https:\/\/tiendaenlinea.productoselzorro.com\/en\/wp-json\/wp\/v2\/product\/10555\/revisions"}],"predecessor-version":[{"id":10558,"href":"https:\/\/tiendaenlinea.productoselzorro.com\/en\/wp-json\/wp\/v2\/product\/10555\/revisions\/10558"}],"wp:featuredmedia":[{"embeddable":true,"href":"https:\/\/tiendaenlinea.productoselzorro.com\/en\/wp-json\/wp\/v2\/media\/10559"}],"wp:attachment":[{"href":"https:\/\/tiendaenlinea.productoselzorro.com\/en\/wp-json\/wp\/v2\/media?parent=10555"}],"wp:term":[{"taxonomy":"product_brand","embeddable":true,"href":"https:\/\/tiendaenlinea.productoselzorro.com\/en\/wp-json\/wp\/v2\/product_brand?post=10555"},{"taxonomy":"product_cat","embeddable":true,"href":"https:\/\/tiendaenlinea.productoselzorro.com\/en\/wp-json\/wp\/v2\/product_cat?post=10555"},{"taxonomy":"product_tag","embeddable":true,"href":"https:\/\/tiendaenlinea.productoselzorro.com\/en\/wp-json\/wp\/v2\/product_tag?post=10555"}],"curies":[{"name":"wp","href":"https:\/\/api.w.org\/{rel}","templated":true}]}}